{"id":75336,"date":"2022-12-01T09:41:37","date_gmt":"2022-12-01T09:41:37","guid":{"rendered":"https:\/\/logistiikkakeskus.net\/kauppa\/tuote\/kuulonsuojaimen-hygieniasarja-zekler-hk3\/"},"modified":"2026-01-20T09:19:19","modified_gmt":"2026-01-20T07:19:19","slug":"kuulonsuojaimen-hygieniasarja-zekler-hk3","status":"publish","type":"product","link":"https:\/\/logistiikkakeskus.net\/kauppa\/tuote\/kuulonsuojaimen-hygieniasarja-zekler-hk3\/","title":{"rendered":"Kuulonsuojaimen hygieniasarja Zekler HK3"},"content":{"rendered":"<p>Zekler HK3 sis\u00e4lt\u00e4\u00e4: 2 kpl tiivisterengasta, 2 kpl vaimennuspehmustettaja 1 kpl p\u00e4\u00e4lakipehmuste.Sopii Zekler 412RD, 412RDH, 412R, 412RH, 412D ja 412DH kuulonsuojaimiin.hakusanat: kuulonsuojain, kuulonsuojaus, korvatulppa, kuulosuojainvaihtopehmuste<\/p>\n","protected":false},"excerpt":{"rendered":"<p>Zekler HK3 sis\u00e4lt\u00e4\u00e4: 2 kpl tiivisterengasta, 2 kpl vaimennuspehmustettaja 1 kpl p\u00e4\u00e4lakipehmuste.Sopii Zekler 412RD, 412RDH, 412R, 412RH, 412D ja 412DH kuulonsuojaimiin.hakusanat: kuulonsuojain, kuulonsuojaus, korvatulppa, kuulosuojainvaihtopehmuste<\/p>\n","protected":false},"featured_media":104057,"comment_status":"open","ping_status":"closed","template":"","meta":[],"product_brand":[],"product_cat":[3280],"product_tag":[],"class_list":{"0":"post-75336","1":"product","2":"type-product","3":"status-publish","4":"has-post-thumbnail","6":"product_cat-henkilonsuojaimet-ja-tyoturvallisuus-henkilonsuojaimet-kuulosuojaimet","8":"first","9":"instock","10":"shipping-taxable","11":"purchasable","12":"product-type-simple"},"_links":{"self":[{"href":"https:\/\/logistiikkakeskus.net\/kauppa\/wp-json\/wp\/v2\/product\/75336","targetHints":{"allow":["GET"]}}],"collection":[{"href":"https:\/\/logistiikkakeskus.net\/kauppa\/wp-json\/wp\/v2\/product"}],"about":[{"href":"https:\/\/logistiikkakeskus.net\/kauppa\/wp-json\/wp\/v2\/types\/product"}],"replies":[{"embeddable":true,"href":"https:\/\/logistiikkakeskus.net\/kauppa\/wp-json\/wp\/v2\/comments?post=75336"}],"wp:featuredmedia":[{"embeddable":true,"href":"https:\/\/logistiikkakeskus.net\/kauppa\/wp-json\/wp\/v2\/media\/104057"}],"wp:attachment":[{"href":"https:\/\/logistiikkakeskus.net\/kauppa\/wp-json\/wp\/v2\/media?parent=75336"}],"wp:term":[{"taxonomy":"product_brand","embeddable":true,"href":"https:\/\/logistiikkakeskus.net\/kauppa\/wp-json\/wp\/v2\/product_brand?post=75336"},{"taxonomy":"product_cat","embeddable":true,"href":"https:\/\/logistiikkakeskus.net\/kauppa\/wp-json\/wp\/v2\/product_cat?post=75336"},{"taxonomy":"product_tag","embeddable":true,"href":"https:\/\/logistiikkakeskus.net\/kauppa\/wp-json\/wp\/v2\/product_tag?post=75336"}],"curies":[{"name":"wp","href":"https:\/\/api.w.org\/{rel}","templated":true}]}}