{"id":75335,"date":"2022-12-01T09:41:36","date_gmt":"2022-12-01T09:41:36","guid":{"rendered":"https:\/\/logistiikkakeskus.net\/kauppa\/tuote\/radiokuulonsuojain-sanka-zekler-412r\/"},"modified":"2026-01-20T09:19:19","modified_gmt":"2026-01-20T07:19:19","slug":"radiokuulonsuojain-sanka-zekler-412r","status":"publish","type":"product","link":"https:\/\/logistiikkakeskus.net\/kauppa\/tuote\/radiokuulonsuojain-sanka-zekler-412r\/","title":{"rendered":"Radiokuulonsuojain sanka Zekler 412R"},"content":{"rendered":"<p>Mukava kuulonsuojain, jossa sis\u00e4\u00e4nrakennettu FM-stereoradio.Mahdollistaa radion kuuntelun muita h\u00e4iritsem\u00e4tt\u00e4. Suojain parantaaviihtyvyytt\u00e4 ja lis\u00e4\u00e4 siten sen k\u00e4ytt\u00f6halukkuutta. Vaimentaa hyvinkorkeat, matalat ja keskitaajuudet. Sanka haarukkatyyppisell\u00e4kiinnityksell\u00e4 ja leve\u00e4t tiivisterenkaat, jotka pit\u00e4v\u00e4t sangan paineentasaisena.<\/p>\n<ul>\n<li>Vaimennustaso: Level 2.\n<li>Hyv\u00e4ksynn\u00e4t: EN 352-1, 352-6, 352-8\n<li>Vaimennusarvot: H = 34, M = 27, L = 20\n<li>SNR = 30<\/ul>\n<p><i>Hakusanat: kuulonsuojain, kuulosuojaimet,kuulonsuojaimet,radiokuulosuojain<\/i><\/p>\n","protected":false},"excerpt":{"rendered":"<p>Mukava kuulonsuojain, jossa sis\u00e4\u00e4nrakennettu FM-stereoradio.Mahdollistaa radion kuuntelun muita h\u00e4iritsem\u00e4tt\u00e4. Suojain parantaaviihtyvyytt\u00e4 ja lis\u00e4\u00e4 siten sen k\u00e4ytt\u00f6halukkuutta. Vaimentaa hyvinkorkeat, matalat ja keskitaajuudet. Sanka haarukkatyyppisell\u00e4kiinnityksell\u00e4 ja leve\u00e4t tiivisterenkaat, jotka pit\u00e4v\u00e4t sangan paineentasaisena. Vaimennustaso: Level 2. Hyv\u00e4ksynn\u00e4t: EN 352-1, 352-6, 352-8 Vaimennusarvot: H = 34, M = 27, L = 20 SNR = 30 Hakusanat: kuulonsuojain, kuulosuojaimet,kuulonsuojaimet,radiokuulosuojain<\/p>\n","protected":false},"featured_media":104056,"comment_status":"open","ping_status":"closed","template":"","meta":[],"product_brand":[],"product_cat":[3280],"product_tag":[],"class_list":{"0":"post-75335","1":"product","2":"type-product","3":"status-publish","4":"has-post-thumbnail","6":"product_cat-henkilonsuojaimet-ja-tyoturvallisuus-henkilonsuojaimet-kuulosuojaimet","8":"first","9":"instock","10":"shipping-taxable","11":"purchasable","12":"product-type-simple"},"_links":{"self":[{"href":"https:\/\/logistiikkakeskus.net\/kauppa\/wp-json\/wp\/v2\/product\/75335","targetHints":{"allow":["GET"]}}],"collection":[{"href":"https:\/\/logistiikkakeskus.net\/kauppa\/wp-json\/wp\/v2\/product"}],"about":[{"href":"https:\/\/logistiikkakeskus.net\/kauppa\/wp-json\/wp\/v2\/types\/product"}],"replies":[{"embeddable":true,"href":"https:\/\/logistiikkakeskus.net\/kauppa\/wp-json\/wp\/v2\/comments?post=75335"}],"wp:featuredmedia":[{"embeddable":true,"href":"https:\/\/logistiikkakeskus.net\/kauppa\/wp-json\/wp\/v2\/media\/104056"}],"wp:attachment":[{"href":"https:\/\/logistiikkakeskus.net\/kauppa\/wp-json\/wp\/v2\/media?parent=75335"}],"wp:term":[{"taxonomy":"product_brand","embeddable":true,"href":"https:\/\/logistiikkakeskus.net\/kauppa\/wp-json\/wp\/v2\/product_brand?post=75335"},{"taxonomy":"product_cat","embeddable":true,"href":"https:\/\/logistiikkakeskus.net\/kauppa\/wp-json\/wp\/v2\/product_cat?post=75335"},{"taxonomy":"product_tag","embeddable":true,"href":"https:\/\/logistiikkakeskus.net\/kauppa\/wp-json\/wp\/v2\/product_tag?post=75335"}],"curies":[{"name":"wp","href":"https:\/\/api.w.org\/{rel}","templated":true}]}}