{"id":75332,"date":"2022-12-01T09:41:35","date_gmt":"2022-12-01T09:41:35","guid":{"rendered":"https:\/\/logistiikkakeskus.net\/kauppa\/tuote\/radiokuulonsuojain-zekler-412d-sangall\/"},"modified":"2026-01-20T09:19:19","modified_gmt":"2026-01-20T07:19:19","slug":"radiokuulonsuojain-zekler-412d-sangall","status":"publish","type":"product","link":"https:\/\/logistiikkakeskus.net\/kauppa\/tuote\/radiokuulonsuojain-zekler-412d-sangall\/","title":{"rendered":"Radiokuulonsuojain Zekler 412RD sangall"},"content":{"rendered":"<p>Radiokuulosuojain Zekler 412D sangallaMukava kuulonsuojain, jossa sis\u00e4\u00e4nrakennettu FM-stereoradio jaymp\u00e4rist\u00f6\u00e4\u00e4nien tasorajoitus. Kupujen etuosaan asennetut mikrofonittoistavat ymp\u00e4rist\u00f6\u00e4\u00e4net niin, ett\u00e4 k\u00e4ytt\u00e4j\u00e4 pystyy seuraamaantapahtumia ymp\u00e4rill\u00e4\u00e4n ja viestim\u00e4\u00e4n muiden kanssa. Mik\u00e4li \u00e4\u00e4nipainetasonousee haitallisen tason yl\u00e4puolelle, elektroninen j\u00e4rjestelm\u00e4 rajoittaasen v\u00e4litt\u00f6m\u00e4sti maksimitasolle 82 dB(A). Sopii erityisen hyvinymp\u00e4rist\u00f6ihin, joissa esiintyy impulssi\u00e4\u00e4ni\u00e4 tai vaihtelevia melutasoja.Toimintoyhdistelm\u00e4n (radionkuuntelun tai ymp\u00e4rist\u00f6\u00e4\u00e4nien kuuntelun) voivalita itse tilanteen mukaan. Vaimentaa hyvin korkeat, matalat jakeskitaajuudet. Sanka haarukkatyyppisell\u00e4 kiinnityksell\u00e4 ja leve\u00e4tk\u00e4ytt\u00f6mukavuutta lis\u00e4\u00e4v\u00e4t tiivisterenkaat, jotka pit\u00e4v\u00e4t sangan paineentasaisena.Vaimennustaso: Level 2.FM-stereoradio 88 &#8211; 108 MHz \u00e4\u00e4nitason rajoituksella (80dB(A)).Ymp\u00e4rist\u00f6\u00e4\u00e4nien tasorajoitus Level Dependent System.3,5 mm t<\/p>\n","protected":false},"excerpt":{"rendered":"<p>Radiokuulosuojain Zekler 412D sangallaMukava kuulonsuojain, jossa sis\u00e4\u00e4nrakennettu FM-stereoradio jaymp\u00e4rist\u00f6\u00e4\u00e4nien tasorajoitus. Kupujen etuosaan asennetut mikrofonittoistavat ymp\u00e4rist\u00f6\u00e4\u00e4net niin, ett\u00e4 k\u00e4ytt\u00e4j\u00e4 pystyy seuraamaantapahtumia ymp\u00e4rill\u00e4\u00e4n ja viestim\u00e4\u00e4n muiden kanssa. Mik\u00e4li \u00e4\u00e4nipainetasonousee haitallisen tason yl\u00e4puolelle, elektroninen j\u00e4rjestelm\u00e4 rajoittaasen v\u00e4litt\u00f6m\u00e4sti maksimitasolle 82 dB(A). Sopii erityisen hyvinymp\u00e4rist\u00f6ihin, joissa esiintyy impulssi\u00e4\u00e4ni\u00e4 tai vaihtelevia melutasoja.Toimintoyhdistelm\u00e4n (radionkuuntelun tai ymp\u00e4rist\u00f6\u00e4\u00e4nien kuuntelun) voivalita itse tilanteen mukaan. Vaimentaa [&hellip;]<\/p>\n","protected":false},"featured_media":104055,"comment_status":"open","ping_status":"closed","template":"","meta":[],"product_brand":[],"product_cat":[3280],"product_tag":[],"class_list":{"0":"post-75332","1":"product","2":"type-product","3":"status-publish","4":"has-post-thumbnail","6":"product_cat-henkilonsuojaimet-ja-tyoturvallisuus-henkilonsuojaimet-kuulosuojaimet","8":"first","9":"instock","10":"shipping-taxable","11":"purchasable","12":"product-type-simple"},"_links":{"self":[{"href":"https:\/\/logistiikkakeskus.net\/kauppa\/wp-json\/wp\/v2\/product\/75332","targetHints":{"allow":["GET"]}}],"collection":[{"href":"https:\/\/logistiikkakeskus.net\/kauppa\/wp-json\/wp\/v2\/product"}],"about":[{"href":"https:\/\/logistiikkakeskus.net\/kauppa\/wp-json\/wp\/v2\/types\/product"}],"replies":[{"embeddable":true,"href":"https:\/\/logistiikkakeskus.net\/kauppa\/wp-json\/wp\/v2\/comments?post=75332"}],"wp:featuredmedia":[{"embeddable":true,"href":"https:\/\/logistiikkakeskus.net\/kauppa\/wp-json\/wp\/v2\/media\/104055"}],"wp:attachment":[{"href":"https:\/\/logistiikkakeskus.net\/kauppa\/wp-json\/wp\/v2\/media?parent=75332"}],"wp:term":[{"taxonomy":"product_brand","embeddable":true,"href":"https:\/\/logistiikkakeskus.net\/kauppa\/wp-json\/wp\/v2\/product_brand?post=75332"},{"taxonomy":"product_cat","embeddable":true,"href":"https:\/\/logistiikkakeskus.net\/kauppa\/wp-json\/wp\/v2\/product_cat?post=75332"},{"taxonomy":"product_tag","embeddable":true,"href":"https:\/\/logistiikkakeskus.net\/kauppa\/wp-json\/wp\/v2\/product_tag?post=75332"}],"curies":[{"name":"wp","href":"https:\/\/api.w.org\/{rel}","templated":true}]}}