{"id":75330,"date":"2022-12-01T09:41:34","date_gmt":"2022-12-01T09:41:34","guid":{"rendered":"https:\/\/logistiikkakeskus.net\/kauppa\/tuote\/radiokuulonsuojain-sanka-peltor-hrxs220a\/"},"modified":"2025-10-15T10:20:03","modified_gmt":"2025-10-15T07:20:03","slug":"radiokuulonsuojain-sanka-peltor-hrxs220a","status":"publish","type":"product","link":"https:\/\/logistiikkakeskus.net\/kauppa\/tuote\/radiokuulonsuojain-sanka-peltor-hrxs220a\/","title":{"rendered":"Radiokuulonsuojain sanka Peltor HRXS220A"},"content":{"rendered":"<p>Radiokuulonsuojain p\u00e4\u00e4lakisangalla Peltor HRXS220A3M\u2122 PELTOR\u2122 WorkTunes\u2122Pro kuulonsuojainradiossa on sis\u00e4\u00e4nrakennettu FM-radio.Parannettu \u00e4\u00e4ni ja uudet kaiuttimet, sek\u00e4 uusi nykyaikainenelektroniikka parantavat \u00e4\u00e4nenlaatua, jotta voit nauttia musiikistaentist\u00e4kin enemm\u00e4n.Turvallisuutesi takia musiikin ja \u00e4\u00e4nien voimakkuus rajoitetaan 82dB:iin.Sis\u00e4\u00e4nrakennettu antenniElektroniikka on suojassa\u00c4\u00e4niviesti kertoo taajuudenTallenna suosikkikanavatKuuntele musiikkia matkapuhelimellaVastaa PPE-direktiivin 8\/686\/EEC sek\u00e4 soveltuvin osin standardin EN 352vaatimuksia.Vaimennusarvot:H = 34M = 29L = 22SNR = 32hakusanat: kuulonsuojain, kuulonsuojaus, korvatulppa, kuulosuojain<\/p>\n","protected":false},"excerpt":{"rendered":"<p>Radiokuulonsuojain p\u00e4\u00e4lakisangalla Peltor HRXS220A3M\u2122 PELTOR\u2122 WorkTunes\u2122Pro kuulonsuojainradiossa on sis\u00e4\u00e4nrakennettu FM-radio.Parannettu \u00e4\u00e4ni ja uudet kaiuttimet, sek\u00e4 uusi nykyaikainenelektroniikka parantavat \u00e4\u00e4nenlaatua, jotta voit nauttia musiikistaentist\u00e4kin enemm\u00e4n.Turvallisuutesi takia musiikin ja \u00e4\u00e4nien voimakkuus rajoitetaan 82dB:iin.Sis\u00e4\u00e4nrakennettu antenniElektroniikka on suojassa\u00c4\u00e4niviesti kertoo taajuudenTallenna suosikkikanavatKuuntele musiikkia matkapuhelimellaVastaa PPE-direktiivin 8\/686\/EEC sek\u00e4 soveltuvin osin standardin EN 352vaatimuksia.Vaimennusarvot:H = 34M = 29L = 22SNR = 32hakusanat: [&hellip;]<\/p>\n","protected":false},"featured_media":0,"comment_status":"open","ping_status":"closed","template":"","meta":[],"product_brand":[],"product_cat":[3280],"product_tag":[],"class_list":{"0":"post-75330","1":"product","2":"type-product","3":"status-publish","5":"product_cat-henkilonsuojaimet-ja-tyoturvallisuus-henkilonsuojaimet-kuulosuojaimet","7":"first","8":"instock","9":"shipping-taxable","10":"purchasable","11":"product-type-simple"},"_links":{"self":[{"href":"https:\/\/logistiikkakeskus.net\/kauppa\/wp-json\/wp\/v2\/product\/75330","targetHints":{"allow":["GET"]}}],"collection":[{"href":"https:\/\/logistiikkakeskus.net\/kauppa\/wp-json\/wp\/v2\/product"}],"about":[{"href":"https:\/\/logistiikkakeskus.net\/kauppa\/wp-json\/wp\/v2\/types\/product"}],"replies":[{"embeddable":true,"href":"https:\/\/logistiikkakeskus.net\/kauppa\/wp-json\/wp\/v2\/comments?post=75330"}],"wp:attachment":[{"href":"https:\/\/logistiikkakeskus.net\/kauppa\/wp-json\/wp\/v2\/media?parent=75330"}],"wp:term":[{"taxonomy":"product_brand","embeddable":true,"href":"https:\/\/logistiikkakeskus.net\/kauppa\/wp-json\/wp\/v2\/product_brand?post=75330"},{"taxonomy":"product_cat","embeddable":true,"href":"https:\/\/logistiikkakeskus.net\/kauppa\/wp-json\/wp\/v2\/product_cat?post=75330"},{"taxonomy":"product_tag","embeddable":true,"href":"https:\/\/logistiikkakeskus.net\/kauppa\/wp-json\/wp\/v2\/product_tag?post=75330"}],"curies":[{"name":"wp","href":"https:\/\/api.w.org\/{rel}","templated":true}]}}