{"id":75326,"date":"2022-12-01T09:41:33","date_gmt":"2022-12-01T09:41:33","guid":{"rendered":"https:\/\/logistiikkakeskus.net\/kauppa\/tuote\/talvikasine-guide-5148w-keltainen-10\/"},"modified":"2026-01-20T09:19:18","modified_gmt":"2026-01-20T07:19:18","slug":"talvikasine-guide-5148w-keltainen-10","status":"publish","type":"product","link":"https:\/\/logistiikkakeskus.net\/kauppa\/tuote\/talvikasine-guide-5148w-keltainen-10\/","title":{"rendered":"Talvik\u00e4sine Guide 5148W keltainen, 10"},"content":{"rendered":"<p>L\u00e4mmin ja mukava, vedenpit\u00e4v\u00e4 ty\u00f6k\u00e4sine, jossa kokovuori pehme\u00e4\u00e4fleecemateriaalia. K\u00e4mmen vett\u00e4 hylkiv\u00e4ll\u00e4 kalvolla t\u00e4ydennetty\u00e4 PU-materiaalia. Neonkeltainen yl\u00e4puoli on valmistettu joustavastaspandexista, ja muotoillut sormet takaavat mukavan ja joustavanty\u00f6skentelyn. Ulkot\u00f6ihin rakennus-, maanrakennus- ja asennusaloilla.Hyvin n\u00e4kyv\u00e4, t\u00e4ysvuorattu, vett\u00e4 hylkiv\u00e4 ja tuulenpit\u00e4v\u00e4 materiaali,turvaranneke. Myyntier\u00e4 1 pr (6 pr\/pss). Hakusanat: ty\u00f6hanska,ty\u00f6k\u00e4sine, talvihanska<\/p>\n","protected":false},"excerpt":{"rendered":"<p>L\u00e4mmin ja mukava, vedenpit\u00e4v\u00e4 ty\u00f6k\u00e4sine, jossa kokovuori pehme\u00e4\u00e4fleecemateriaalia. K\u00e4mmen vett\u00e4 hylkiv\u00e4ll\u00e4 kalvolla t\u00e4ydennetty\u00e4 PU-materiaalia. Neonkeltainen yl\u00e4puoli on valmistettu joustavastaspandexista, ja muotoillut sormet takaavat mukavan ja joustavanty\u00f6skentelyn. Ulkot\u00f6ihin rakennus-, maanrakennus- ja asennusaloilla.Hyvin n\u00e4kyv\u00e4, t\u00e4ysvuorattu, vett\u00e4 hylkiv\u00e4 ja tuulenpit\u00e4v\u00e4 materiaali,turvaranneke. Myyntier\u00e4 1 pr (6 pr\/pss). Hakusanat: ty\u00f6hanska,ty\u00f6k\u00e4sine, talvihanska<\/p>\n","protected":false},"featured_media":104053,"comment_status":"open","ping_status":"closed","template":"","meta":[],"product_brand":[],"product_cat":[3383],"product_tag":[],"class_list":{"0":"post-75326","1":"product","2":"type-product","3":"status-publish","4":"has-post-thumbnail","6":"product_cat-henkilonsuojaimet-ja-tyoturvallisuus-henkilonsuojaimet-kasineet","8":"first","9":"instock","10":"shipping-taxable","11":"purchasable","12":"product-type-simple"},"_links":{"self":[{"href":"https:\/\/logistiikkakeskus.net\/kauppa\/wp-json\/wp\/v2\/product\/75326","targetHints":{"allow":["GET"]}}],"collection":[{"href":"https:\/\/logistiikkakeskus.net\/kauppa\/wp-json\/wp\/v2\/product"}],"about":[{"href":"https:\/\/logistiikkakeskus.net\/kauppa\/wp-json\/wp\/v2\/types\/product"}],"replies":[{"embeddable":true,"href":"https:\/\/logistiikkakeskus.net\/kauppa\/wp-json\/wp\/v2\/comments?post=75326"}],"wp:featuredmedia":[{"embeddable":true,"href":"https:\/\/logistiikkakeskus.net\/kauppa\/wp-json\/wp\/v2\/media\/104053"}],"wp:attachment":[{"href":"https:\/\/logistiikkakeskus.net\/kauppa\/wp-json\/wp\/v2\/media?parent=75326"}],"wp:term":[{"taxonomy":"product_brand","embeddable":true,"href":"https:\/\/logistiikkakeskus.net\/kauppa\/wp-json\/wp\/v2\/product_brand?post=75326"},{"taxonomy":"product_cat","embeddable":true,"href":"https:\/\/logistiikkakeskus.net\/kauppa\/wp-json\/wp\/v2\/product_cat?post=75326"},{"taxonomy":"product_tag","embeddable":true,"href":"https:\/\/logistiikkakeskus.net\/kauppa\/wp-json\/wp\/v2\/product_tag?post=75326"}],"curies":[{"name":"wp","href":"https:\/\/api.w.org\/{rel}","templated":true}]}}