{"id":75322,"date":"2022-12-01T09:41:32","date_gmt":"2022-12-01T09:41:32","guid":{"rendered":"https:\/\/logistiikkakeskus.net\/kauppa\/tuote\/talvikasine-guide-5148w-keltainen-8\/"},"modified":"2025-10-15T10:20:03","modified_gmt":"2025-10-15T07:20:03","slug":"talvikasine-guide-5148w-keltainen-8","status":"publish","type":"product","link":"https:\/\/logistiikkakeskus.net\/kauppa\/tuote\/talvikasine-guide-5148w-keltainen-8\/","title":{"rendered":"Talvik\u00e4sine Guide 5148W keltainen, 8"},"content":{"rendered":"<p>TILAUSTUOTE.TUOTTEELLA NORMAALIA PIDEMPI TOIMITUSAIKA.L\u00e4mmin ja mukava, vedenpit\u00e4v\u00e4 ty\u00f6k\u00e4sine, jossa kokovuori pehme\u00e4\u00e4fleecemateriaalia. K\u00e4mmen vett\u00e4 hylkiv\u00e4ll\u00e4 kalvolla t\u00e4ydennetty\u00e4 PU-materiaalia. Neonkeltainen yl\u00e4puoli on valmistettu joustavastaspandexista, ja muotoillut sormet takaavat mukavan ja joustavanty\u00f6skentelyn. Ulkot\u00f6ihin rakennus-, maanrakennus- ja asennusaloilla.Hyvin n\u00e4kyv\u00e4, t\u00e4ysvuorattu, vett\u00e4 hylkiv\u00e4 ja tuulenpit\u00e4v\u00e4 materiaali,turvaranneke. Myyntier\u00e4(6 pr\/pss). hakusanat: ty\u00f6hanska,ty\u00f6k\u00e4sine, talvihanska<\/p>\n","protected":false},"excerpt":{"rendered":"<p>TILAUSTUOTE.TUOTTEELLA NORMAALIA PIDEMPI TOIMITUSAIKA.L\u00e4mmin ja mukava, vedenpit\u00e4v\u00e4 ty\u00f6k\u00e4sine, jossa kokovuori pehme\u00e4\u00e4fleecemateriaalia. K\u00e4mmen vett\u00e4 hylkiv\u00e4ll\u00e4 kalvolla t\u00e4ydennetty\u00e4 PU-materiaalia. Neonkeltainen yl\u00e4puoli on valmistettu joustavastaspandexista, ja muotoillut sormet takaavat mukavan ja joustavanty\u00f6skentelyn. Ulkot\u00f6ihin rakennus-, maanrakennus- ja asennusaloilla.Hyvin n\u00e4kyv\u00e4, t\u00e4ysvuorattu, vett\u00e4 hylkiv\u00e4 ja tuulenpit\u00e4v\u00e4 materiaali,turvaranneke. Myyntier\u00e4(6 pr\/pss). hakusanat: ty\u00f6hanska,ty\u00f6k\u00e4sine, talvihanska<\/p>\n","protected":false},"featured_media":0,"comment_status":"open","ping_status":"closed","template":"","meta":[],"product_brand":[],"product_cat":[3383],"product_tag":[],"class_list":{"0":"post-75322","1":"product","2":"type-product","3":"status-publish","5":"product_cat-henkilonsuojaimet-ja-tyoturvallisuus-henkilonsuojaimet-kasineet","7":"first","8":"instock","9":"shipping-taxable","10":"purchasable","11":"product-type-simple"},"_links":{"self":[{"href":"https:\/\/logistiikkakeskus.net\/kauppa\/wp-json\/wp\/v2\/product\/75322","targetHints":{"allow":["GET"]}}],"collection":[{"href":"https:\/\/logistiikkakeskus.net\/kauppa\/wp-json\/wp\/v2\/product"}],"about":[{"href":"https:\/\/logistiikkakeskus.net\/kauppa\/wp-json\/wp\/v2\/types\/product"}],"replies":[{"embeddable":true,"href":"https:\/\/logistiikkakeskus.net\/kauppa\/wp-json\/wp\/v2\/comments?post=75322"}],"wp:attachment":[{"href":"https:\/\/logistiikkakeskus.net\/kauppa\/wp-json\/wp\/v2\/media?parent=75322"}],"wp:term":[{"taxonomy":"product_brand","embeddable":true,"href":"https:\/\/logistiikkakeskus.net\/kauppa\/wp-json\/wp\/v2\/product_brand?post=75322"},{"taxonomy":"product_cat","embeddable":true,"href":"https:\/\/logistiikkakeskus.net\/kauppa\/wp-json\/wp\/v2\/product_cat?post=75322"},{"taxonomy":"product_tag","embeddable":true,"href":"https:\/\/logistiikkakeskus.net\/kauppa\/wp-json\/wp\/v2\/product_tag?post=75322"}],"curies":[{"name":"wp","href":"https:\/\/api.w.org\/{rel}","templated":true}]}}