{"id":75318,"date":"2022-12-01T09:41:30","date_gmt":"2022-12-01T09:41:30","guid":{"rendered":"https:\/\/logistiikkakeskus.net\/kauppa\/tuote\/talvikasine-synteettinen-guide-764-11\/"},"modified":"2025-10-15T10:20:02","modified_gmt":"2025-10-15T07:20:02","slug":"talvikasine-synteettinen-guide-764-11","status":"publish","type":"product","link":"https:\/\/logistiikkakeskus.net\/kauppa\/tuote\/talvikasine-synteettinen-guide-764-11\/","title":{"rendered":"Talvik\u00e4sine synteettinen Guide 764, 11"},"content":{"rendered":"<p>Talvivuorillinen ty\u00f6k\u00e4sine synteettist\u00e4 nahkaa. Vett\u00e4hylkiv\u00e4, kokovuori,avoranneke. Myyntier\u00e4 1 pr (6 pr\/pkt). Hakusanat: ty\u00f6hanska,talvihanska, talvisormikas<\/p>\n","protected":false},"excerpt":{"rendered":"<p>Talvivuorillinen ty\u00f6k\u00e4sine synteettist\u00e4 nahkaa. Vett\u00e4hylkiv\u00e4, kokovuori,avoranneke. Myyntier\u00e4 1 pr (6 pr\/pkt). Hakusanat: ty\u00f6hanska,talvihanska, talvisormikas<\/p>\n","protected":false},"featured_media":0,"comment_status":"open","ping_status":"closed","template":"","meta":[],"product_brand":[],"product_cat":[3383],"product_tag":[],"class_list":{"0":"post-75318","1":"product","2":"type-product","3":"status-publish","5":"product_cat-henkilonsuojaimet-ja-tyoturvallisuus-henkilonsuojaimet-kasineet","7":"first","8":"instock","9":"shipping-taxable","10":"purchasable","11":"product-type-simple"},"_links":{"self":[{"href":"https:\/\/logistiikkakeskus.net\/kauppa\/wp-json\/wp\/v2\/product\/75318","targetHints":{"allow":["GET"]}}],"collection":[{"href":"https:\/\/logistiikkakeskus.net\/kauppa\/wp-json\/wp\/v2\/product"}],"about":[{"href":"https:\/\/logistiikkakeskus.net\/kauppa\/wp-json\/wp\/v2\/types\/product"}],"replies":[{"embeddable":true,"href":"https:\/\/logistiikkakeskus.net\/kauppa\/wp-json\/wp\/v2\/comments?post=75318"}],"wp:attachment":[{"href":"https:\/\/logistiikkakeskus.net\/kauppa\/wp-json\/wp\/v2\/media?parent=75318"}],"wp:term":[{"taxonomy":"product_brand","embeddable":true,"href":"https:\/\/logistiikkakeskus.net\/kauppa\/wp-json\/wp\/v2\/product_brand?post=75318"},{"taxonomy":"product_cat","embeddable":true,"href":"https:\/\/logistiikkakeskus.net\/kauppa\/wp-json\/wp\/v2\/product_cat?post=75318"},{"taxonomy":"product_tag","embeddable":true,"href":"https:\/\/logistiikkakeskus.net\/kauppa\/wp-json\/wp\/v2\/product_tag?post=75318"}],"curies":[{"name":"wp","href":"https:\/\/api.w.org\/{rel}","templated":true}]}}