{"id":75308,"date":"2022-12-01T09:41:27","date_gmt":"2022-12-01T09:41:27","guid":{"rendered":"https:\/\/logistiikkakeskus.net\/kauppa\/tuote\/talvikasine-synteettinen-guide-764-7\/"},"modified":"2026-01-20T09:19:16","modified_gmt":"2026-01-20T07:19:16","slug":"talvikasine-synteettinen-guide-764-7","status":"publish","type":"product","link":"https:\/\/logistiikkakeskus.net\/kauppa\/tuote\/talvikasine-synteettinen-guide-764-7\/","title":{"rendered":"Talvik\u00e4sine synteettinen Guide 764, 7"},"content":{"rendered":"<p>Talvivuorillinen ty\u00f6k\u00e4sine synteettist\u00e4 nahkaa. Vett\u00e4hylkiv\u00e4, kokovuori,avoranneke. Myyntier\u00e4 1 pr (6 pr\/pkt). Hakusanat: ty\u00f6hanska,talvihanska, talvisormikas<\/p>\n","protected":false},"excerpt":{"rendered":"<p>Talvivuorillinen ty\u00f6k\u00e4sine synteettist\u00e4 nahkaa. Vett\u00e4hylkiv\u00e4, kokovuori,avoranneke. Myyntier\u00e4 1 pr (6 pr\/pkt). Hakusanat: ty\u00f6hanska,talvihanska, talvisormikas<\/p>\n","protected":false},"featured_media":104025,"comment_status":"open","ping_status":"closed","template":"","meta":[],"product_brand":[],"product_cat":[3383],"product_tag":[],"class_list":{"0":"post-75308","1":"product","2":"type-product","3":"status-publish","4":"has-post-thumbnail","6":"product_cat-henkilonsuojaimet-ja-tyoturvallisuus-henkilonsuojaimet-kasineet","8":"first","9":"instock","10":"shipping-taxable","11":"purchasable","12":"product-type-simple"},"_links":{"self":[{"href":"https:\/\/logistiikkakeskus.net\/kauppa\/wp-json\/wp\/v2\/product\/75308","targetHints":{"allow":["GET"]}}],"collection":[{"href":"https:\/\/logistiikkakeskus.net\/kauppa\/wp-json\/wp\/v2\/product"}],"about":[{"href":"https:\/\/logistiikkakeskus.net\/kauppa\/wp-json\/wp\/v2\/types\/product"}],"replies":[{"embeddable":true,"href":"https:\/\/logistiikkakeskus.net\/kauppa\/wp-json\/wp\/v2\/comments?post=75308"}],"wp:featuredmedia":[{"embeddable":true,"href":"https:\/\/logistiikkakeskus.net\/kauppa\/wp-json\/wp\/v2\/media\/104025"}],"wp:attachment":[{"href":"https:\/\/logistiikkakeskus.net\/kauppa\/wp-json\/wp\/v2\/media?parent=75308"}],"wp:term":[{"taxonomy":"product_brand","embeddable":true,"href":"https:\/\/logistiikkakeskus.net\/kauppa\/wp-json\/wp\/v2\/product_brand?post=75308"},{"taxonomy":"product_cat","embeddable":true,"href":"https:\/\/logistiikkakeskus.net\/kauppa\/wp-json\/wp\/v2\/product_cat?post=75308"},{"taxonomy":"product_tag","embeddable":true,"href":"https:\/\/logistiikkakeskus.net\/kauppa\/wp-json\/wp\/v2\/product_tag?post=75308"}],"curies":[{"name":"wp","href":"https:\/\/api.w.org\/{rel}","templated":true}]}}