{"id":75298,"date":"2022-12-01T09:41:23","date_gmt":"2022-12-01T09:41:23","guid":{"rendered":"https:\/\/logistiikkakeskus.net\/kauppa\/tuote\/tyokasine-nitriilip-flexible-1600-7\/"},"modified":"2026-01-20T09:19:14","modified_gmt":"2026-01-20T07:19:14","slug":"tyokasine-nitriilip-flexible-1600-7","status":"publish","type":"product","link":"https:\/\/logistiikkakeskus.net\/kauppa\/tuote\/tyokasine-nitriilip-flexible-1600-7\/","title":{"rendered":"X Ty\u00f6k\u00e4sine nitriilip. Flexible 1600, 7"},"content":{"rendered":"<p>Ohut nylon\/lycra -sormikas nitriilipinnoitteella. Erinomainen pito jasormituntuma. \u00d6ko-Tex hyv\u00e4ksytty. Ohut ja joustava pinnoite suojaa\u00f6ljyilt\u00e4 ja rasvoilta. Myyntier\u00e4 1 pr, 12 pr\/pss, hakusanat:asentajank\u00e4sine, ty\u00f6hanska, ty\u00f6sormikas<\/p>\n","protected":false},"excerpt":{"rendered":"<p>Ohut nylon\/lycra -sormikas nitriilipinnoitteella. Erinomainen pito jasormituntuma. \u00d6ko-Tex hyv\u00e4ksytty. Ohut ja joustava pinnoite suojaa\u00f6ljyilt\u00e4 ja rasvoilta. Myyntier\u00e4 1 pr, 12 pr\/pss, hakusanat:asentajank\u00e4sine, ty\u00f6hanska, ty\u00f6sormikas<\/p>\n","protected":false},"featured_media":104010,"comment_status":"open","ping_status":"closed","template":"","meta":[],"product_brand":[],"product_cat":[3383],"product_tag":[],"class_list":{"0":"post-75298","1":"product","2":"type-product","3":"status-publish","4":"has-post-thumbnail","6":"product_cat-henkilonsuojaimet-ja-tyoturvallisuus-henkilonsuojaimet-kasineet","8":"first","9":"instock","10":"shipping-taxable","11":"purchasable","12":"product-type-simple"},"_links":{"self":[{"href":"https:\/\/logistiikkakeskus.net\/kauppa\/wp-json\/wp\/v2\/product\/75298","targetHints":{"allow":["GET"]}}],"collection":[{"href":"https:\/\/logistiikkakeskus.net\/kauppa\/wp-json\/wp\/v2\/product"}],"about":[{"href":"https:\/\/logistiikkakeskus.net\/kauppa\/wp-json\/wp\/v2\/types\/product"}],"replies":[{"embeddable":true,"href":"https:\/\/logistiikkakeskus.net\/kauppa\/wp-json\/wp\/v2\/comments?post=75298"}],"wp:featuredmedia":[{"embeddable":true,"href":"https:\/\/logistiikkakeskus.net\/kauppa\/wp-json\/wp\/v2\/media\/104010"}],"wp:attachment":[{"href":"https:\/\/logistiikkakeskus.net\/kauppa\/wp-json\/wp\/v2\/media?parent=75298"}],"wp:term":[{"taxonomy":"product_brand","embeddable":true,"href":"https:\/\/logistiikkakeskus.net\/kauppa\/wp-json\/wp\/v2\/product_brand?post=75298"},{"taxonomy":"product_cat","embeddable":true,"href":"https:\/\/logistiikkakeskus.net\/kauppa\/wp-json\/wp\/v2\/product_cat?post=75298"},{"taxonomy":"product_tag","embeddable":true,"href":"https:\/\/logistiikkakeskus.net\/kauppa\/wp-json\/wp\/v2\/product_tag?post=75298"}],"curies":[{"name":"wp","href":"https:\/\/api.w.org\/{rel}","templated":true}]}}