{"id":75296,"date":"2022-12-01T09:41:23","date_gmt":"2022-12-01T09:41:23","guid":{"rendered":"https:\/\/logistiikkakeskus.net\/kauppa\/tuote\/tyokasine-nitriilip-flexible-1600-6\/"},"modified":"2025-03-25T14:43:30","modified_gmt":"2025-03-25T12:43:30","slug":"tyokasine-nitriilip-flexible-1600-6","status":"publish","type":"product","link":"https:\/\/logistiikkakeskus.net\/kauppa\/tuote\/tyokasine-nitriilip-flexible-1600-6\/","title":{"rendered":"Ty\u00f6k\u00e4sine nitriilip. Flexible 1600, 6"},"content":{"rendered":"<p>TILAUSTUOTE.TUOTTEELLA ON NORMAALIA PIDEMPI TOIMITUSAIKA.Ohut nylon\/lycra -sormikas nitriilipinnoitteella. Erinomainen pito jasormituntuma. \u00d6ko-Tex hyv\u00e4ksytty. Ohut ja joustava pinnoite suojaa\u00f6ljyilt\u00e4 ja rasvoilta. Myyntier\u00e4 12 pr\/pss, hakusanat:asentajank\u00e4sine, ty\u00f6hanska, ty\u00f6sormikas<\/p>\n","protected":false},"excerpt":{"rendered":"<p>TILAUSTUOTE.TUOTTEELLA ON NORMAALIA PIDEMPI TOIMITUSAIKA.Ohut nylon\/lycra -sormikas nitriilipinnoitteella. Erinomainen pito jasormituntuma. \u00d6ko-Tex hyv\u00e4ksytty. Ohut ja joustava pinnoite suojaa\u00f6ljyilt\u00e4 ja rasvoilta. Myyntier\u00e4 12 pr\/pss, hakusanat:asentajank\u00e4sine, ty\u00f6hanska, ty\u00f6sormikas<\/p>\n","protected":false},"featured_media":0,"comment_status":"open","ping_status":"closed","template":"","meta":[],"product_brand":[],"product_cat":[3383],"product_tag":[],"class_list":{"0":"post-75296","1":"product","2":"type-product","3":"status-publish","5":"product_cat-henkilonsuojaimet-ja-tyoturvallisuus-henkilonsuojaimet-kasineet","7":"first","8":"instock","9":"shipping-taxable","10":"purchasable","11":"product-type-simple"},"_links":{"self":[{"href":"https:\/\/logistiikkakeskus.net\/kauppa\/wp-json\/wp\/v2\/product\/75296","targetHints":{"allow":["GET"]}}],"collection":[{"href":"https:\/\/logistiikkakeskus.net\/kauppa\/wp-json\/wp\/v2\/product"}],"about":[{"href":"https:\/\/logistiikkakeskus.net\/kauppa\/wp-json\/wp\/v2\/types\/product"}],"replies":[{"embeddable":true,"href":"https:\/\/logistiikkakeskus.net\/kauppa\/wp-json\/wp\/v2\/comments?post=75296"}],"wp:attachment":[{"href":"https:\/\/logistiikkakeskus.net\/kauppa\/wp-json\/wp\/v2\/media?parent=75296"}],"wp:term":[{"taxonomy":"product_brand","embeddable":true,"href":"https:\/\/logistiikkakeskus.net\/kauppa\/wp-json\/wp\/v2\/product_brand?post=75296"},{"taxonomy":"product_cat","embeddable":true,"href":"https:\/\/logistiikkakeskus.net\/kauppa\/wp-json\/wp\/v2\/product_cat?post=75296"},{"taxonomy":"product_tag","embeddable":true,"href":"https:\/\/logistiikkakeskus.net\/kauppa\/wp-json\/wp\/v2\/product_tag?post=75296"}],"curies":[{"name":"wp","href":"https:\/\/api.w.org\/{rel}","templated":true}]}}