{"id":75282,"date":"2022-12-01T09:41:18","date_gmt":"2022-12-01T09:41:18","guid":{"rendered":"https:\/\/logistiikkakeskus.net\/kauppa\/tuote\/kertakayttohaalari-alphatec-1500-xl\/"},"modified":"2026-01-20T09:19:13","modified_gmt":"2026-01-20T07:19:13","slug":"kertakayttohaalari-alphatec-1500-xl","status":"publish","type":"product","link":"https:\/\/logistiikkakeskus.net\/kauppa\/tuote\/kertakayttohaalari-alphatec-1500-xl\/","title":{"rendered":"Kertak\u00e4ytt\u00f6haalari AlphaTec 1500+, XL"},"content":{"rendered":"<p>T\u00e4ysin metalliton kertak\u00e4ytt\u00f6haalari suojaukseen kemikaaleja vastaan.Valmistettu antistaattisesta 3-kerroksisesta SMS-materiaalista, jokahengitt\u00e4\u00e4 hyvin ja suodattaa 99,9 % hiukkasista (>3 mikronia). Microgard1500 Plus -haalareissa on parannettu huppumalli, joka toimiioptimaalisesti kasvot kokonaan suojaavien hengityksensuojainten kanssa.Sopii muun muassa yleisiin kunnossapitoteht\u00e4viin, asbestisaneeraukseen,lasikuidun valmistukseen, l\u00e4\u00e4kkeiden valmistukseen, ruiskumaalaukseen.Hyv\u00e4ksynn\u00e4t: tyyppi 5 EN ISO 13982-1 kuivat hiukkaset tyyppi 6 EN13034rajoitettu roiskesuojaus. EN 1073-2 suojaus radioaktiivisiltaep\u00e4puhtauksilta. EN 1149-5 antistaattinen. hakusanat: suojahaalari,tyvek, lyhytaikahaalari<\/p>\n","protected":false},"excerpt":{"rendered":"<p>T\u00e4ysin metalliton kertak\u00e4ytt\u00f6haalari suojaukseen kemikaaleja vastaan.Valmistettu antistaattisesta 3-kerroksisesta SMS-materiaalista, jokahengitt\u00e4\u00e4 hyvin ja suodattaa 99,9 % hiukkasista (>3 mikronia). Microgard1500 Plus -haalareissa on parannettu huppumalli, joka toimiioptimaalisesti kasvot kokonaan suojaavien hengityksensuojainten kanssa.Sopii muun muassa yleisiin kunnossapitoteht\u00e4viin, asbestisaneeraukseen,lasikuidun valmistukseen, l\u00e4\u00e4kkeiden valmistukseen, ruiskumaalaukseen.Hyv\u00e4ksynn\u00e4t: tyyppi 5 EN ISO 13982-1 kuivat hiukkaset tyyppi 6 EN13034rajoitettu roiskesuojaus. EN 1073-2 suojaus radioaktiivisiltaep\u00e4puhtauksilta. [&hellip;]<\/p>\n","protected":false},"featured_media":103990,"comment_status":"open","ping_status":"closed","template":"","meta":[],"product_brand":[],"product_cat":[3402],"product_tag":[],"class_list":{"0":"post-75282","1":"product","2":"type-product","3":"status-publish","4":"has-post-thumbnail","6":"product_cat-vaatteet-tyovaatteet-stara-suoja-asut","8":"first","9":"instock","10":"shipping-taxable","11":"purchasable","12":"product-type-simple"},"_links":{"self":[{"href":"https:\/\/logistiikkakeskus.net\/kauppa\/wp-json\/wp\/v2\/product\/75282","targetHints":{"allow":["GET"]}}],"collection":[{"href":"https:\/\/logistiikkakeskus.net\/kauppa\/wp-json\/wp\/v2\/product"}],"about":[{"href":"https:\/\/logistiikkakeskus.net\/kauppa\/wp-json\/wp\/v2\/types\/product"}],"replies":[{"embeddable":true,"href":"https:\/\/logistiikkakeskus.net\/kauppa\/wp-json\/wp\/v2\/comments?post=75282"}],"wp:featuredmedia":[{"embeddable":true,"href":"https:\/\/logistiikkakeskus.net\/kauppa\/wp-json\/wp\/v2\/media\/103990"}],"wp:attachment":[{"href":"https:\/\/logistiikkakeskus.net\/kauppa\/wp-json\/wp\/v2\/media?parent=75282"}],"wp:term":[{"taxonomy":"product_brand","embeddable":true,"href":"https:\/\/logistiikkakeskus.net\/kauppa\/wp-json\/wp\/v2\/product_brand?post=75282"},{"taxonomy":"product_cat","embeddable":true,"href":"https:\/\/logistiikkakeskus.net\/kauppa\/wp-json\/wp\/v2\/product_cat?post=75282"},{"taxonomy":"product_tag","embeddable":true,"href":"https:\/\/logistiikkakeskus.net\/kauppa\/wp-json\/wp\/v2\/product_tag?post=75282"}],"curies":[{"name":"wp","href":"https:\/\/api.w.org\/{rel}","templated":true}]}}