{"id":75268,"date":"2022-12-01T09:41:14","date_gmt":"2022-12-01T09:41:14","guid":{"rendered":"https:\/\/logistiikkakeskus.net\/kauppa\/tuote\/ohut-nitriilikasine-guide-594-7\/"},"modified":"2025-03-25T14:43:27","modified_gmt":"2025-03-25T12:43:27","slug":"ohut-nitriilikasine-guide-594-7","status":"publish","type":"product","link":"https:\/\/logistiikkakeskus.net\/kauppa\/tuote\/ohut-nitriilikasine-guide-594-7\/","title":{"rendered":"Ohut nitriilik\u00e4sine Guide 594, 7"},"content":{"rendered":"<p>Vett\u00e4 hylkiv\u00e4 nitriility\u00f6k\u00e4sine. Vett\u00e4 hylkiv\u00e4, saumaton nailonpohja.Rystysiin ulottuva pinnoite. Pit\u00e4v\u00e4 ote \u00f6ljyisill\u00e4 pinnoilla.Myyntier\u00e4 1 pr (12 pr\/nippu), hakusanat: asentajank\u00e4sine, ty\u00f6sormikas,ty\u00f6k\u00e4sine, ty\u00f6hanska, puutarhak\u00e4sine<\/p>\n","protected":false},"excerpt":{"rendered":"<p>Vett\u00e4 hylkiv\u00e4 nitriility\u00f6k\u00e4sine. Vett\u00e4 hylkiv\u00e4, saumaton nailonpohja.Rystysiin ulottuva pinnoite. Pit\u00e4v\u00e4 ote \u00f6ljyisill\u00e4 pinnoilla.Myyntier\u00e4 1 pr (12 pr\/nippu), hakusanat: asentajank\u00e4sine, ty\u00f6sormikas,ty\u00f6k\u00e4sine, ty\u00f6hanska, puutarhak\u00e4sine<\/p>\n","protected":false},"featured_media":0,"comment_status":"open","ping_status":"closed","template":"","meta":[],"product_brand":[],"product_cat":[3383],"product_tag":[],"class_list":{"0":"post-75268","1":"product","2":"type-product","3":"status-publish","5":"product_cat-henkilonsuojaimet-ja-tyoturvallisuus-henkilonsuojaimet-kasineet","7":"first","8":"instock","9":"shipping-taxable","10":"purchasable","11":"product-type-simple"},"_links":{"self":[{"href":"https:\/\/logistiikkakeskus.net\/kauppa\/wp-json\/wp\/v2\/product\/75268","targetHints":{"allow":["GET"]}}],"collection":[{"href":"https:\/\/logistiikkakeskus.net\/kauppa\/wp-json\/wp\/v2\/product"}],"about":[{"href":"https:\/\/logistiikkakeskus.net\/kauppa\/wp-json\/wp\/v2\/types\/product"}],"replies":[{"embeddable":true,"href":"https:\/\/logistiikkakeskus.net\/kauppa\/wp-json\/wp\/v2\/comments?post=75268"}],"wp:attachment":[{"href":"https:\/\/logistiikkakeskus.net\/kauppa\/wp-json\/wp\/v2\/media?parent=75268"}],"wp:term":[{"taxonomy":"product_brand","embeddable":true,"href":"https:\/\/logistiikkakeskus.net\/kauppa\/wp-json\/wp\/v2\/product_brand?post=75268"},{"taxonomy":"product_cat","embeddable":true,"href":"https:\/\/logistiikkakeskus.net\/kauppa\/wp-json\/wp\/v2\/product_cat?post=75268"},{"taxonomy":"product_tag","embeddable":true,"href":"https:\/\/logistiikkakeskus.net\/kauppa\/wp-json\/wp\/v2\/product_tag?post=75268"}],"curies":[{"name":"wp","href":"https:\/\/api.w.org\/{rel}","templated":true}]}}