{"id":75258,"date":"2022-12-01T09:41:10","date_gmt":"2022-12-01T09:41:10","guid":{"rendered":"https:\/\/logistiikkakeskus.net\/kauppa\/tuote\/tyokasine-pukinnahka-guide-30-koko-7\/"},"modified":"2026-01-20T09:19:12","modified_gmt":"2026-01-20T07:19:12","slug":"tyokasine-pukinnahka-guide-30-koko-7","status":"publish","type":"product","link":"https:\/\/logistiikkakeskus.net\/kauppa\/tuote\/tyokasine-pukinnahka-guide-30-koko-7\/","title":{"rendered":"Ty\u00f6k\u00e4sine pukinnahka vuoriton, koko 7"},"content":{"rendered":"<p>Kevyt ty\u00f6k\u00e4sine, jonka k\u00e4mmenpuoli on pehme\u00e4\u00e4 ja notkeaa pukinnahkaa.K\u00e4mmenpuoli synteettimateriaalia, jonka harjattu sis\u00e4pinta tuntuumiellytt\u00e4v\u00e4lt\u00e4 ihoa vasten. Keystone-peukalon ansiosta k\u00e4sine istuuergonomisesti eritt\u00e4in hyvin. Vahvistettu etusormi. Sopii asennust\u00f6ihinja keve\u00e4\u00e4n yleisk\u00e4ytt\u00f6\u00f6n rakennus, teollisuus- ja k\u00e4sity\u00f6aloilla.Myyntier\u00e4 1 pr (12 pr\/pss). Hakusanat: ty\u00f6hanska, nahkahanska<\/p>\n","protected":false},"excerpt":{"rendered":"<p>Kevyt ty\u00f6k\u00e4sine, jonka k\u00e4mmenpuoli on pehme\u00e4\u00e4 ja notkeaa pukinnahkaa.K\u00e4mmenpuoli synteettimateriaalia, jonka harjattu sis\u00e4pinta tuntuumiellytt\u00e4v\u00e4lt\u00e4 ihoa vasten. Keystone-peukalon ansiosta k\u00e4sine istuuergonomisesti eritt\u00e4in hyvin. Vahvistettu etusormi. Sopii asennust\u00f6ihinja keve\u00e4\u00e4n yleisk\u00e4ytt\u00f6\u00f6n rakennus, teollisuus- ja k\u00e4sity\u00f6aloilla.Myyntier\u00e4 1 pr (12 pr\/pss). Hakusanat: ty\u00f6hanska, nahkahanska<\/p>\n","protected":false},"featured_media":103981,"comment_status":"open","ping_status":"closed","template":"","meta":[],"product_brand":[],"product_cat":[3383],"product_tag":[],"class_list":{"0":"post-75258","1":"product","2":"type-product","3":"status-publish","4":"has-post-thumbnail","6":"product_cat-henkilonsuojaimet-ja-tyoturvallisuus-henkilonsuojaimet-kasineet","8":"first","9":"instock","10":"shipping-taxable","11":"purchasable","12":"product-type-simple"},"_links":{"self":[{"href":"https:\/\/logistiikkakeskus.net\/kauppa\/wp-json\/wp\/v2\/product\/75258","targetHints":{"allow":["GET"]}}],"collection":[{"href":"https:\/\/logistiikkakeskus.net\/kauppa\/wp-json\/wp\/v2\/product"}],"about":[{"href":"https:\/\/logistiikkakeskus.net\/kauppa\/wp-json\/wp\/v2\/types\/product"}],"replies":[{"embeddable":true,"href":"https:\/\/logistiikkakeskus.net\/kauppa\/wp-json\/wp\/v2\/comments?post=75258"}],"wp:featuredmedia":[{"embeddable":true,"href":"https:\/\/logistiikkakeskus.net\/kauppa\/wp-json\/wp\/v2\/media\/103981"}],"wp:attachment":[{"href":"https:\/\/logistiikkakeskus.net\/kauppa\/wp-json\/wp\/v2\/media?parent=75258"}],"wp:term":[{"taxonomy":"product_brand","embeddable":true,"href":"https:\/\/logistiikkakeskus.net\/kauppa\/wp-json\/wp\/v2\/product_brand?post=75258"},{"taxonomy":"product_cat","embeddable":true,"href":"https:\/\/logistiikkakeskus.net\/kauppa\/wp-json\/wp\/v2\/product_cat?post=75258"},{"taxonomy":"product_tag","embeddable":true,"href":"https:\/\/logistiikkakeskus.net\/kauppa\/wp-json\/wp\/v2\/product_tag?post=75258"}],"curies":[{"name":"wp","href":"https:\/\/api.w.org\/{rel}","templated":true}]}}