{"id":75246,"date":"2022-12-01T09:41:06","date_gmt":"2022-12-01T09:41:06","guid":{"rendered":"https:\/\/logistiikkakeskus.net\/kauppa\/tuote\/tyokasine-synt-nahkaa-tegera-321-10\/"},"modified":"2026-01-20T09:19:12","modified_gmt":"2026-01-20T07:19:12","slug":"tyokasine-synt-nahkaa-tegera-321-10","status":"publish","type":"product","link":"https:\/\/logistiikkakeskus.net\/kauppa\/tuote\/tyokasine-synt-nahkaa-tegera-321-10\/","title":{"rendered":"Ty\u00f6k\u00e4sine synt. nahkaa Tegera 321, 10"},"content":{"rendered":"<p>Synteettinen k\u00e4sine, vuoriton 0,6 mm. Keinonahka, Polyesteri, Cat. II.V\u00e4ri musta\/harmaa. Ei sis\u00e4ll\u00e4 kromia, vahvike etusormessa. Resori,hienomekaaniset asennusty\u00f6t. Myyntier\u00e4 1 pr (6 pr\/pss). Hakusanat:ty\u00f6hanska, ty\u00f6sormikas<\/p>\n","protected":false},"excerpt":{"rendered":"<p>Synteettinen k\u00e4sine, vuoriton 0,6 mm. Keinonahka, Polyesteri, Cat. II.V\u00e4ri musta\/harmaa. Ei sis\u00e4ll\u00e4 kromia, vahvike etusormessa. Resori,hienomekaaniset asennusty\u00f6t. Myyntier\u00e4 1 pr (6 pr\/pss). Hakusanat:ty\u00f6hanska, ty\u00f6sormikas<\/p>\n","protected":false},"featured_media":103979,"comment_status":"open","ping_status":"closed","template":"","meta":[],"product_brand":[],"product_cat":[3383],"product_tag":[],"class_list":{"0":"post-75246","1":"product","2":"type-product","3":"status-publish","4":"has-post-thumbnail","6":"product_cat-henkilonsuojaimet-ja-tyoturvallisuus-henkilonsuojaimet-kasineet","8":"first","9":"instock","10":"shipping-taxable","11":"purchasable","12":"product-type-simple"},"_links":{"self":[{"href":"https:\/\/logistiikkakeskus.net\/kauppa\/wp-json\/wp\/v2\/product\/75246","targetHints":{"allow":["GET"]}}],"collection":[{"href":"https:\/\/logistiikkakeskus.net\/kauppa\/wp-json\/wp\/v2\/product"}],"about":[{"href":"https:\/\/logistiikkakeskus.net\/kauppa\/wp-json\/wp\/v2\/types\/product"}],"replies":[{"embeddable":true,"href":"https:\/\/logistiikkakeskus.net\/kauppa\/wp-json\/wp\/v2\/comments?post=75246"}],"wp:featuredmedia":[{"embeddable":true,"href":"https:\/\/logistiikkakeskus.net\/kauppa\/wp-json\/wp\/v2\/media\/103979"}],"wp:attachment":[{"href":"https:\/\/logistiikkakeskus.net\/kauppa\/wp-json\/wp\/v2\/media?parent=75246"}],"wp:term":[{"taxonomy":"product_brand","embeddable":true,"href":"https:\/\/logistiikkakeskus.net\/kauppa\/wp-json\/wp\/v2\/product_brand?post=75246"},{"taxonomy":"product_cat","embeddable":true,"href":"https:\/\/logistiikkakeskus.net\/kauppa\/wp-json\/wp\/v2\/product_cat?post=75246"},{"taxonomy":"product_tag","embeddable":true,"href":"https:\/\/logistiikkakeskus.net\/kauppa\/wp-json\/wp\/v2\/product_tag?post=75246"}],"curies":[{"name":"wp","href":"https:\/\/api.w.org\/{rel}","templated":true}]}}