{"id":75236,"date":"2022-12-01T09:41:03","date_gmt":"2022-12-01T09:41:03","guid":{"rendered":"https:\/\/logistiikkakeskus.net\/kauppa\/tuote\/helsinki-talviumpihaalari-huomio-2xl\/"},"modified":"2026-01-20T09:19:11","modified_gmt":"2026-01-20T07:19:11","slug":"helsinki-talviumpihaalari-huomio-2xl","status":"publish","type":"product","link":"https:\/\/logistiikkakeskus.net\/kauppa\/tuote\/helsinki-talviumpihaalari-huomio-2xl\/","title":{"rendered":"Helsinki talviumpihaalari huomio 2XL"},"content":{"rendered":"<p>Tilaus tuote.Tuotteella on normaalia pidempi toimitusaikaTalviumpihaalari Hi-Vis LK3Huom! Mallissa on tapahtumassa muutos.Ty\u00f6turvallisuuteen liittyen, kaikki uudet tuotantoer\u00e4t valmistetaanilman huppua.Nykyiset mallit toimitetaan hupullisina, uudet ilman huppua.Huomiov\u00e4rinen, l\u00e4mmin talviumpihaalari. Fluoresoiva v\u00e4ri n\u00e4kyy kauasp\u00e4iv\u00e4nvalossa ja h\u00e4m\u00e4r\u00e4ss\u00e4. Heijastinnauhat antavat k\u00e4ytt\u00e4j\u00e4lleen turvanpime\u00e4n aikaan.Ominaisuudet:Korkea pystykaulusL\u00e4p\u00e4lliset rintataskutMatkapuhelintasku ja kyn\u00e4taskutHenkil\u00f6korttitaskuEtuviistotaskutVetoketjusuljenta suojalistallaHihansuissa resoritPovitaskutPolvisuojustaskutLahkeissa vetoketjut suojalistallaVy\u00f6lenkitMateriaalit: 80 % polyesteri, 20 % puuvillaHakusanat:Talvihaalarit,umpihaalarit,haalarit<\/p>\n","protected":false},"excerpt":{"rendered":"<p>Tilaus tuote.Tuotteella on normaalia pidempi toimitusaikaTalviumpihaalari Hi-Vis LK3Huom! Mallissa on tapahtumassa muutos.Ty\u00f6turvallisuuteen liittyen, kaikki uudet tuotantoer\u00e4t valmistetaanilman huppua.Nykyiset mallit toimitetaan hupullisina, uudet ilman huppua.Huomiov\u00e4rinen, l\u00e4mmin talviumpihaalari. Fluoresoiva v\u00e4ri n\u00e4kyy kauasp\u00e4iv\u00e4nvalossa ja h\u00e4m\u00e4r\u00e4ss\u00e4. Heijastinnauhat antavat k\u00e4ytt\u00e4j\u00e4lleen turvanpime\u00e4n aikaan.Ominaisuudet:Korkea pystykaulusL\u00e4p\u00e4lliset rintataskutMatkapuhelintasku ja kyn\u00e4taskutHenkil\u00f6korttitaskuEtuviistotaskutVetoketjusuljenta suojalistallaHihansuissa resoritPovitaskutPolvisuojustaskutLahkeissa vetoketjut suojalistallaVy\u00f6lenkitMateriaalit: 80 % polyesteri, 20 % puuvillaHakusanat:Talvihaalarit,umpihaalarit,haalarit<\/p>\n","protected":false},"featured_media":103976,"comment_status":"open","ping_status":"closed","template":"","meta":[],"product_brand":[],"product_cat":[3330],"product_tag":[],"class_list":{"0":"post-75236","1":"product","2":"type-product","3":"status-publish","4":"has-post-thumbnail","6":"product_cat-vaatteet-tyovaatteet-stara-talvivaatteet","8":"first","9":"instock","10":"shipping-taxable","11":"purchasable","12":"product-type-simple"},"_links":{"self":[{"href":"https:\/\/logistiikkakeskus.net\/kauppa\/wp-json\/wp\/v2\/product\/75236","targetHints":{"allow":["GET"]}}],"collection":[{"href":"https:\/\/logistiikkakeskus.net\/kauppa\/wp-json\/wp\/v2\/product"}],"about":[{"href":"https:\/\/logistiikkakeskus.net\/kauppa\/wp-json\/wp\/v2\/types\/product"}],"replies":[{"embeddable":true,"href":"https:\/\/logistiikkakeskus.net\/kauppa\/wp-json\/wp\/v2\/comments?post=75236"}],"wp:featuredmedia":[{"embeddable":true,"href":"https:\/\/logistiikkakeskus.net\/kauppa\/wp-json\/wp\/v2\/media\/103976"}],"wp:attachment":[{"href":"https:\/\/logistiikkakeskus.net\/kauppa\/wp-json\/wp\/v2\/media?parent=75236"}],"wp:term":[{"taxonomy":"product_brand","embeddable":true,"href":"https:\/\/logistiikkakeskus.net\/kauppa\/wp-json\/wp\/v2\/product_brand?post=75236"},{"taxonomy":"product_cat","embeddable":true,"href":"https:\/\/logistiikkakeskus.net\/kauppa\/wp-json\/wp\/v2\/product_cat?post=75236"},{"taxonomy":"product_tag","embeddable":true,"href":"https:\/\/logistiikkakeskus.net\/kauppa\/wp-json\/wp\/v2\/product_tag?post=75236"}],"curies":[{"name":"wp","href":"https:\/\/api.w.org\/{rel}","templated":true}]}}