{"id":75234,"date":"2022-12-01T09:41:02","date_gmt":"2022-12-01T09:41:02","guid":{"rendered":"https:\/\/logistiikkakeskus.net\/kauppa\/tuote\/helsinki-talviumpihaalari-huomio-xl\/"},"modified":"2026-01-20T09:19:11","modified_gmt":"2026-01-20T07:19:11","slug":"helsinki-talviumpihaalari-huomio-xl","status":"publish","type":"product","link":"https:\/\/logistiikkakeskus.net\/kauppa\/tuote\/helsinki-talviumpihaalari-huomio-xl\/","title":{"rendered":"Helsinki talviumpihaalari huomio XL"},"content":{"rendered":"<p>Tilaustuote.Tuotteella normaalia pidempi toimitusaikaHelsinki logollinen Huomiov\u00e4rinen kelt\/musta,l\u00e4mmin irtohupullinentalviumpihaalari. Fluoresoiva v\u00e4ri n\u00e4kyy kauas p\u00e4iv\u00e4nvalossa jah\u00e4m\u00e4r\u00e4ss\u00e4.Heijastinnauhat antavat k\u00e4ytt\u00e4j\u00e4lleen turvan pime\u00e4n aikaan.Huom! Haalarissa on kiinte\u00e4n\u00e4 yksi paikka ID- kortille.Henkil\u00f6korttitaskussa on sis\u00e4\u00e4nrakennettumuovitasku, jonka ansiosta kortti pysyy tukevastipaikoillaan.T\u00e4m\u00e4 tuote on sertifioitu: EN 20471 LK.3, EN 342.Hakusana:Talvihaalari,haalari,umpihaalari.<\/p>\n","protected":false},"excerpt":{"rendered":"<p>Tilaustuote.Tuotteella normaalia pidempi toimitusaikaHelsinki logollinen Huomiov\u00e4rinen kelt\/musta,l\u00e4mmin irtohupullinentalviumpihaalari. Fluoresoiva v\u00e4ri n\u00e4kyy kauas p\u00e4iv\u00e4nvalossa jah\u00e4m\u00e4r\u00e4ss\u00e4.Heijastinnauhat antavat k\u00e4ytt\u00e4j\u00e4lleen turvan pime\u00e4n aikaan.Huom! Haalarissa on kiinte\u00e4n\u00e4 yksi paikka ID- kortille.Henkil\u00f6korttitaskussa on sis\u00e4\u00e4nrakennettumuovitasku, jonka ansiosta kortti pysyy tukevastipaikoillaan.T\u00e4m\u00e4 tuote on sertifioitu: EN 20471 LK.3, EN 342.Hakusana:Talvihaalari,haalari,umpihaalari.<\/p>\n","protected":false},"featured_media":103975,"comment_status":"open","ping_status":"closed","template":"","meta":[],"product_brand":[],"product_cat":[3330],"product_tag":[],"class_list":{"0":"post-75234","1":"product","2":"type-product","3":"status-publish","4":"has-post-thumbnail","6":"product_cat-vaatteet-tyovaatteet-stara-talvivaatteet","8":"first","9":"instock","10":"shipping-taxable","11":"purchasable","12":"product-type-simple"},"_links":{"self":[{"href":"https:\/\/logistiikkakeskus.net\/kauppa\/wp-json\/wp\/v2\/product\/75234","targetHints":{"allow":["GET"]}}],"collection":[{"href":"https:\/\/logistiikkakeskus.net\/kauppa\/wp-json\/wp\/v2\/product"}],"about":[{"href":"https:\/\/logistiikkakeskus.net\/kauppa\/wp-json\/wp\/v2\/types\/product"}],"replies":[{"embeddable":true,"href":"https:\/\/logistiikkakeskus.net\/kauppa\/wp-json\/wp\/v2\/comments?post=75234"}],"wp:featuredmedia":[{"embeddable":true,"href":"https:\/\/logistiikkakeskus.net\/kauppa\/wp-json\/wp\/v2\/media\/103975"}],"wp:attachment":[{"href":"https:\/\/logistiikkakeskus.net\/kauppa\/wp-json\/wp\/v2\/media?parent=75234"}],"wp:term":[{"taxonomy":"product_brand","embeddable":true,"href":"https:\/\/logistiikkakeskus.net\/kauppa\/wp-json\/wp\/v2\/product_brand?post=75234"},{"taxonomy":"product_cat","embeddable":true,"href":"https:\/\/logistiikkakeskus.net\/kauppa\/wp-json\/wp\/v2\/product_cat?post=75234"},{"taxonomy":"product_tag","embeddable":true,"href":"https:\/\/logistiikkakeskus.net\/kauppa\/wp-json\/wp\/v2\/product_tag?post=75234"}],"curies":[{"name":"wp","href":"https:\/\/api.w.org\/{rel}","templated":true}]}}