{"id":75224,"date":"2022-12-01T09:40:59","date_gmt":"2022-12-01T09:40:59","guid":{"rendered":"https:\/\/logistiikkakeskus.net\/kauppa\/tuote\/hitsauskasine-guide-280-vuorella-11\/"},"modified":"2026-01-20T09:19:11","modified_gmt":"2026-01-20T07:19:11","slug":"hitsauskasine-guide-280-vuorella-11","status":"publish","type":"product","link":"https:\/\/logistiikkakeskus.net\/kauppa\/tuote\/hitsauskasine-guide-280-vuorella-11\/","title":{"rendered":"Hitsausk\u00e4sine haljasnahka,\u00a0koko\u00a011\/2XL"},"content":{"rendered":"<p>Hitsausk\u00e4sine naudan haljasnahkaa ja kokovuori puuvillaa. Vahvistetutsaumat, ompeleet kevlarlankaa. Sopii raskaasen hitsausty\u00f6h\u00f6n.(6 pr\/pss).Hakusana: Hitsaus, hitsaushanska, hitsausk\u00e4sine<\/p>\n","protected":false},"excerpt":{"rendered":"<p>Hitsausk\u00e4sine naudan haljasnahkaa ja kokovuori puuvillaa. Vahvistetutsaumat, ompeleet kevlarlankaa. Sopii raskaasen hitsausty\u00f6h\u00f6n.(6 pr\/pss).Hakusana: Hitsaus, hitsaushanska, hitsausk\u00e4sine<\/p>\n","protected":false},"featured_media":103971,"comment_status":"open","ping_status":"closed","template":"","meta":[],"product_brand":[],"product_cat":[3383],"product_tag":[],"class_list":{"0":"post-75224","1":"product","2":"type-product","3":"status-publish","4":"has-post-thumbnail","6":"product_cat-henkilonsuojaimet-ja-tyoturvallisuus-henkilonsuojaimet-kasineet","8":"first","9":"instock","10":"shipping-taxable","11":"purchasable","12":"product-type-simple"},"_links":{"self":[{"href":"https:\/\/logistiikkakeskus.net\/kauppa\/wp-json\/wp\/v2\/product\/75224","targetHints":{"allow":["GET"]}}],"collection":[{"href":"https:\/\/logistiikkakeskus.net\/kauppa\/wp-json\/wp\/v2\/product"}],"about":[{"href":"https:\/\/logistiikkakeskus.net\/kauppa\/wp-json\/wp\/v2\/types\/product"}],"replies":[{"embeddable":true,"href":"https:\/\/logistiikkakeskus.net\/kauppa\/wp-json\/wp\/v2\/comments?post=75224"}],"wp:featuredmedia":[{"embeddable":true,"href":"https:\/\/logistiikkakeskus.net\/kauppa\/wp-json\/wp\/v2\/media\/103971"}],"wp:attachment":[{"href":"https:\/\/logistiikkakeskus.net\/kauppa\/wp-json\/wp\/v2\/media?parent=75224"}],"wp:term":[{"taxonomy":"product_brand","embeddable":true,"href":"https:\/\/logistiikkakeskus.net\/kauppa\/wp-json\/wp\/v2\/product_brand?post=75224"},{"taxonomy":"product_cat","embeddable":true,"href":"https:\/\/logistiikkakeskus.net\/kauppa\/wp-json\/wp\/v2\/product_cat?post=75224"},{"taxonomy":"product_tag","embeddable":true,"href":"https:\/\/logistiikkakeskus.net\/kauppa\/wp-json\/wp\/v2\/product_tag?post=75224"}],"curies":[{"name":"wp","href":"https:\/\/api.w.org\/{rel}","templated":true}]}}