{"id":75202,"date":"2022-12-01T09:40:52","date_gmt":"2022-12-01T09:40:52","guid":{"rendered":"https:\/\/logistiikkakeskus.net\/kauppa\/tuote\/suojalasi-delta-plus-vulcano2-harmaa\/"},"modified":"2026-01-20T09:19:11","modified_gmt":"2026-01-20T07:19:11","slug":"suojalasi-delta-plus-vulcano2-harmaa","status":"publish","type":"product","link":"https:\/\/logistiikkakeskus.net\/kauppa\/tuote\/suojalasi-delta-plus-vulcano2-harmaa\/","title":{"rendered":"Suojalasi Delta Plus Vulcano2, harmaa"},"content":{"rendered":"<h2>Suojalasi Delta Plus Vulcano2, harmaa linssi<\/h2>\n<p>Delta Plus Vulcano2 -suojalaseissa on s\u00e4\u00e4dett\u00e4v\u00e4t ja joustavatsangatparantamaan k\u00e4ytt\u00f6mukavuutta. Kirkas polykarbonaattilinssi on UV400-suojattu ja k\u00e4sitelty naarmuuntumista ja huurtumista vastaan. Laseissaon lis\u00e4ksi integroidut nen\u00e4tyynyt ja sivusuojaus.<\/p>\n<ul>\n<li>Linssi on polykarbonaattia.\n<li>Kehykset\u00f6n malli.\n<li>Sangat, nen\u00e4tuki ja otsan tiivistereuna pehme\u00e4n ja kovanmuovinseosta.<\/ul>\n<p>T\u00e4ytt\u00e4\u00e4 vaatimukset EN 166, luokka 1F, EN 170. Harmaa linssimy\u00f6s EN172.<\/p>\n<p><i>hakusanat: suojalasit, ty\u00f6lasit, silm\u00e4lasit,turvavarusteet<\/i><\/p>\n","protected":false},"excerpt":{"rendered":"<p>Suojalasi Delta Plus Vulcano2, harmaa linssi Delta Plus Vulcano2 -suojalaseissa on s\u00e4\u00e4dett\u00e4v\u00e4t ja joustavatsangatparantamaan k\u00e4ytt\u00f6mukavuutta. Kirkas polykarbonaattilinssi on UV400-suojattu ja k\u00e4sitelty naarmuuntumista ja huurtumista vastaan. Laseissaon lis\u00e4ksi integroidut nen\u00e4tyynyt ja sivusuojaus. Linssi on polykarbonaattia. Kehykset\u00f6n malli. Sangat, nen\u00e4tuki ja otsan tiivistereuna pehme\u00e4n ja kovanmuovinseosta. T\u00e4ytt\u00e4\u00e4 vaatimukset EN 166, luokka 1F, EN 170. Harmaa linssimy\u00f6s EN172. [&hellip;]<\/p>\n","protected":false},"featured_media":103966,"comment_status":"open","ping_status":"closed","template":"","meta":[],"product_brand":[],"product_cat":[3374],"product_tag":[],"class_list":{"0":"post-75202","1":"product","2":"type-product","3":"status-publish","4":"has-post-thumbnail","6":"product_cat-henkilonsuojaimet-ja-tyoturvallisuus-henkilonsuojaimet-suojalasit-ja-kasvosuojaimet","8":"first","9":"instock","10":"shipping-taxable","11":"purchasable","12":"product-type-simple"},"_links":{"self":[{"href":"https:\/\/logistiikkakeskus.net\/kauppa\/wp-json\/wp\/v2\/product\/75202","targetHints":{"allow":["GET"]}}],"collection":[{"href":"https:\/\/logistiikkakeskus.net\/kauppa\/wp-json\/wp\/v2\/product"}],"about":[{"href":"https:\/\/logistiikkakeskus.net\/kauppa\/wp-json\/wp\/v2\/types\/product"}],"replies":[{"embeddable":true,"href":"https:\/\/logistiikkakeskus.net\/kauppa\/wp-json\/wp\/v2\/comments?post=75202"}],"wp:featuredmedia":[{"embeddable":true,"href":"https:\/\/logistiikkakeskus.net\/kauppa\/wp-json\/wp\/v2\/media\/103966"}],"wp:attachment":[{"href":"https:\/\/logistiikkakeskus.net\/kauppa\/wp-json\/wp\/v2\/media?parent=75202"}],"wp:term":[{"taxonomy":"product_brand","embeddable":true,"href":"https:\/\/logistiikkakeskus.net\/kauppa\/wp-json\/wp\/v2\/product_brand?post=75202"},{"taxonomy":"product_cat","embeddable":true,"href":"https:\/\/logistiikkakeskus.net\/kauppa\/wp-json\/wp\/v2\/product_cat?post=75202"},{"taxonomy":"product_tag","embeddable":true,"href":"https:\/\/logistiikkakeskus.net\/kauppa\/wp-json\/wp\/v2\/product_tag?post=75202"}],"curies":[{"name":"wp","href":"https:\/\/api.w.org\/{rel}","templated":true}]}}