{"id":75190,"date":"2022-12-01T09:40:48","date_gmt":"2022-12-01T09:40:48","guid":{"rendered":"https:\/\/logistiikkakeskus.net\/kauppa\/tuote\/suoja-lukulasi-zekler-55-bifocal-10\/"},"modified":"2026-01-20T09:19:10","modified_gmt":"2026-01-20T07:19:10","slug":"suoja-lukulasi-zekler-55-bifocal-10","status":"publish","type":"product","link":"https:\/\/logistiikkakeskus.net\/kauppa\/tuote\/suoja-lukulasi-zekler-55-bifocal-10\/","title":{"rendered":"X Suoja-\/lukulasi Zekler 55 Bifocal +1,0"},"content":{"rendered":"<h2>Suojalasi\/lukulasi Zekler 55 Bifocal +1,0 voimakkuudella<\/h2>\n<ul>\n<li>Kirkas polykarbonaattilinssi\n<li>S\u00e4\u00e4dett\u00e4v\u00e4t sangat ovat kovan ja pehme\u00e4n muovin seosta\n<li>S\u00e4\u00e4dett\u00e4v\u00e4 linssien kulma\n<li>Pehme\u00e4 nen\u00e4tuki\n<li>Kirkas = UV-Suoja\n<li>Kaksiosainen linssi, lukulasialue hiottu plusvoimakkuuksille+1,0\/+1,5\/+2,0\/+2,5.\n<li>HC = Suojattu naarmuuntumista vastaan<\/ul>\n<p><i>hakusanat: suojalasit, ty\u00f6lasit, silm\u00e4lasit,lukulasit,turvavarusteet<\/i><\/p>\n","protected":false},"excerpt":{"rendered":"<p>Suojalasi\/lukulasi Zekler 55 Bifocal +1,0 voimakkuudella Kirkas polykarbonaattilinssi S\u00e4\u00e4dett\u00e4v\u00e4t sangat ovat kovan ja pehme\u00e4n muovin seosta S\u00e4\u00e4dett\u00e4v\u00e4 linssien kulma Pehme\u00e4 nen\u00e4tuki Kirkas = UV-Suoja Kaksiosainen linssi, lukulasialue hiottu plusvoimakkuuksille+1,0\/+1,5\/+2,0\/+2,5. HC = Suojattu naarmuuntumista vastaan hakusanat: suojalasit, ty\u00f6lasit, silm\u00e4lasit,lukulasit,turvavarusteet<\/p>\n","protected":false},"featured_media":103961,"comment_status":"open","ping_status":"closed","template":"","meta":[],"product_brand":[],"product_cat":[3374],"product_tag":[],"class_list":{"0":"post-75190","1":"product","2":"type-product","3":"status-publish","4":"has-post-thumbnail","6":"product_cat-henkilonsuojaimet-ja-tyoturvallisuus-henkilonsuojaimet-suojalasit-ja-kasvosuojaimet","8":"first","9":"instock","10":"shipping-taxable","11":"purchasable","12":"product-type-simple"},"_links":{"self":[{"href":"https:\/\/logistiikkakeskus.net\/kauppa\/wp-json\/wp\/v2\/product\/75190","targetHints":{"allow":["GET"]}}],"collection":[{"href":"https:\/\/logistiikkakeskus.net\/kauppa\/wp-json\/wp\/v2\/product"}],"about":[{"href":"https:\/\/logistiikkakeskus.net\/kauppa\/wp-json\/wp\/v2\/types\/product"}],"replies":[{"embeddable":true,"href":"https:\/\/logistiikkakeskus.net\/kauppa\/wp-json\/wp\/v2\/comments?post=75190"}],"wp:featuredmedia":[{"embeddable":true,"href":"https:\/\/logistiikkakeskus.net\/kauppa\/wp-json\/wp\/v2\/media\/103961"}],"wp:attachment":[{"href":"https:\/\/logistiikkakeskus.net\/kauppa\/wp-json\/wp\/v2\/media?parent=75190"}],"wp:term":[{"taxonomy":"product_brand","embeddable":true,"href":"https:\/\/logistiikkakeskus.net\/kauppa\/wp-json\/wp\/v2\/product_brand?post=75190"},{"taxonomy":"product_cat","embeddable":true,"href":"https:\/\/logistiikkakeskus.net\/kauppa\/wp-json\/wp\/v2\/product_cat?post=75190"},{"taxonomy":"product_tag","embeddable":true,"href":"https:\/\/logistiikkakeskus.net\/kauppa\/wp-json\/wp\/v2\/product_tag?post=75190"}],"curies":[{"name":"wp","href":"https:\/\/api.w.org\/{rel}","templated":true}]}}