{"id":75188,"date":"2022-12-01T09:40:47","date_gmt":"2022-12-01T09:40:47","guid":{"rendered":"https:\/\/logistiikkakeskus.net\/kauppa\/tuote\/visiiri-zekler-10\/"},"modified":"2025-03-25T14:43:24","modified_gmt":"2025-03-25T12:43:24","slug":"visiiri-zekler-10","status":"publish","type":"product","link":"https:\/\/logistiikkakeskus.net\/kauppa\/tuote\/visiiri-zekler-10\/","title":{"rendered":"Visiiri Zekler 10"},"content":{"rendered":"<p>Kasvovisiiri, joka peitt\u00e4\u00e4 koko kasvot. Alla voi k\u00e4ytt\u00e4\u00e4 my\u00f6shengityssuojainta sek\u00e4 suojalaseja. L\u00e4pin\u00e4kyv\u00e4 kasvovisiiri suojaakasvoja roiskeilta. Kasvovisiiri ei huurustu k\u00e4yt\u00f6ss\u00e4. Kasvovisiirikiinnittyy p\u00e4\u00e4n takaa tukevalla kuminauhalla ja lis\u00e4ksi t\u00e4m\u00e4kasvovisiiri on varustettu otsapehmusteilla ja k\u00e4ytt\u00f6 on eritt\u00e4inmiellytt\u00e4v\u00e4\u00e4.<\/p>\n","protected":false},"excerpt":{"rendered":"<p>Kasvovisiiri, joka peitt\u00e4\u00e4 koko kasvot. Alla voi k\u00e4ytt\u00e4\u00e4 my\u00f6shengityssuojainta sek\u00e4 suojalaseja. L\u00e4pin\u00e4kyv\u00e4 kasvovisiiri suojaakasvoja roiskeilta. Kasvovisiiri ei huurustu k\u00e4yt\u00f6ss\u00e4. Kasvovisiirikiinnittyy p\u00e4\u00e4n takaa tukevalla kuminauhalla ja lis\u00e4ksi t\u00e4m\u00e4kasvovisiiri on varustettu otsapehmusteilla ja k\u00e4ytt\u00f6 on eritt\u00e4inmiellytt\u00e4v\u00e4\u00e4.<\/p>\n","protected":false},"featured_media":0,"comment_status":"open","ping_status":"closed","template":"","meta":[],"product_brand":[],"product_cat":[3374],"product_tag":[],"class_list":{"0":"post-75188","1":"product","2":"type-product","3":"status-publish","5":"product_cat-henkilonsuojaimet-ja-tyoturvallisuus-henkilonsuojaimet-suojalasit-ja-kasvosuojaimet","7":"first","8":"instock","9":"shipping-taxable","10":"purchasable","11":"product-type-simple"},"_links":{"self":[{"href":"https:\/\/logistiikkakeskus.net\/kauppa\/wp-json\/wp\/v2\/product\/75188","targetHints":{"allow":["GET"]}}],"collection":[{"href":"https:\/\/logistiikkakeskus.net\/kauppa\/wp-json\/wp\/v2\/product"}],"about":[{"href":"https:\/\/logistiikkakeskus.net\/kauppa\/wp-json\/wp\/v2\/types\/product"}],"replies":[{"embeddable":true,"href":"https:\/\/logistiikkakeskus.net\/kauppa\/wp-json\/wp\/v2\/comments?post=75188"}],"wp:attachment":[{"href":"https:\/\/logistiikkakeskus.net\/kauppa\/wp-json\/wp\/v2\/media?parent=75188"}],"wp:term":[{"taxonomy":"product_brand","embeddable":true,"href":"https:\/\/logistiikkakeskus.net\/kauppa\/wp-json\/wp\/v2\/product_brand?post=75188"},{"taxonomy":"product_cat","embeddable":true,"href":"https:\/\/logistiikkakeskus.net\/kauppa\/wp-json\/wp\/v2\/product_cat?post=75188"},{"taxonomy":"product_tag","embeddable":true,"href":"https:\/\/logistiikkakeskus.net\/kauppa\/wp-json\/wp\/v2\/product_tag?post=75188"}],"curies":[{"name":"wp","href":"https:\/\/api.w.org\/{rel}","templated":true}]}}