{"id":75095,"date":"2022-12-01T09:40:15","date_gmt":"2022-12-01T09:40:15","guid":{"rendered":"https:\/\/logistiikkakeskus.net\/kauppa\/tuote\/t-paita-keltainen-nakyva-stara-l\/"},"modified":"2026-01-20T09:19:07","modified_gmt":"2026-01-20T07:19:07","slug":"t-paita-keltainen-nakyva-stara-l","status":"publish","type":"product","link":"https:\/\/logistiikkakeskus.net\/kauppa\/tuote\/t-paita-keltainen-nakyva-stara-l\/","title":{"rendered":"T-paita keltainen n\u00e4kyv\u00e4 Stara L"},"content":{"rendered":"<p>Klassinen paksu puuvilla-T-paita, jossa ribbineulottupy\u00f6re\u00e4 kaulus. Ei sivusaumoja.V\u00e4ri: Kirkas keltainen (131)Materiaali: 100% puuvilla (Meleerattu harmaa 85% puuvilla, 15% viskoosi,Keltainen 35% puuvilla, 65% polyesteri).Paino: 190 g\/m.STARA-painatus<\/p>\n","protected":false},"excerpt":{"rendered":"<p>Klassinen paksu puuvilla-T-paita, jossa ribbineulottupy\u00f6re\u00e4 kaulus. Ei sivusaumoja.V\u00e4ri: Kirkas keltainen (131)Materiaali: 100% puuvilla (Meleerattu harmaa 85% puuvilla, 15% viskoosi,Keltainen 35% puuvilla, 65% polyesteri).Paino: 190 g\/m.STARA-painatus<\/p>\n","protected":false},"featured_media":103932,"comment_status":"open","ping_status":"closed","template":"","meta":[],"product_brand":[],"product_cat":[3412],"product_tag":[],"class_list":{"0":"post-75095","1":"product","2":"type-product","3":"status-publish","4":"has-post-thumbnail","6":"product_cat-vaatteet-tyovaatteet-stara-kesavaatteet","8":"first","9":"instock","10":"shipping-taxable","11":"purchasable","12":"product-type-simple"},"_links":{"self":[{"href":"https:\/\/logistiikkakeskus.net\/kauppa\/wp-json\/wp\/v2\/product\/75095","targetHints":{"allow":["GET"]}}],"collection":[{"href":"https:\/\/logistiikkakeskus.net\/kauppa\/wp-json\/wp\/v2\/product"}],"about":[{"href":"https:\/\/logistiikkakeskus.net\/kauppa\/wp-json\/wp\/v2\/types\/product"}],"replies":[{"embeddable":true,"href":"https:\/\/logistiikkakeskus.net\/kauppa\/wp-json\/wp\/v2\/comments?post=75095"}],"wp:featuredmedia":[{"embeddable":true,"href":"https:\/\/logistiikkakeskus.net\/kauppa\/wp-json\/wp\/v2\/media\/103932"}],"wp:attachment":[{"href":"https:\/\/logistiikkakeskus.net\/kauppa\/wp-json\/wp\/v2\/media?parent=75095"}],"wp:term":[{"taxonomy":"product_brand","embeddable":true,"href":"https:\/\/logistiikkakeskus.net\/kauppa\/wp-json\/wp\/v2\/product_brand?post=75095"},{"taxonomy":"product_cat","embeddable":true,"href":"https:\/\/logistiikkakeskus.net\/kauppa\/wp-json\/wp\/v2\/product_cat?post=75095"},{"taxonomy":"product_tag","embeddable":true,"href":"https:\/\/logistiikkakeskus.net\/kauppa\/wp-json\/wp\/v2\/product_tag?post=75095"}],"curies":[{"name":"wp","href":"https:\/\/api.w.org\/{rel}","templated":true}]}}