{"id":75070,"date":"2022-12-01T09:40:06","date_gmt":"2022-12-01T09:40:06","guid":{"rendered":"https:\/\/logistiikkakeskus.net\/kauppa\/tuote\/collegepusero-stara-t-sin-4xl\/"},"modified":"2026-01-20T09:19:05","modified_gmt":"2026-01-20T07:19:05","slug":"collegepusero-stara-t-sin-4xl","status":"publish","type":"product","link":"https:\/\/logistiikkakeskus.net\/kauppa\/tuote\/collegepusero-stara-t-sin-4xl\/","title":{"rendered":"Collegepusero Stara t.sin, 4XL"},"content":{"rendered":"<p>Klassinen collegepusero, jossa py\u00f6re\u00e4 kaulus, harjattu sis\u00e4pinta jaribbineulotut hihansuut.V\u00e4ri: TummansininenMateriaali: 80% puuvilla, 20% polyesteri.Paino: 280 g\/m\u00b2.<\/p>\n","protected":false},"excerpt":{"rendered":"<p>Klassinen collegepusero, jossa py\u00f6re\u00e4 kaulus, harjattu sis\u00e4pinta jaribbineulotut hihansuut.V\u00e4ri: TummansininenMateriaali: 80% puuvilla, 20% polyesteri.Paino: 280 g\/m\u00b2.<\/p>\n","protected":false},"featured_media":0,"comment_status":"open","ping_status":"closed","template":"","meta":[],"product_brand":[],"product_cat":[3412],"product_tag":[],"class_list":{"0":"post-75070","1":"product","2":"type-product","3":"status-publish","5":"product_cat-vaatteet-tyovaatteet-stara-kesavaatteet","7":"first","8":"instock","9":"shipping-taxable","10":"purchasable","11":"product-type-simple"},"_links":{"self":[{"href":"https:\/\/logistiikkakeskus.net\/kauppa\/wp-json\/wp\/v2\/product\/75070","targetHints":{"allow":["GET"]}}],"collection":[{"href":"https:\/\/logistiikkakeskus.net\/kauppa\/wp-json\/wp\/v2\/product"}],"about":[{"href":"https:\/\/logistiikkakeskus.net\/kauppa\/wp-json\/wp\/v2\/types\/product"}],"replies":[{"embeddable":true,"href":"https:\/\/logistiikkakeskus.net\/kauppa\/wp-json\/wp\/v2\/comments?post=75070"}],"wp:attachment":[{"href":"https:\/\/logistiikkakeskus.net\/kauppa\/wp-json\/wp\/v2\/media?parent=75070"}],"wp:term":[{"taxonomy":"product_brand","embeddable":true,"href":"https:\/\/logistiikkakeskus.net\/kauppa\/wp-json\/wp\/v2\/product_brand?post=75070"},{"taxonomy":"product_cat","embeddable":true,"href":"https:\/\/logistiikkakeskus.net\/kauppa\/wp-json\/wp\/v2\/product_cat?post=75070"},{"taxonomy":"product_tag","embeddable":true,"href":"https:\/\/logistiikkakeskus.net\/kauppa\/wp-json\/wp\/v2\/product_tag?post=75070"}],"curies":[{"name":"wp","href":"https:\/\/api.w.org\/{rel}","templated":true}]}}