{"id":75063,"date":"2022-12-01T09:40:04","date_gmt":"2022-12-01T09:40:04","guid":{"rendered":"https:\/\/logistiikkakeskus.net\/kauppa\/tuote\/fleecetakki-t-sin-stara-3xl\/"},"modified":"2026-01-20T09:19:05","modified_gmt":"2026-01-20T07:19:05","slug":"fleecetakki-t-sin-stara-3xl","status":"publish","type":"product","link":"https:\/\/logistiikkakeskus.net\/kauppa\/tuote\/fleecetakki-t-sin-stara-3xl\/","title":{"rendered":"Fleecetakki t.sin Stara 3XL"},"content":{"rendered":"<p>Klassinen fleecetakki pehme\u00e4st\u00e4 ja miellytt\u00e4v\u00e4st\u00e4 materiaalista,vetoketjulliset sivutaskut.V\u00e4ri: Musta (940)Materiaali: Fleece, 100 % polyesteri.Paino: 280 g\/m2.TekninenEdess\u00e4 kokopitk\u00e4 vetoketju alapuolella suojalista \/ Kaksivetoketjullista etutaskua \/ Pidennetty selk\u00e4kappale \/ Raglan hihat \/Peukaloaukot \/ Joustava kanttaus hihansuissa.<\/p>\n","protected":false},"excerpt":{"rendered":"<p>Klassinen fleecetakki pehme\u00e4st\u00e4 ja miellytt\u00e4v\u00e4st\u00e4 materiaalista,vetoketjulliset sivutaskut.V\u00e4ri: Musta (940)Materiaali: Fleece, 100 % polyesteri.Paino: 280 g\/m2.TekninenEdess\u00e4 kokopitk\u00e4 vetoketju alapuolella suojalista \/ Kaksivetoketjullista etutaskua \/ Pidennetty selk\u00e4kappale \/ Raglan hihat \/Peukaloaukot \/ Joustava kanttaus hihansuissa.<\/p>\n","protected":false},"featured_media":0,"comment_status":"open","ping_status":"closed","template":"","meta":[],"product_brand":[],"product_cat":[3330],"product_tag":[],"class_list":{"0":"post-75063","1":"product","2":"type-product","3":"status-publish","5":"product_cat-vaatteet-tyovaatteet-stara-talvivaatteet","7":"first","8":"instock","9":"shipping-taxable","10":"purchasable","11":"product-type-simple"},"_links":{"self":[{"href":"https:\/\/logistiikkakeskus.net\/kauppa\/wp-json\/wp\/v2\/product\/75063","targetHints":{"allow":["GET"]}}],"collection":[{"href":"https:\/\/logistiikkakeskus.net\/kauppa\/wp-json\/wp\/v2\/product"}],"about":[{"href":"https:\/\/logistiikkakeskus.net\/kauppa\/wp-json\/wp\/v2\/types\/product"}],"replies":[{"embeddable":true,"href":"https:\/\/logistiikkakeskus.net\/kauppa\/wp-json\/wp\/v2\/comments?post=75063"}],"wp:attachment":[{"href":"https:\/\/logistiikkakeskus.net\/kauppa\/wp-json\/wp\/v2\/media?parent=75063"}],"wp:term":[{"taxonomy":"product_brand","embeddable":true,"href":"https:\/\/logistiikkakeskus.net\/kauppa\/wp-json\/wp\/v2\/product_brand?post=75063"},{"taxonomy":"product_cat","embeddable":true,"href":"https:\/\/logistiikkakeskus.net\/kauppa\/wp-json\/wp\/v2\/product_cat?post=75063"},{"taxonomy":"product_tag","embeddable":true,"href":"https:\/\/logistiikkakeskus.net\/kauppa\/wp-json\/wp\/v2\/product_tag?post=75063"}],"curies":[{"name":"wp","href":"https:\/\/api.w.org\/{rel}","templated":true}]}}