{"id":75035,"date":"2022-12-01T09:39:48","date_gmt":"2022-12-01T09:39:48","guid":{"rendered":"https:\/\/logistiikkakeskus.net\/kauppa\/tuote\/collegetakki-huomio-lk3-stara-2xl\/"},"modified":"2026-01-20T09:19:03","modified_gmt":"2026-01-20T07:19:03","slug":"collegetakki-huomio-lk3-stara-2xl","status":"publish","type":"product","link":"https:\/\/logistiikkakeskus.net\/kauppa\/tuote\/collegetakki-huomio-lk3-stara-2xl\/","title":{"rendered":"Collegetakki huomio LK3 Stara 2XL"},"content":{"rendered":"<p>Miellytt\u00e4v\u00e4st\u00e4 puuvillaa sis\u00e4lt\u00e4v\u00e4st\u00e4 collegemateriaalista valmistettuhuomiotakki. Tumma v\u00e4ritys likaantumiselle alttiissa kohdissa, edess\u00e4vetoketjutaskut. Testattu teollisessa pesussa.V\u00e4ri: Neonkeltainen\/Tummansininen (171)Materiaali: 75 % polyesteri, 25 % puuvilla.Paino: 305 g\/m2.TekninenEdess\u00e4 kokopitk\u00e4 vetoketju sis\u00e4listalla \/ Rintatasku pystyvetoketjulla \/Kaksi vetoketjullista etutaskua \/ Joustava vy\u00f6t\u00e4r\u00f6 ja hihansuut \/Hyv\u00e4ksytty standardin EN ISO 20471 luokka 2 (koot XS &#8211; S) ja luokka 3(koot M &#8211; 4XL) mukaisesti \/ Testattu teollisen pesustandardin ISO 15797mukaisesti \/ \u00d6KO-TEX -sertifioitu.<\/p>\n","protected":false},"excerpt":{"rendered":"<p>Miellytt\u00e4v\u00e4st\u00e4 puuvillaa sis\u00e4lt\u00e4v\u00e4st\u00e4 collegemateriaalista valmistettuhuomiotakki. Tumma v\u00e4ritys likaantumiselle alttiissa kohdissa, edess\u00e4vetoketjutaskut. Testattu teollisessa pesussa.V\u00e4ri: Neonkeltainen\/Tummansininen (171)Materiaali: 75 % polyesteri, 25 % puuvilla.Paino: 305 g\/m2.TekninenEdess\u00e4 kokopitk\u00e4 vetoketju sis\u00e4listalla \/ Rintatasku pystyvetoketjulla \/Kaksi vetoketjullista etutaskua \/ Joustava vy\u00f6t\u00e4r\u00f6 ja hihansuut \/Hyv\u00e4ksytty standardin EN ISO 20471 luokka 2 (koot XS &#8211; S) ja luokka 3(koot M &#8211; 4XL) [&hellip;]<\/p>\n","protected":false},"featured_media":103915,"comment_status":"open","ping_status":"closed","template":"","meta":[],"product_brand":[],"product_cat":[3412],"product_tag":[],"class_list":{"0":"post-75035","1":"product","2":"type-product","3":"status-publish","4":"has-post-thumbnail","6":"product_cat-vaatteet-tyovaatteet-stara-kesavaatteet","8":"first","9":"instock","10":"shipping-taxable","11":"purchasable","12":"product-type-simple"},"_links":{"self":[{"href":"https:\/\/logistiikkakeskus.net\/kauppa\/wp-json\/wp\/v2\/product\/75035","targetHints":{"allow":["GET"]}}],"collection":[{"href":"https:\/\/logistiikkakeskus.net\/kauppa\/wp-json\/wp\/v2\/product"}],"about":[{"href":"https:\/\/logistiikkakeskus.net\/kauppa\/wp-json\/wp\/v2\/types\/product"}],"replies":[{"embeddable":true,"href":"https:\/\/logistiikkakeskus.net\/kauppa\/wp-json\/wp\/v2\/comments?post=75035"}],"wp:featuredmedia":[{"embeddable":true,"href":"https:\/\/logistiikkakeskus.net\/kauppa\/wp-json\/wp\/v2\/media\/103915"}],"wp:attachment":[{"href":"https:\/\/logistiikkakeskus.net\/kauppa\/wp-json\/wp\/v2\/media?parent=75035"}],"wp:term":[{"taxonomy":"product_brand","embeddable":true,"href":"https:\/\/logistiikkakeskus.net\/kauppa\/wp-json\/wp\/v2\/product_brand?post=75035"},{"taxonomy":"product_cat","embeddable":true,"href":"https:\/\/logistiikkakeskus.net\/kauppa\/wp-json\/wp\/v2\/product_cat?post=75035"},{"taxonomy":"product_tag","embeddable":true,"href":"https:\/\/logistiikkakeskus.net\/kauppa\/wp-json\/wp\/v2\/product_tag?post=75035"}],"curies":[{"name":"wp","href":"https:\/\/api.w.org\/{rel}","templated":true}]}}