{"id":75015,"date":"2022-12-01T09:39:38","date_gmt":"2022-12-01T09:39:38","guid":{"rendered":"https:\/\/logistiikkakeskus.net\/kauppa\/tuote\/joustovyo-m16_01_1\/"},"modified":"2026-01-20T09:19:02","modified_gmt":"2026-01-20T07:19:02","slug":"joustovyo-m16_01_1","status":"publish","type":"product","link":"https:\/\/logistiikkakeskus.net\/kauppa\/tuote\/joustovyo-m16_01_1\/","title":{"rendered":"Joustovy\u00f6 P01-P02_3"},"content":{"rendered":"<p>Joustavasta materiaalista valmistettu s\u00e4\u00e4dett\u00e4v\u00e4 vy\u00f6. Metallisolki japullonavaaja.V\u00e4ri: Musta (940)Materiaali: 70% polypropeeni, 30% muovipinnoitettulanka.S\u00e4\u00e4dett\u00e4v\u00e4 joustava vy\u00f6 \/ Hopeanv\u00e4rinen solki,jossa pullonavaaja \/ Pituus 120cm \/ Leveys 40 mm \/Myyd\u00e4\u00e4n sek\u00e4 yksitt\u00e4ispakkauksessaett\u00e4 10kpl pakkauksessa.<\/p>\n","protected":false},"excerpt":{"rendered":"<p>Joustavasta materiaalista valmistettu s\u00e4\u00e4dett\u00e4v\u00e4 vy\u00f6. Metallisolki japullonavaaja.V\u00e4ri: Musta (940)Materiaali: 70% polypropeeni, 30% muovipinnoitettulanka.S\u00e4\u00e4dett\u00e4v\u00e4 joustava vy\u00f6 \/ Hopeanv\u00e4rinen solki,jossa pullonavaaja \/ Pituus 120cm \/ Leveys 40 mm \/Myyd\u00e4\u00e4n sek\u00e4 yksitt\u00e4ispakkauksessaett\u00e4 10kpl pakkauksessa.<\/p>\n","protected":false},"featured_media":103910,"comment_status":"open","ping_status":"closed","template":"","meta":[],"product_brand":[],"product_cat":[3287],"product_tag":[],"class_list":{"0":"post-75015","1":"product","2":"type-product","3":"status-publish","4":"has-post-thumbnail","6":"product_cat-vaatteet-tyovaatteet-stara-asusteet","8":"first","9":"instock","10":"shipping-taxable","11":"purchasable","12":"product-type-simple"},"_links":{"self":[{"href":"https:\/\/logistiikkakeskus.net\/kauppa\/wp-json\/wp\/v2\/product\/75015","targetHints":{"allow":["GET"]}}],"collection":[{"href":"https:\/\/logistiikkakeskus.net\/kauppa\/wp-json\/wp\/v2\/product"}],"about":[{"href":"https:\/\/logistiikkakeskus.net\/kauppa\/wp-json\/wp\/v2\/types\/product"}],"replies":[{"embeddable":true,"href":"https:\/\/logistiikkakeskus.net\/kauppa\/wp-json\/wp\/v2\/comments?post=75015"}],"wp:featuredmedia":[{"embeddable":true,"href":"https:\/\/logistiikkakeskus.net\/kauppa\/wp-json\/wp\/v2\/media\/103910"}],"wp:attachment":[{"href":"https:\/\/logistiikkakeskus.net\/kauppa\/wp-json\/wp\/v2\/media?parent=75015"}],"wp:term":[{"taxonomy":"product_brand","embeddable":true,"href":"https:\/\/logistiikkakeskus.net\/kauppa\/wp-json\/wp\/v2\/product_brand?post=75015"},{"taxonomy":"product_cat","embeddable":true,"href":"https:\/\/logistiikkakeskus.net\/kauppa\/wp-json\/wp\/v2\/product_cat?post=75015"},{"taxonomy":"product_tag","embeddable":true,"href":"https:\/\/logistiikkakeskus.net\/kauppa\/wp-json\/wp\/v2\/product_tag?post=75015"}],"curies":[{"name":"wp","href":"https:\/\/api.w.org\/{rel}","templated":true}]}}