{"id":74991,"date":"2022-12-01T09:39:27","date_gmt":"2022-12-01T09:39:27","guid":{"rendered":"https:\/\/logistiikkakeskus.net\/kauppa\/tuote\/housut-kevyet-musta-helsinki-46\/"},"modified":"2026-01-20T09:19:00","modified_gmt":"2026-01-20T07:19:00","slug":"housut-kevyet-musta-helsinki-46","status":"publish","type":"product","link":"https:\/\/logistiikkakeskus.net\/kauppa\/tuote\/housut-kevyet-musta-helsinki-46\/","title":{"rendered":"Housut kevyet musta Helsinki 46"},"content":{"rendered":"<p>TILAUSTUOTE.TUOTTEELLA NORMAALIA PIDEMPI TOIMITUSAIKA.Kest\u00e4v\u00e4t ja kevyet service-housut l\u00e4mpimiin ymp\u00e4rist\u00f6ihin, pehme\u00e4 jamiellytt\u00e4v\u00e4 materiaali, monia toimintoja ja s\u00e4\u00e4dett\u00e4v\u00e4t lahkeensuut.V\u00e4ri: Musta (940)Materiaali: 50% puuvilla, 50% polyesteri.Paino: 195 g\/m\u00b2.TekninenKaksi etutaskua, oikeassa puhelintasku \/ Kaksi reisitaskua edess\u00e4,toisessa l\u00e4pp\u00e4 ja tarrakiinnitys, toinen avoin tasku, jossa lis\u00e4tasku,puhelintasku ja kyn\u00e4taskut \/ Sis\u00e4ll\u00e4 taittomittatasku \/ Kaksinapinl\u00e4pitaskua takana \/ Vetoketjuhalkio \/ D-rengas vy\u00f6t\u00e4r\u00f6ll\u00e4 \/Muotoillut polvet \/ S\u00e4\u00e4dett\u00e4v\u00e4t lahkeensuut \/ \u00d6KO-TEX\u00ae -sertifioitu.<\/p>\n","protected":false},"excerpt":{"rendered":"<p>TILAUSTUOTE.TUOTTEELLA NORMAALIA PIDEMPI TOIMITUSAIKA.Kest\u00e4v\u00e4t ja kevyet service-housut l\u00e4mpimiin ymp\u00e4rist\u00f6ihin, pehme\u00e4 jamiellytt\u00e4v\u00e4 materiaali, monia toimintoja ja s\u00e4\u00e4dett\u00e4v\u00e4t lahkeensuut.V\u00e4ri: Musta (940)Materiaali: 50% puuvilla, 50% polyesteri.Paino: 195 g\/m\u00b2.TekninenKaksi etutaskua, oikeassa puhelintasku \/ Kaksi reisitaskua edess\u00e4,toisessa l\u00e4pp\u00e4 ja tarrakiinnitys, toinen avoin tasku, jossa lis\u00e4tasku,puhelintasku ja kyn\u00e4taskut \/ Sis\u00e4ll\u00e4 taittomittatasku \/ Kaksinapinl\u00e4pitaskua takana \/ Vetoketjuhalkio \/ D-rengas vy\u00f6t\u00e4r\u00f6ll\u00e4 \/Muotoillut polvet [&hellip;]<\/p>\n","protected":false},"featured_media":0,"comment_status":"open","ping_status":"closed","template":"","meta":[],"product_brand":[],"product_cat":[3412],"product_tag":[],"class_list":{"0":"post-74991","1":"product","2":"type-product","3":"status-publish","5":"product_cat-vaatteet-tyovaatteet-stara-kesavaatteet","7":"first","8":"instock","9":"shipping-taxable","10":"purchasable","11":"product-type-simple"},"_links":{"self":[{"href":"https:\/\/logistiikkakeskus.net\/kauppa\/wp-json\/wp\/v2\/product\/74991","targetHints":{"allow":["GET"]}}],"collection":[{"href":"https:\/\/logistiikkakeskus.net\/kauppa\/wp-json\/wp\/v2\/product"}],"about":[{"href":"https:\/\/logistiikkakeskus.net\/kauppa\/wp-json\/wp\/v2\/types\/product"}],"replies":[{"embeddable":true,"href":"https:\/\/logistiikkakeskus.net\/kauppa\/wp-json\/wp\/v2\/comments?post=74991"}],"wp:attachment":[{"href":"https:\/\/logistiikkakeskus.net\/kauppa\/wp-json\/wp\/v2\/media?parent=74991"}],"wp:term":[{"taxonomy":"product_brand","embeddable":true,"href":"https:\/\/logistiikkakeskus.net\/kauppa\/wp-json\/wp\/v2\/product_brand?post=74991"},{"taxonomy":"product_cat","embeddable":true,"href":"https:\/\/logistiikkakeskus.net\/kauppa\/wp-json\/wp\/v2\/product_cat?post=74991"},{"taxonomy":"product_tag","embeddable":true,"href":"https:\/\/logistiikkakeskus.net\/kauppa\/wp-json\/wp\/v2\/product_tag?post=74991"}],"curies":[{"name":"wp","href":"https:\/\/api.w.org\/{rel}","templated":true}]}}