{"id":74987,"date":"2022-12-01T09:39:26","date_gmt":"2022-12-01T09:39:26","guid":{"rendered":"https:\/\/logistiikkakeskus.net\/kauppa\/tuote\/sadehattu-huomio-keltainen-xlxxl\/"},"modified":"2026-01-20T09:19:00","modified_gmt":"2026-01-20T07:19:00","slug":"sadehattu-huomio-keltainen-xlxxl","status":"publish","type":"product","link":"https:\/\/logistiikkakeskus.net\/kauppa\/tuote\/sadehattu-huomio-keltainen-xlxxl\/","title":{"rendered":"Sadehattu huomio keltainen XL\/XXL"},"content":{"rendered":"<p>Kest\u00e4v\u00e4 huomiosadehattu, joka suojaa tuulelta ja sateelta.Vuori:MicrofleecevuoriToiminnallisuus: Tuulen- ja vedenpit\u00e4v\u00e4, liimatut saumatTuulen- ja vedenpit\u00e4v\u00e4, liimatut saumatYksityiskohdat: S\u00e4\u00e4dett\u00e4v\u00e4 lis\u00e4suoja niskassa ja leuan allas\u00e4\u00e4t\u00f6nauha\u00e4riV\u00e4ri: Neonkeltainen (130)hakusana: sydvesti, lierihattu, sadehattu<\/p>\n","protected":false},"excerpt":{"rendered":"<p>Kest\u00e4v\u00e4 huomiosadehattu, joka suojaa tuulelta ja sateelta.Vuori:MicrofleecevuoriToiminnallisuus: Tuulen- ja vedenpit\u00e4v\u00e4, liimatut saumatTuulen- ja vedenpit\u00e4v\u00e4, liimatut saumatYksityiskohdat: S\u00e4\u00e4dett\u00e4v\u00e4 lis\u00e4suoja niskassa ja leuan allas\u00e4\u00e4t\u00f6nauha\u00e4riV\u00e4ri: Neonkeltainen (130)hakusana: sydvesti, lierihattu, sadehattu<\/p>\n","protected":false},"featured_media":103909,"comment_status":"open","ping_status":"closed","template":"","meta":[],"product_brand":[],"product_cat":[3410],"product_tag":[],"class_list":{"0":"post-74987","1":"product","2":"type-product","3":"status-publish","4":"has-post-thumbnail","6":"product_cat-vaatteet-tyovaatteet-stara-sadevaatteet","8":"first","9":"instock","10":"shipping-taxable","11":"purchasable","12":"product-type-simple"},"_links":{"self":[{"href":"https:\/\/logistiikkakeskus.net\/kauppa\/wp-json\/wp\/v2\/product\/74987","targetHints":{"allow":["GET"]}}],"collection":[{"href":"https:\/\/logistiikkakeskus.net\/kauppa\/wp-json\/wp\/v2\/product"}],"about":[{"href":"https:\/\/logistiikkakeskus.net\/kauppa\/wp-json\/wp\/v2\/types\/product"}],"replies":[{"embeddable":true,"href":"https:\/\/logistiikkakeskus.net\/kauppa\/wp-json\/wp\/v2\/comments?post=74987"}],"wp:featuredmedia":[{"embeddable":true,"href":"https:\/\/logistiikkakeskus.net\/kauppa\/wp-json\/wp\/v2\/media\/103909"}],"wp:attachment":[{"href":"https:\/\/logistiikkakeskus.net\/kauppa\/wp-json\/wp\/v2\/media?parent=74987"}],"wp:term":[{"taxonomy":"product_brand","embeddable":true,"href":"https:\/\/logistiikkakeskus.net\/kauppa\/wp-json\/wp\/v2\/product_brand?post=74987"},{"taxonomy":"product_cat","embeddable":true,"href":"https:\/\/logistiikkakeskus.net\/kauppa\/wp-json\/wp\/v2\/product_cat?post=74987"},{"taxonomy":"product_tag","embeddable":true,"href":"https:\/\/logistiikkakeskus.net\/kauppa\/wp-json\/wp\/v2\/product_tag?post=74987"}],"curies":[{"name":"wp","href":"https:\/\/api.w.org\/{rel}","templated":true}]}}