{"id":74983,"date":"2022-12-01T09:39:25","date_gmt":"2022-12-01T09:39:25","guid":{"rendered":"https:\/\/logistiikkakeskus.net\/kauppa\/tuote\/kaatonokka-autofiller-5-l-kanisteriin\/"},"modified":"2026-01-20T09:19:00","modified_gmt":"2026-01-20T07:19:00","slug":"kaatonokka-autofiller-5-l-kanisteriin","status":"publish","type":"product","link":"https:\/\/logistiikkakeskus.net\/kauppa\/tuote\/kaatonokka-autofiller-5-l-kanisteriin\/","title":{"rendered":"Kaatonokka Autofiller 5 L kanisteriin"},"content":{"rendered":"<p>Kaatonokka Autofiller 5 L kanisteriinTankkaa koneesi Autofillerill\u00e4 yksinkertaisesti ja helposti. T\u00e4ytt\u00f6pys\u00e4htyy automaattisesti, kun s\u00e4ili\u00f6 on t\u00e4ynn\u00e4, ja liit\u00e4nt\u00e4 sopiikaikkiin korkkeihin \u2013 my\u00f6s pikaliittimiin. Liit\u00e4nn\u00e4n ymp\u00e4rille tiukastisulkeutuvan kumikauluksen ansiosta saadaan ainutlaatuinenh\u00f6yrynpalautusj\u00e4rjestelm\u00e4.Ilma imet\u00e4\u00e4n erill\u00e4\u00e4n polttoaineesta, ja tankkaus on nopeaa jahallittua. Huoltovapaa Autofiller sopii t\u00e4ydellisesti Aspenin 5 litrankanistereihin, ja sit\u00e4 voidaan k\u00e4\u00e4nt\u00e4\u00e4 kaikkiin suuntiin.<\/p>\n","protected":false},"excerpt":{"rendered":"<p>Kaatonokka Autofiller 5 L kanisteriinTankkaa koneesi Autofillerill\u00e4 yksinkertaisesti ja helposti. T\u00e4ytt\u00f6pys\u00e4htyy automaattisesti, kun s\u00e4ili\u00f6 on t\u00e4ynn\u00e4, ja liit\u00e4nt\u00e4 sopiikaikkiin korkkeihin \u2013 my\u00f6s pikaliittimiin. Liit\u00e4nn\u00e4n ymp\u00e4rille tiukastisulkeutuvan kumikauluksen ansiosta saadaan ainutlaatuinenh\u00f6yrynpalautusj\u00e4rjestelm\u00e4.Ilma imet\u00e4\u00e4n erill\u00e4\u00e4n polttoaineesta, ja tankkaus on nopeaa jahallittua. Huoltovapaa Autofiller sopii t\u00e4ydellisesti Aspenin 5 litrankanistereihin, ja sit\u00e4 voidaan k\u00e4\u00e4nt\u00e4\u00e4 kaikkiin suuntiin.<\/p>\n","protected":false},"featured_media":103907,"comment_status":"open","ping_status":"closed","template":"","meta":[],"product_brand":[],"product_cat":[3397],"product_tag":[],"class_list":{"0":"post-74983","1":"product","2":"type-product","3":"status-publish","4":"has-post-thumbnail","6":"product_cat-kemikaalit-poltto-ja-voiteluaineet-tarvikkeet","8":"first","9":"instock","10":"shipping-taxable","11":"purchasable","12":"product-type-simple"},"_links":{"self":[{"href":"https:\/\/logistiikkakeskus.net\/kauppa\/wp-json\/wp\/v2\/product\/74983","targetHints":{"allow":["GET"]}}],"collection":[{"href":"https:\/\/logistiikkakeskus.net\/kauppa\/wp-json\/wp\/v2\/product"}],"about":[{"href":"https:\/\/logistiikkakeskus.net\/kauppa\/wp-json\/wp\/v2\/types\/product"}],"replies":[{"embeddable":true,"href":"https:\/\/logistiikkakeskus.net\/kauppa\/wp-json\/wp\/v2\/comments?post=74983"}],"wp:featuredmedia":[{"embeddable":true,"href":"https:\/\/logistiikkakeskus.net\/kauppa\/wp-json\/wp\/v2\/media\/103907"}],"wp:attachment":[{"href":"https:\/\/logistiikkakeskus.net\/kauppa\/wp-json\/wp\/v2\/media?parent=74983"}],"wp:term":[{"taxonomy":"product_brand","embeddable":true,"href":"https:\/\/logistiikkakeskus.net\/kauppa\/wp-json\/wp\/v2\/product_brand?post=74983"},{"taxonomy":"product_cat","embeddable":true,"href":"https:\/\/logistiikkakeskus.net\/kauppa\/wp-json\/wp\/v2\/product_cat?post=74983"},{"taxonomy":"product_tag","embeddable":true,"href":"https:\/\/logistiikkakeskus.net\/kauppa\/wp-json\/wp\/v2\/product_tag?post=74983"}],"curies":[{"name":"wp","href":"https:\/\/api.w.org\/{rel}","templated":true}]}}