{"id":74963,"date":"2022-12-01T09:39:18","date_gmt":"2022-12-01T09:39:18","guid":{"rendered":"https:\/\/logistiikkakeskus.net\/kauppa\/tuote\/suojalasi-zekler-3-hcaf-kirkas\/"},"modified":"2026-01-20T09:18:59","modified_gmt":"2026-01-20T07:18:59","slug":"suojalasi-zekler-3-hcaf-kirkas","status":"publish","type":"product","link":"https:\/\/logistiikkakeskus.net\/kauppa\/tuote\/suojalasi-zekler-3-hcaf-kirkas\/","title":{"rendered":"Suojalasi Zekler 3 HC\/AF kirkas"},"content":{"rendered":"<h2>Suojalasi Zekler 3, kirkas HC\/AF<\/h2>\n<p>Yksinkertaisempi malli Zeklerin eritt\u00e4in hyvin istuvistasuojalaseista.<\/p>\n<ul>\n<li>Polykarbonaattilinssi,kehykset\u00f6n malli.\n<li>UV-suoja\n<li>HC\/AF = K\u00e4sitelty naarmuuntumista ja huurtumista vastaan<\/ul>\n<p>Vastaa EN 166, luokka 1FTN vaatimuksia. Kirkas linssi vastaamy\u00f6s EN170 vaatimuksia.<\/p>\n<p><i>hakusanat: suojalasit, ty\u00f6lasit, silm\u00e4lasit,turvavarusteet<\/i><\/p>\n","protected":false},"excerpt":{"rendered":"<p>Suojalasi Zekler 3, kirkas HC\/AF Yksinkertaisempi malli Zeklerin eritt\u00e4in hyvin istuvistasuojalaseista. Polykarbonaattilinssi,kehykset\u00f6n malli. UV-suoja HC\/AF = K\u00e4sitelty naarmuuntumista ja huurtumista vastaan Vastaa EN 166, luokka 1FTN vaatimuksia. Kirkas linssi vastaamy\u00f6s EN170 vaatimuksia. hakusanat: suojalasit, ty\u00f6lasit, silm\u00e4lasit,turvavarusteet<\/p>\n","protected":false},"featured_media":103902,"comment_status":"open","ping_status":"closed","template":"","meta":[],"product_brand":[],"product_cat":[3374],"product_tag":[],"class_list":{"0":"post-74963","1":"product","2":"type-product","3":"status-publish","4":"has-post-thumbnail","6":"product_cat-henkilonsuojaimet-ja-tyoturvallisuus-henkilonsuojaimet-suojalasit-ja-kasvosuojaimet","8":"first","9":"instock","10":"shipping-taxable","11":"purchasable","12":"product-type-simple"},"_links":{"self":[{"href":"https:\/\/logistiikkakeskus.net\/kauppa\/wp-json\/wp\/v2\/product\/74963","targetHints":{"allow":["GET"]}}],"collection":[{"href":"https:\/\/logistiikkakeskus.net\/kauppa\/wp-json\/wp\/v2\/product"}],"about":[{"href":"https:\/\/logistiikkakeskus.net\/kauppa\/wp-json\/wp\/v2\/types\/product"}],"replies":[{"embeddable":true,"href":"https:\/\/logistiikkakeskus.net\/kauppa\/wp-json\/wp\/v2\/comments?post=74963"}],"wp:featuredmedia":[{"embeddable":true,"href":"https:\/\/logistiikkakeskus.net\/kauppa\/wp-json\/wp\/v2\/media\/103902"}],"wp:attachment":[{"href":"https:\/\/logistiikkakeskus.net\/kauppa\/wp-json\/wp\/v2\/media?parent=74963"}],"wp:term":[{"taxonomy":"product_brand","embeddable":true,"href":"https:\/\/logistiikkakeskus.net\/kauppa\/wp-json\/wp\/v2\/product_brand?post=74963"},{"taxonomy":"product_cat","embeddable":true,"href":"https:\/\/logistiikkakeskus.net\/kauppa\/wp-json\/wp\/v2\/product_cat?post=74963"},{"taxonomy":"product_tag","embeddable":true,"href":"https:\/\/logistiikkakeskus.net\/kauppa\/wp-json\/wp\/v2\/product_tag?post=74963"}],"curies":[{"name":"wp","href":"https:\/\/api.w.org\/{rel}","templated":true}]}}