{"id":74939,"date":"2022-12-01T09:39:10","date_gmt":"2022-12-01T09:39:10","guid":{"rendered":"https:\/\/logistiikkakeskus.net\/kauppa\/tuote\/collegepusero-stara-t-sin-2xl\/"},"modified":"2026-01-20T09:18:58","modified_gmt":"2026-01-20T07:18:58","slug":"collegepusero-stara-t-sin-2xl","status":"publish","type":"product","link":"https:\/\/logistiikkakeskus.net\/kauppa\/tuote\/collegepusero-stara-t-sin-2xl\/","title":{"rendered":"Collegepusero Stara t.sin, 2XL"},"content":{"rendered":"<p>Klassinen collegepusero, jossa py\u00f6re\u00e4 kaulus, harjattu sis\u00e4pinta jaribbineulotut hihansuut.V\u00e4ri: TummansininenMateriaali: 80% puuvilla, 20% polyesteri.Paino: 280 g\/m\u00b2.<\/p>\n","protected":false},"excerpt":{"rendered":"<p>Klassinen collegepusero, jossa py\u00f6re\u00e4 kaulus, harjattu sis\u00e4pinta jaribbineulotut hihansuut.V\u00e4ri: TummansininenMateriaali: 80% puuvilla, 20% polyesteri.Paino: 280 g\/m\u00b2.<\/p>\n","protected":false},"featured_media":103890,"comment_status":"open","ping_status":"closed","template":"","meta":[],"product_brand":[],"product_cat":[3412],"product_tag":[],"class_list":{"0":"post-74939","1":"product","2":"type-product","3":"status-publish","4":"has-post-thumbnail","6":"product_cat-vaatteet-tyovaatteet-stara-kesavaatteet","8":"first","9":"instock","10":"shipping-taxable","11":"purchasable","12":"product-type-simple"},"_links":{"self":[{"href":"https:\/\/logistiikkakeskus.net\/kauppa\/wp-json\/wp\/v2\/product\/74939","targetHints":{"allow":["GET"]}}],"collection":[{"href":"https:\/\/logistiikkakeskus.net\/kauppa\/wp-json\/wp\/v2\/product"}],"about":[{"href":"https:\/\/logistiikkakeskus.net\/kauppa\/wp-json\/wp\/v2\/types\/product"}],"replies":[{"embeddable":true,"href":"https:\/\/logistiikkakeskus.net\/kauppa\/wp-json\/wp\/v2\/comments?post=74939"}],"wp:featuredmedia":[{"embeddable":true,"href":"https:\/\/logistiikkakeskus.net\/kauppa\/wp-json\/wp\/v2\/media\/103890"}],"wp:attachment":[{"href":"https:\/\/logistiikkakeskus.net\/kauppa\/wp-json\/wp\/v2\/media?parent=74939"}],"wp:term":[{"taxonomy":"product_brand","embeddable":true,"href":"https:\/\/logistiikkakeskus.net\/kauppa\/wp-json\/wp\/v2\/product_brand?post=74939"},{"taxonomy":"product_cat","embeddable":true,"href":"https:\/\/logistiikkakeskus.net\/kauppa\/wp-json\/wp\/v2\/product_cat?post=74939"},{"taxonomy":"product_tag","embeddable":true,"href":"https:\/\/logistiikkakeskus.net\/kauppa\/wp-json\/wp\/v2\/product_tag?post=74939"}],"curies":[{"name":"wp","href":"https:\/\/api.w.org\/{rel}","templated":true}]}}