{"id":74917,"date":"2022-12-01T09:39:04","date_gmt":"2022-12-01T09:39:04","guid":{"rendered":"https:\/\/logistiikkakeskus.net\/kauppa\/tuote\/huomioshortsit-stara-c60\/"},"modified":"2026-01-20T09:18:57","modified_gmt":"2026-01-20T07:18:57","slug":"huomioshortsit-stara-c60","status":"publish","type":"product","link":"https:\/\/logistiikkakeskus.net\/kauppa\/tuote\/huomioshortsit-stara-c60\/","title":{"rendered":"Huomioshortsit Stara C60"},"content":{"rendered":"<p>Huomioty\u00f6shortsit likaa,\u00f6ljy\u00e4 ja vett\u00e4 hylkiv\u00e4st\u00e4 materiaalista,sis\u00e4puoli pehme\u00e4\u00e4 puuvillaa jaCORDURA\u00ae vahvikkeet kulutukselle alttiissa kohdissa.V\u00e4ri: Neonkeltainen (130)Materiaali: 80% polyesteri, 20% puuvilla,likaa, \u00f6ljy\u00e4 ja vett\u00e4 hylkiv\u00e4 pinta.Vahvikkeet 100% polyamidi.Paino: 300 g\/m\u00b2.<\/p>\n","protected":false},"excerpt":{"rendered":"<p>Huomioty\u00f6shortsit likaa,\u00f6ljy\u00e4 ja vett\u00e4 hylkiv\u00e4st\u00e4 materiaalista,sis\u00e4puoli pehme\u00e4\u00e4 puuvillaa jaCORDURA\u00ae vahvikkeet kulutukselle alttiissa kohdissa.V\u00e4ri: Neonkeltainen (130)Materiaali: 80% polyesteri, 20% puuvilla,likaa, \u00f6ljy\u00e4 ja vett\u00e4 hylkiv\u00e4 pinta.Vahvikkeet 100% polyamidi.Paino: 300 g\/m\u00b2.<\/p>\n","protected":false},"featured_media":103879,"comment_status":"open","ping_status":"closed","template":"","meta":[],"product_brand":[],"product_cat":[3412],"product_tag":[],"class_list":{"0":"post-74917","1":"product","2":"type-product","3":"status-publish","4":"has-post-thumbnail","6":"product_cat-vaatteet-tyovaatteet-stara-kesavaatteet","8":"first","9":"instock","10":"shipping-taxable","11":"purchasable","12":"product-type-simple"},"_links":{"self":[{"href":"https:\/\/logistiikkakeskus.net\/kauppa\/wp-json\/wp\/v2\/product\/74917","targetHints":{"allow":["GET"]}}],"collection":[{"href":"https:\/\/logistiikkakeskus.net\/kauppa\/wp-json\/wp\/v2\/product"}],"about":[{"href":"https:\/\/logistiikkakeskus.net\/kauppa\/wp-json\/wp\/v2\/types\/product"}],"replies":[{"embeddable":true,"href":"https:\/\/logistiikkakeskus.net\/kauppa\/wp-json\/wp\/v2\/comments?post=74917"}],"wp:featuredmedia":[{"embeddable":true,"href":"https:\/\/logistiikkakeskus.net\/kauppa\/wp-json\/wp\/v2\/media\/103879"}],"wp:attachment":[{"href":"https:\/\/logistiikkakeskus.net\/kauppa\/wp-json\/wp\/v2\/media?parent=74917"}],"wp:term":[{"taxonomy":"product_brand","embeddable":true,"href":"https:\/\/logistiikkakeskus.net\/kauppa\/wp-json\/wp\/v2\/product_brand?post=74917"},{"taxonomy":"product_cat","embeddable":true,"href":"https:\/\/logistiikkakeskus.net\/kauppa\/wp-json\/wp\/v2\/product_cat?post=74917"},{"taxonomy":"product_tag","embeddable":true,"href":"https:\/\/logistiikkakeskus.net\/kauppa\/wp-json\/wp\/v2\/product_tag?post=74917"}],"curies":[{"name":"wp","href":"https:\/\/api.w.org\/{rel}","templated":true}]}}