{"id":74901,"date":"2022-12-01T09:38:58","date_gmt":"2022-12-01T09:38:58","guid":{"rendered":"https:\/\/logistiikkakeskus.net\/kauppa\/tuote\/helsinki-talvitakki-musta-6xl\/"},"modified":"2026-01-20T09:18:56","modified_gmt":"2026-01-20T07:18:56","slug":"helsinki-talvitakki-musta-6xl","status":"publish","type":"product","link":"https:\/\/logistiikkakeskus.net\/kauppa\/tuote\/helsinki-talvitakki-musta-6xl\/","title":{"rendered":"Helsinki talvitakki Musta 6XL"},"content":{"rendered":"<p>TUOTE ON TILAUSTUOTE.TUOTTEELLA NORMAALIA PIDEMPI TOIMITUSAIKA.Musta talvitakki Helsinki logollaVedenpit\u00e4v\u00e4 ja hengitt\u00e4v\u00e4 pilottitakki,jossa korkea kaula ja pidempiselk\u00e4. Piilotettu vetoketju ja tarranauha edess\u00e4.Kaksi etutaskuavetoketjulla.Kaksi suurta l\u00e4pp\u00e4taskua rintataskussa.Napoleonin taskuvetoketjulla vasemmalla puolella.Kaksi isoa ja tilavaa sis\u00e4taskua esim.Asiakirjoille sek\u00e4 vetoketjullinen sis\u00e4tasku esim. Matkapuhelimelle.Irrotettava huppu.S\u00e4\u00e4dett\u00e4v\u00e4 myrskylippu pohjassa ja resorit hihoissa jakauluksessa v\u00e4hent\u00e4v\u00e4t vedon riski\u00e4.Kyyn\u00e4rp\u00e4iden vahvistus lis\u00e4\u00e4kest\u00e4vyytt\u00e4.Heijastimet olkap\u00e4ill\u00e4 sek\u00e4 edess\u00e4 ja takana parantavatn\u00e4kyvyytt\u00e4.Teipatut saumat.Vetoketju vuoristossa painamista \/ kirjontaavarten.<\/p>\n","protected":false},"excerpt":{"rendered":"<p>TUOTE ON TILAUSTUOTE.TUOTTEELLA NORMAALIA PIDEMPI TOIMITUSAIKA.Musta talvitakki Helsinki logollaVedenpit\u00e4v\u00e4 ja hengitt\u00e4v\u00e4 pilottitakki,jossa korkea kaula ja pidempiselk\u00e4. Piilotettu vetoketju ja tarranauha edess\u00e4.Kaksi etutaskuavetoketjulla.Kaksi suurta l\u00e4pp\u00e4taskua rintataskussa.Napoleonin taskuvetoketjulla vasemmalla puolella.Kaksi isoa ja tilavaa sis\u00e4taskua esim.Asiakirjoille sek\u00e4 vetoketjullinen sis\u00e4tasku esim. Matkapuhelimelle.Irrotettava huppu.S\u00e4\u00e4dett\u00e4v\u00e4 myrskylippu pohjassa ja resorit hihoissa jakauluksessa v\u00e4hent\u00e4v\u00e4t vedon riski\u00e4.Kyyn\u00e4rp\u00e4iden vahvistus lis\u00e4\u00e4kest\u00e4vyytt\u00e4.Heijastimet olkap\u00e4ill\u00e4 sek\u00e4 edess\u00e4 ja takana [&hellip;]<\/p>\n","protected":false},"featured_media":103871,"comment_status":"open","ping_status":"closed","template":"","meta":[],"product_brand":[],"product_cat":[3330],"product_tag":[],"class_list":{"0":"post-74901","1":"product","2":"type-product","3":"status-publish","4":"has-post-thumbnail","6":"product_cat-vaatteet-tyovaatteet-stara-talvivaatteet","8":"first","9":"instock","10":"shipping-taxable","11":"purchasable","12":"product-type-simple"},"_links":{"self":[{"href":"https:\/\/logistiikkakeskus.net\/kauppa\/wp-json\/wp\/v2\/product\/74901","targetHints":{"allow":["GET"]}}],"collection":[{"href":"https:\/\/logistiikkakeskus.net\/kauppa\/wp-json\/wp\/v2\/product"}],"about":[{"href":"https:\/\/logistiikkakeskus.net\/kauppa\/wp-json\/wp\/v2\/types\/product"}],"replies":[{"embeddable":true,"href":"https:\/\/logistiikkakeskus.net\/kauppa\/wp-json\/wp\/v2\/comments?post=74901"}],"wp:featuredmedia":[{"embeddable":true,"href":"https:\/\/logistiikkakeskus.net\/kauppa\/wp-json\/wp\/v2\/media\/103871"}],"wp:attachment":[{"href":"https:\/\/logistiikkakeskus.net\/kauppa\/wp-json\/wp\/v2\/media?parent=74901"}],"wp:term":[{"taxonomy":"product_brand","embeddable":true,"href":"https:\/\/logistiikkakeskus.net\/kauppa\/wp-json\/wp\/v2\/product_brand?post=74901"},{"taxonomy":"product_cat","embeddable":true,"href":"https:\/\/logistiikkakeskus.net\/kauppa\/wp-json\/wp\/v2\/product_cat?post=74901"},{"taxonomy":"product_tag","embeddable":true,"href":"https:\/\/logistiikkakeskus.net\/kauppa\/wp-json\/wp\/v2\/product_tag?post=74901"}],"curies":[{"name":"wp","href":"https:\/\/api.w.org\/{rel}","templated":true}]}}