{"id":74877,"date":"2022-12-01T09:38:50","date_gmt":"2022-12-01T09:38:50","guid":{"rendered":"https:\/\/logistiikkakeskus.net\/kauppa\/tuote\/henkselit-l-brador-533pe\/"},"modified":"2026-01-20T09:18:56","modified_gmt":"2026-01-20T07:18:56","slug":"henkselit-l-brador-533pe","status":"publish","type":"product","link":"https:\/\/logistiikkakeskus.net\/kauppa\/tuote\/henkselit-l-brador-533pe\/","title":{"rendered":"Henkselit L.Brador 533PE"},"content":{"rendered":"<p>Joustavat olkaimet, joissa erikoisvahvat lukot ja antiikkimessinkisetpituuss\u00e4\u00e4d\u00f6t. V\u00e4ri: Musta (940). Materiaali: 60% polyesteri, 40%polyamidi. Tekninen, Nikkelivapaa \/ Joustavat olkaimet \/ Edess\u00e4s\u00e4\u00e4dett\u00e4v\u00e4t joustavat olkaimet 83 cm \/ Takana joustavat olkaimet 27 cm \/ Erikoisvahvat soljet ja s\u00e4\u00e4t\u00f6kappaleet antiikkimessinginv\u00e4risell\u00e4 viimeistelyll\u00e4 \/ Leveys 50 mm.<\/p>\n","protected":false},"excerpt":{"rendered":"<p>Joustavat olkaimet, joissa erikoisvahvat lukot ja antiikkimessinkisetpituuss\u00e4\u00e4d\u00f6t. V\u00e4ri: Musta (940). Materiaali: 60% polyesteri, 40%polyamidi. Tekninen, Nikkelivapaa \/ Joustavat olkaimet \/ Edess\u00e4s\u00e4\u00e4dett\u00e4v\u00e4t joustavat olkaimet 83 cm \/ Takana joustavat olkaimet 27 cm \/ Erikoisvahvat soljet ja s\u00e4\u00e4t\u00f6kappaleet antiikkimessinginv\u00e4risell\u00e4 viimeistelyll\u00e4 \/ Leveys 50 mm.<\/p>\n","protected":false},"featured_media":103861,"comment_status":"open","ping_status":"closed","template":"","meta":[],"product_brand":[],"product_cat":[3287],"product_tag":[],"class_list":{"0":"post-74877","1":"product","2":"type-product","3":"status-publish","4":"has-post-thumbnail","6":"product_cat-vaatteet-tyovaatteet-stara-asusteet","8":"first","9":"instock","10":"shipping-taxable","11":"purchasable","12":"product-type-simple"},"_links":{"self":[{"href":"https:\/\/logistiikkakeskus.net\/kauppa\/wp-json\/wp\/v2\/product\/74877","targetHints":{"allow":["GET"]}}],"collection":[{"href":"https:\/\/logistiikkakeskus.net\/kauppa\/wp-json\/wp\/v2\/product"}],"about":[{"href":"https:\/\/logistiikkakeskus.net\/kauppa\/wp-json\/wp\/v2\/types\/product"}],"replies":[{"embeddable":true,"href":"https:\/\/logistiikkakeskus.net\/kauppa\/wp-json\/wp\/v2\/comments?post=74877"}],"wp:featuredmedia":[{"embeddable":true,"href":"https:\/\/logistiikkakeskus.net\/kauppa\/wp-json\/wp\/v2\/media\/103861"}],"wp:attachment":[{"href":"https:\/\/logistiikkakeskus.net\/kauppa\/wp-json\/wp\/v2\/media?parent=74877"}],"wp:term":[{"taxonomy":"product_brand","embeddable":true,"href":"https:\/\/logistiikkakeskus.net\/kauppa\/wp-json\/wp\/v2\/product_brand?post=74877"},{"taxonomy":"product_cat","embeddable":true,"href":"https:\/\/logistiikkakeskus.net\/kauppa\/wp-json\/wp\/v2\/product_cat?post=74877"},{"taxonomy":"product_tag","embeddable":true,"href":"https:\/\/logistiikkakeskus.net\/kauppa\/wp-json\/wp\/v2\/product_tag?post=74877"}],"curies":[{"name":"wp","href":"https:\/\/api.w.org\/{rel}","templated":true}]}}