{"id":74867,"date":"2022-12-01T09:38:46","date_gmt":"2022-12-01T09:38:46","guid":{"rendered":"https:\/\/logistiikkakeskus.net\/kauppa\/tuote\/puolivisiiri-kask-plasma-v2-harmaa\/"},"modified":"2025-03-25T14:43:03","modified_gmt":"2025-03-25T12:43:03","slug":"puolivisiiri-kask-plasma-v2-harmaa","status":"publish","type":"product","link":"https:\/\/logistiikkakeskus.net\/kauppa\/tuote\/puolivisiiri-kask-plasma-v2-harmaa\/","title":{"rendered":"Puolivisiiri Kask Plasma V2 harmaa"},"content":{"rendered":"<p>nnovatiivinen polykarbonaattivisiiri, jossa naarmunkest\u00e4v\u00e4 lakkaus jasis\u00e4puolella huurtumisen est\u00e4v\u00e4 pinnoite.Yl\u00e4reunan kumiprofiili suojaa pisaroilta ja iskunkest\u00e4v\u00e4 reuna takaamaksimaalisen mukavuuden.Ergonominen panoraamalinssi mahdollistaa omien silm\u00e4lasien k\u00e4ytt\u00e4misen.Korkea ja laadukas linssi suojaa silmi\u00e4 tehokkaasti, ja innovatiivisenmuotoilun ansiosta visiiri\u00e4 on helppo k\u00e4ytt\u00e4\u00e4 koko ty\u00f6p\u00e4iv\u00e4n ajan.Visiirin mukana kyp\u00e4r\u00e4kiinnikkeet (saatavana my\u00f6s varaosana).Hyv\u00e4ksynn\u00e4t: EN 166, EN 14458, ANSI Z 87,1, EN170 (clear), EN172 (smoke,silver mirror).<\/p>\n","protected":false},"excerpt":{"rendered":"<p>nnovatiivinen polykarbonaattivisiiri, jossa naarmunkest\u00e4v\u00e4 lakkaus jasis\u00e4puolella huurtumisen est\u00e4v\u00e4 pinnoite.Yl\u00e4reunan kumiprofiili suojaa pisaroilta ja iskunkest\u00e4v\u00e4 reuna takaamaksimaalisen mukavuuden.Ergonominen panoraamalinssi mahdollistaa omien silm\u00e4lasien k\u00e4ytt\u00e4misen.Korkea ja laadukas linssi suojaa silmi\u00e4 tehokkaasti, ja innovatiivisenmuotoilun ansiosta visiiri\u00e4 on helppo k\u00e4ytt\u00e4\u00e4 koko ty\u00f6p\u00e4iv\u00e4n ajan.Visiirin mukana kyp\u00e4r\u00e4kiinnikkeet (saatavana my\u00f6s varaosana).Hyv\u00e4ksynn\u00e4t: EN 166, EN 14458, ANSI Z 87,1, EN170 (clear), EN172 (smoke,silver mirror).<\/p>\n","protected":false},"featured_media":0,"comment_status":"open","ping_status":"closed","template":"","meta":[],"product_brand":[],"product_cat":[3374],"product_tag":[],"class_list":{"0":"post-74867","1":"product","2":"type-product","3":"status-publish","5":"product_cat-henkilonsuojaimet-ja-tyoturvallisuus-henkilonsuojaimet-suojalasit-ja-kasvosuojaimet","7":"first","8":"instock","9":"shipping-taxable","10":"purchasable","11":"product-type-simple"},"_links":{"self":[{"href":"https:\/\/logistiikkakeskus.net\/kauppa\/wp-json\/wp\/v2\/product\/74867","targetHints":{"allow":["GET"]}}],"collection":[{"href":"https:\/\/logistiikkakeskus.net\/kauppa\/wp-json\/wp\/v2\/product"}],"about":[{"href":"https:\/\/logistiikkakeskus.net\/kauppa\/wp-json\/wp\/v2\/types\/product"}],"replies":[{"embeddable":true,"href":"https:\/\/logistiikkakeskus.net\/kauppa\/wp-json\/wp\/v2\/comments?post=74867"}],"wp:attachment":[{"href":"https:\/\/logistiikkakeskus.net\/kauppa\/wp-json\/wp\/v2\/media?parent=74867"}],"wp:term":[{"taxonomy":"product_brand","embeddable":true,"href":"https:\/\/logistiikkakeskus.net\/kauppa\/wp-json\/wp\/v2\/product_brand?post=74867"},{"taxonomy":"product_cat","embeddable":true,"href":"https:\/\/logistiikkakeskus.net\/kauppa\/wp-json\/wp\/v2\/product_cat?post=74867"},{"taxonomy":"product_tag","embeddable":true,"href":"https:\/\/logistiikkakeskus.net\/kauppa\/wp-json\/wp\/v2\/product_tag?post=74867"}],"curies":[{"name":"wp","href":"https:\/\/api.w.org\/{rel}","templated":true}]}}