{"id":74865,"date":"2022-12-01T09:38:45","date_gmt":"2022-12-01T09:38:45","guid":{"rendered":"https:\/\/logistiikkakeskus.net\/kauppa\/tuote\/jatkojohto-opal-6-os-5m-maad-kytkimella\/"},"modified":"2026-01-20T09:18:55","modified_gmt":"2026-01-20T07:18:55","slug":"jatkojohto-opal-6-os-5m-maad-kytkimella","status":"publish","type":"product","link":"https:\/\/logistiikkakeskus.net\/kauppa\/tuote\/jatkojohto-opal-6-os-5m-maad-kytkimella\/","title":{"rendered":"Jatkojohto 6-os 5m maad. kytkimell\u00e4"},"content":{"rendered":"<p>6-osainen maadoitettu s\u00e4hk\u00f6johto,joka on varustettu kytkimell\u00e4. Johdonpituus 5m ja pistokkeet 45 asteen kulmassa. kaapelointi:3 x 1,5 mm\u00b2kotelointiluokka: IP20<\/p>\n","protected":false},"excerpt":{"rendered":"<p>6-osainen maadoitettu s\u00e4hk\u00f6johto,joka on varustettu kytkimell\u00e4. Johdonpituus 5m ja pistokkeet 45 asteen kulmassa. kaapelointi:3 x 1,5 mm\u00b2kotelointiluokka: IP20<\/p>\n","protected":false},"featured_media":103857,"comment_status":"open","ping_status":"closed","template":"","meta":[],"product_brand":[],"product_cat":[3260],"product_tag":[],"class_list":{"0":"post-74865","1":"product","2":"type-product","3":"status-publish","4":"has-post-thumbnail","6":"product_cat-it-toimisto-sahkolaitteet-ja-tarv-sahkolaitteet-ja-tarvikkeet-muut-sahkotarvikkeet","8":"first","9":"instock","10":"shipping-taxable","11":"purchasable","12":"product-type-simple"},"_links":{"self":[{"href":"https:\/\/logistiikkakeskus.net\/kauppa\/wp-json\/wp\/v2\/product\/74865","targetHints":{"allow":["GET"]}}],"collection":[{"href":"https:\/\/logistiikkakeskus.net\/kauppa\/wp-json\/wp\/v2\/product"}],"about":[{"href":"https:\/\/logistiikkakeskus.net\/kauppa\/wp-json\/wp\/v2\/types\/product"}],"replies":[{"embeddable":true,"href":"https:\/\/logistiikkakeskus.net\/kauppa\/wp-json\/wp\/v2\/comments?post=74865"}],"wp:featuredmedia":[{"embeddable":true,"href":"https:\/\/logistiikkakeskus.net\/kauppa\/wp-json\/wp\/v2\/media\/103857"}],"wp:attachment":[{"href":"https:\/\/logistiikkakeskus.net\/kauppa\/wp-json\/wp\/v2\/media?parent=74865"}],"wp:term":[{"taxonomy":"product_brand","embeddable":true,"href":"https:\/\/logistiikkakeskus.net\/kauppa\/wp-json\/wp\/v2\/product_brand?post=74865"},{"taxonomy":"product_cat","embeddable":true,"href":"https:\/\/logistiikkakeskus.net\/kauppa\/wp-json\/wp\/v2\/product_cat?post=74865"},{"taxonomy":"product_tag","embeddable":true,"href":"https:\/\/logistiikkakeskus.net\/kauppa\/wp-json\/wp\/v2\/product_tag?post=74865"}],"curies":[{"name":"wp","href":"https:\/\/api.w.org\/{rel}","templated":true}]}}