{"id":74856,"date":"2022-12-01T09:38:42","date_gmt":"2022-12-01T09:38:42","guid":{"rendered":"https:\/\/logistiikkakeskus.net\/kauppa\/tuote\/lampokerrasto-merinovilla-musta-s\/"},"modified":"2026-01-20T09:18:55","modified_gmt":"2026-01-20T07:18:55","slug":"lampokerrasto-merinovilla-musta-s","status":"publish","type":"product","link":"https:\/\/logistiikkakeskus.net\/kauppa\/tuote\/lampokerrasto-merinovilla-musta-s\/","title":{"rendered":"L\u00e4mp\u00f6kerrasto merinovilla musta S"},"content":{"rendered":"<p>Svala Merino Extra Warm-paita,O-NeckLuonnostaan antibakteerinen Merinovilla est\u00e4\u00e4 ep\u00e4miellytt\u00e4vien hajujensyntymist\u00e4,joten luonnon ominaisuus yhdistettyn\u00e4 ainutlaatuiseentekniseen kaksikerrosrakenteeseemme tekee Merinopaidastamme t\u00e4ydellisenasusteen esimerkiksi vaelluksille.Pitk\u00e4hihaisia Merino-paitoja k\u00e4ytet\u00e4\u00e4nalusasuna tai v\u00e4liasuna 100% Dry -alusasujen p\u00e4\u00e4ll\u00e4.Alla lis\u00e4\u00e4materiaaleista ja teknisyydest\u00e4.Tyk\u00f6istuva pitk\u00e4hihainen paita,jossa o-p\u00e4\u00e4ntie.Soveltuukerrospukeutumiseen ty\u00f6ss\u00e4 ja vapaa-ajalla.Neuloksessa tekninenkaksikerrosrakenne, jossa sisempi kerros on kosteutta tehokkaastisiirt\u00e4v\u00e4\u00e4 polypropyleeni\u00e4 ja ulompi l\u00e4mp\u00f6\u00e4 sitovaa SuperWash- jakoinsuojak\u00e4sitelty\u00e4 Merinovillaa.Kaikki saumat ovat litteit\u00e4tasosaumoja, joten tuote on miellytt\u00e4v\u00e4 p\u00e4\u00e4ll\u00e4 &#8211; ei paina tai hankaaihoa.Merino Extra Warm-housut Regular FItkaksikerrosrakenne,jossa sisempi kerros on kosteutta tehokkaastisiirt\u00e4v\u00e4\u00e4 polypropyleeni\u00e4 ja ulompi l\u00e4mp\u00f6\u00e4 sitova<\/p>\n","protected":false},"excerpt":{"rendered":"<p>Svala Merino Extra Warm-paita,O-NeckLuonnostaan antibakteerinen Merinovilla est\u00e4\u00e4 ep\u00e4miellytt\u00e4vien hajujensyntymist\u00e4,joten luonnon ominaisuus yhdistettyn\u00e4 ainutlaatuiseentekniseen kaksikerrosrakenteeseemme tekee Merinopaidastamme t\u00e4ydellisenasusteen esimerkiksi vaelluksille.Pitk\u00e4hihaisia Merino-paitoja k\u00e4ytet\u00e4\u00e4nalusasuna tai v\u00e4liasuna 100% Dry -alusasujen p\u00e4\u00e4ll\u00e4.Alla lis\u00e4\u00e4materiaaleista ja teknisyydest\u00e4.Tyk\u00f6istuva pitk\u00e4hihainen paita,jossa o-p\u00e4\u00e4ntie.Soveltuukerrospukeutumiseen ty\u00f6ss\u00e4 ja vapaa-ajalla.Neuloksessa tekninenkaksikerrosrakenne, jossa sisempi kerros on kosteutta tehokkaastisiirt\u00e4v\u00e4\u00e4 polypropyleeni\u00e4 ja ulompi l\u00e4mp\u00f6\u00e4 sitovaa SuperWash- jakoinsuojak\u00e4sitelty\u00e4 Merinovillaa.Kaikki saumat ovat litteit\u00e4tasosaumoja, joten [&hellip;]<\/p>\n","protected":false},"featured_media":103853,"comment_status":"open","ping_status":"closed","template":"","meta":[],"product_brand":[],"product_cat":[3330],"product_tag":[],"class_list":{"0":"post-74856","1":"product","2":"type-product","3":"status-publish","4":"has-post-thumbnail","6":"product_cat-vaatteet-tyovaatteet-stara-talvivaatteet","8":"first","9":"instock","10":"shipping-taxable","11":"purchasable","12":"product-type-simple"},"_links":{"self":[{"href":"https:\/\/logistiikkakeskus.net\/kauppa\/wp-json\/wp\/v2\/product\/74856","targetHints":{"allow":["GET"]}}],"collection":[{"href":"https:\/\/logistiikkakeskus.net\/kauppa\/wp-json\/wp\/v2\/product"}],"about":[{"href":"https:\/\/logistiikkakeskus.net\/kauppa\/wp-json\/wp\/v2\/types\/product"}],"replies":[{"embeddable":true,"href":"https:\/\/logistiikkakeskus.net\/kauppa\/wp-json\/wp\/v2\/comments?post=74856"}],"wp:featuredmedia":[{"embeddable":true,"href":"https:\/\/logistiikkakeskus.net\/kauppa\/wp-json\/wp\/v2\/media\/103853"}],"wp:attachment":[{"href":"https:\/\/logistiikkakeskus.net\/kauppa\/wp-json\/wp\/v2\/media?parent=74856"}],"wp:term":[{"taxonomy":"product_brand","embeddable":true,"href":"https:\/\/logistiikkakeskus.net\/kauppa\/wp-json\/wp\/v2\/product_brand?post=74856"},{"taxonomy":"product_cat","embeddable":true,"href":"https:\/\/logistiikkakeskus.net\/kauppa\/wp-json\/wp\/v2\/product_cat?post=74856"},{"taxonomy":"product_tag","embeddable":true,"href":"https:\/\/logistiikkakeskus.net\/kauppa\/wp-json\/wp\/v2\/product_tag?post=74856"}],"curies":[{"name":"wp","href":"https:\/\/api.w.org\/{rel}","templated":true}]}}