{"id":74626,"date":"2022-12-01T09:37:26","date_gmt":"2022-12-01T09:37:26","guid":{"rendered":"https:\/\/logistiikkakeskus.net\/kauppa\/tuote\/kuulosuoj-peltor-optime-2a-sanka\/"},"modified":"2026-01-20T09:18:51","modified_gmt":"2026-01-20T07:18:51","slug":"kuulosuoj-peltor-optime-2a-sanka","status":"publish","type":"product","link":"https:\/\/logistiikkakeskus.net\/kauppa\/tuote\/kuulosuoj-peltor-optime-2a-sanka\/","title":{"rendered":"Kuulosuoj Peltor Optime 2A Sanka"},"content":{"rendered":"<p>TuotekuvausP\u00e4\u00e4lakisanka. Portaaton korkeudens\u00e4\u00e4t\u00f6.Kehitetty vaativiin meluymp\u00e4rist\u00f6ihin ja vaimentaa eritt\u00e4in hyvin my\u00f6smatalat taajuudet. Tiivisteiden t\u00e4ytteen\u00e4 ainutlaatuinenneste-\/vaahtoyhdistelm\u00e4. Soveltuu keskiraskaaseen teollisuusmeluun.Vastaa EN 352 vaatimuksia.Vaimennusarvot:H = 34M = 29L = 20SNR = 31kuulonsuojain, kuulosuojain, kuulonsuojaus<\/p>\n","protected":false},"excerpt":{"rendered":"<p>TuotekuvausP\u00e4\u00e4lakisanka. Portaaton korkeudens\u00e4\u00e4t\u00f6.Kehitetty vaativiin meluymp\u00e4rist\u00f6ihin ja vaimentaa eritt\u00e4in hyvin my\u00f6smatalat taajuudet. Tiivisteiden t\u00e4ytteen\u00e4 ainutlaatuinenneste-\/vaahtoyhdistelm\u00e4. Soveltuu keskiraskaaseen teollisuusmeluun.Vastaa EN 352 vaatimuksia.Vaimennusarvot:H = 34M = 29L = 20SNR = 31kuulonsuojain, kuulosuojain, kuulonsuojaus<\/p>\n","protected":false},"featured_media":0,"comment_status":"open","ping_status":"closed","template":"","meta":[],"product_brand":[],"product_cat":[3280],"product_tag":[],"class_list":{"0":"post-74626","1":"product","2":"type-product","3":"status-publish","5":"product_cat-henkilonsuojaimet-ja-tyoturvallisuus-henkilonsuojaimet-kuulosuojaimet","7":"first","8":"instock","9":"shipping-taxable","10":"purchasable","11":"product-type-simple"},"_links":{"self":[{"href":"https:\/\/logistiikkakeskus.net\/kauppa\/wp-json\/wp\/v2\/product\/74626","targetHints":{"allow":["GET"]}}],"collection":[{"href":"https:\/\/logistiikkakeskus.net\/kauppa\/wp-json\/wp\/v2\/product"}],"about":[{"href":"https:\/\/logistiikkakeskus.net\/kauppa\/wp-json\/wp\/v2\/types\/product"}],"replies":[{"embeddable":true,"href":"https:\/\/logistiikkakeskus.net\/kauppa\/wp-json\/wp\/v2\/comments?post=74626"}],"wp:attachment":[{"href":"https:\/\/logistiikkakeskus.net\/kauppa\/wp-json\/wp\/v2\/media?parent=74626"}],"wp:term":[{"taxonomy":"product_brand","embeddable":true,"href":"https:\/\/logistiikkakeskus.net\/kauppa\/wp-json\/wp\/v2\/product_brand?post=74626"},{"taxonomy":"product_cat","embeddable":true,"href":"https:\/\/logistiikkakeskus.net\/kauppa\/wp-json\/wp\/v2\/product_cat?post=74626"},{"taxonomy":"product_tag","embeddable":true,"href":"https:\/\/logistiikkakeskus.net\/kauppa\/wp-json\/wp\/v2\/product_tag?post=74626"}],"curies":[{"name":"wp","href":"https:\/\/api.w.org\/{rel}","templated":true}]}}