{"id":74624,"date":"2022-12-01T09:37:25","date_gmt":"2022-12-01T09:37:25","guid":{"rendered":"https:\/\/logistiikkakeskus.net\/kauppa\/tuote\/sangalliset-korvatulpat-howard-l-percap\/"},"modified":"2026-01-20T09:18:51","modified_gmt":"2026-01-20T07:18:51","slug":"sangalliset-korvatulpat-howard-l-percap","status":"publish","type":"product","link":"https:\/\/logistiikkakeskus.net\/kauppa\/tuote\/sangalliset-korvatulpat-howard-l-percap\/","title":{"rendered":"Sangalliset korvatulpat Howard L. PerCap"},"content":{"rendered":"<p>Kokoontaitettava, sangallinen korvatulppa. Mukava, kevyt,yksinkertainen, tehokas. Voidaan k\u00e4ytt\u00e4\u00e4 mukavasti kolmella tavalla:p\u00e4\u00e4laella, niskan takana tai leuan alla. Suojaa hyvin useimmissameluolosuhteissa.Vaihdettavat tulpat.Vastaa EN 352 vaatimuksia.Vaimennusarvot:H = 27M = 20L = 18SNR = 24hakusanat: kuulonsuojain, kuulosuojain, kuulonsuojaus<\/p>\n","protected":false},"excerpt":{"rendered":"<p>Kokoontaitettava, sangallinen korvatulppa. Mukava, kevyt,yksinkertainen, tehokas. Voidaan k\u00e4ytt\u00e4\u00e4 mukavasti kolmella tavalla:p\u00e4\u00e4laella, niskan takana tai leuan alla. Suojaa hyvin useimmissameluolosuhteissa.Vaihdettavat tulpat.Vastaa EN 352 vaatimuksia.Vaimennusarvot:H = 27M = 20L = 18SNR = 24hakusanat: kuulonsuojain, kuulosuojain, kuulonsuojaus<\/p>\n","protected":false},"featured_media":103813,"comment_status":"open","ping_status":"closed","template":"","meta":[],"product_brand":[],"product_cat":[3280],"product_tag":[],"class_list":{"0":"post-74624","1":"product","2":"type-product","3":"status-publish","4":"has-post-thumbnail","6":"product_cat-henkilonsuojaimet-ja-tyoturvallisuus-henkilonsuojaimet-kuulosuojaimet","8":"first","9":"instock","10":"shipping-taxable","11":"purchasable","12":"product-type-simple"},"_links":{"self":[{"href":"https:\/\/logistiikkakeskus.net\/kauppa\/wp-json\/wp\/v2\/product\/74624","targetHints":{"allow":["GET"]}}],"collection":[{"href":"https:\/\/logistiikkakeskus.net\/kauppa\/wp-json\/wp\/v2\/product"}],"about":[{"href":"https:\/\/logistiikkakeskus.net\/kauppa\/wp-json\/wp\/v2\/types\/product"}],"replies":[{"embeddable":true,"href":"https:\/\/logistiikkakeskus.net\/kauppa\/wp-json\/wp\/v2\/comments?post=74624"}],"wp:featuredmedia":[{"embeddable":true,"href":"https:\/\/logistiikkakeskus.net\/kauppa\/wp-json\/wp\/v2\/media\/103813"}],"wp:attachment":[{"href":"https:\/\/logistiikkakeskus.net\/kauppa\/wp-json\/wp\/v2\/media?parent=74624"}],"wp:term":[{"taxonomy":"product_brand","embeddable":true,"href":"https:\/\/logistiikkakeskus.net\/kauppa\/wp-json\/wp\/v2\/product_brand?post=74624"},{"taxonomy":"product_cat","embeddable":true,"href":"https:\/\/logistiikkakeskus.net\/kauppa\/wp-json\/wp\/v2\/product_cat?post=74624"},{"taxonomy":"product_tag","embeddable":true,"href":"https:\/\/logistiikkakeskus.net\/kauppa\/wp-json\/wp\/v2\/product_tag?post=74624"}],"curies":[{"name":"wp","href":"https:\/\/api.w.org\/{rel}","templated":true}]}}