{"id":74616,"date":"2022-12-01T09:37:23","date_gmt":"2022-12-01T09:37:23","guid":{"rendered":"https:\/\/logistiikkakeskus.net\/kauppa\/tuote\/epoksiliima-strong-epoxy-superquick-2x12\/"},"modified":"2026-01-20T09:18:51","modified_gmt":"2026-01-20T07:18:51","slug":"epoksiliima-strong-epoxy-superquick-2x12","status":"publish","type":"product","link":"https:\/\/logistiikkakeskus.net\/kauppa\/tuote\/epoksiliima-strong-epoxy-superquick-2x12\/","title":{"rendered":"Epoksiliima Strong Epoxy SuperQuick 2&#215;12"},"content":{"rendered":"<p>Epoksiliima Strong Epoxy SuperQuick 2&#215;12 mlEritt\u00e4in voimakas ja eritt\u00e4in nopeasti kovettuva epoksiliima metallin,posliinin, keramiikan, betonin, puun ja useimpien ei-rasvaisten muovienliimaamiseen.Kovettuu n. 90 sekunnissa. P\u00e4\u00e4llemaalattavissa. Kosteudenkest\u00e4v\u00e4 (eijatkuvaan vesirasitukseen).hakusanat: kaksikomponenttiliima, pikaliima<\/p>\n","protected":false},"excerpt":{"rendered":"<p>Epoksiliima Strong Epoxy SuperQuick 2&#215;12 mlEritt\u00e4in voimakas ja eritt\u00e4in nopeasti kovettuva epoksiliima metallin,posliinin, keramiikan, betonin, puun ja useimpien ei-rasvaisten muovienliimaamiseen.Kovettuu n. 90 sekunnissa. P\u00e4\u00e4llemaalattavissa. Kosteudenkest\u00e4v\u00e4 (eijatkuvaan vesirasitukseen).hakusanat: kaksikomponenttiliima, pikaliima<\/p>\n","protected":false},"featured_media":103810,"comment_status":"open","ping_status":"closed","template":"","meta":[],"product_brand":[],"product_cat":[3325],"product_tag":[],"class_list":{"0":"post-74616","1":"product","2":"type-product","3":"status-publish","4":"has-post-thumbnail","6":"product_cat-kemikaalit-silikonit-ja-liimat-liimat","8":"first","9":"instock","10":"shipping-taxable","11":"purchasable","12":"product-type-simple"},"_links":{"self":[{"href":"https:\/\/logistiikkakeskus.net\/kauppa\/wp-json\/wp\/v2\/product\/74616","targetHints":{"allow":["GET"]}}],"collection":[{"href":"https:\/\/logistiikkakeskus.net\/kauppa\/wp-json\/wp\/v2\/product"}],"about":[{"href":"https:\/\/logistiikkakeskus.net\/kauppa\/wp-json\/wp\/v2\/types\/product"}],"replies":[{"embeddable":true,"href":"https:\/\/logistiikkakeskus.net\/kauppa\/wp-json\/wp\/v2\/comments?post=74616"}],"wp:featuredmedia":[{"embeddable":true,"href":"https:\/\/logistiikkakeskus.net\/kauppa\/wp-json\/wp\/v2\/media\/103810"}],"wp:attachment":[{"href":"https:\/\/logistiikkakeskus.net\/kauppa\/wp-json\/wp\/v2\/media?parent=74616"}],"wp:term":[{"taxonomy":"product_brand","embeddable":true,"href":"https:\/\/logistiikkakeskus.net\/kauppa\/wp-json\/wp\/v2\/product_brand?post=74616"},{"taxonomy":"product_cat","embeddable":true,"href":"https:\/\/logistiikkakeskus.net\/kauppa\/wp-json\/wp\/v2\/product_cat?post=74616"},{"taxonomy":"product_tag","embeddable":true,"href":"https:\/\/logistiikkakeskus.net\/kauppa\/wp-json\/wp\/v2\/product_tag?post=74616"}],"curies":[{"name":"wp","href":"https:\/\/api.w.org\/{rel}","templated":true}]}}