{"id":74555,"date":"2022-12-01T09:37:01","date_gmt":"2022-12-01T09:37:01","guid":{"rendered":"https:\/\/logistiikkakeskus.net\/kauppa\/tuote\/turvanastajalkine-spike-gt-roller-46\/"},"modified":"2026-01-20T09:18:49","modified_gmt":"2026-01-20T07:18:49","slug":"turvanastajalkine-spike-gt-roller-46","status":"publish","type":"product","link":"https:\/\/logistiikkakeskus.net\/kauppa\/tuote\/turvanastajalkine-spike-gt-roller-46\/","title":{"rendered":"Turvanastajalkine Spike GT Roller 46"},"content":{"rendered":"<p>T\u00e4ysin uusi Sievi Spike GT Roller S3 -turvakeng\u00e4t ovat edell\u00e4k\u00e4vij\u00e4liukastumistapaturmien ehk\u00e4isyss\u00e4! Sievi Spike -turvajalkineissa onpohjarakenteeseen integroitu ja patentoitu nastamekanismi, jokamahdollistaa nastojen k\u00e4\u00e4nt\u00e4misen helposti sis\u00e4\u00e4n ja ulos riisumattajalkineita jalasta. Sievi Spike GT Roller S3 on nilkkurimallinenturvakenk\u00e4, joka yhdist\u00e4\u00e4 laadukkaimmat tuotemerkit ylivoimaiseksik\u00e4ytt\u00f6mukavuudeksi: GORE-TEX\u00ae takaa maksimaalisen hengitt\u00e4vyyden,vedenkeston ja mukavuuden, ja Boa\u00ae-kiristysmekanismi sulkee jalkineethelposti ja tasaisesti. Sievi Spike GT Roller S3 ty\u00f6kenk\u00e4 istuu jalkaant\u00e4ydellisesti ja pit\u00e4\u00e4 jalat kuivina koko ty\u00f6p\u00e4iv\u00e4n ajan, olosuhteistariippumatta. Suunniteltu suomalaisiin olosuhteisiin!<\/p>\n","protected":false},"excerpt":{"rendered":"<p>T\u00e4ysin uusi Sievi Spike GT Roller S3 -turvakeng\u00e4t ovat edell\u00e4k\u00e4vij\u00e4liukastumistapaturmien ehk\u00e4isyss\u00e4! Sievi Spike -turvajalkineissa onpohjarakenteeseen integroitu ja patentoitu nastamekanismi, jokamahdollistaa nastojen k\u00e4\u00e4nt\u00e4misen helposti sis\u00e4\u00e4n ja ulos riisumattajalkineita jalasta. Sievi Spike GT Roller S3 on nilkkurimallinenturvakenk\u00e4, joka yhdist\u00e4\u00e4 laadukkaimmat tuotemerkit ylivoimaiseksik\u00e4ytt\u00f6mukavuudeksi: GORE-TEX\u00ae takaa maksimaalisen hengitt\u00e4vyyden,vedenkeston ja mukavuuden, ja Boa\u00ae-kiristysmekanismi sulkee jalkineethelposti ja tasaisesti. Sievi Spike GT [&hellip;]<\/p>\n","protected":false},"featured_media":92449,"comment_status":"open","ping_status":"closed","template":"","meta":[],"product_brand":[],"product_cat":[3415],"product_tag":[],"class_list":{"0":"post-74555","1":"product","2":"type-product","3":"status-publish","4":"has-post-thumbnail","6":"product_cat-henkilonsuojaimet-ja-tyoturvallisuus-jalkineet-turvakengat","8":"first","9":"instock","10":"shipping-taxable","11":"purchasable","12":"product-type-simple"},"_links":{"self":[{"href":"https:\/\/logistiikkakeskus.net\/kauppa\/wp-json\/wp\/v2\/product\/74555","targetHints":{"allow":["GET"]}}],"collection":[{"href":"https:\/\/logistiikkakeskus.net\/kauppa\/wp-json\/wp\/v2\/product"}],"about":[{"href":"https:\/\/logistiikkakeskus.net\/kauppa\/wp-json\/wp\/v2\/types\/product"}],"replies":[{"embeddable":true,"href":"https:\/\/logistiikkakeskus.net\/kauppa\/wp-json\/wp\/v2\/comments?post=74555"}],"wp:featuredmedia":[{"embeddable":true,"href":"https:\/\/logistiikkakeskus.net\/kauppa\/wp-json\/wp\/v2\/media\/92449"}],"wp:attachment":[{"href":"https:\/\/logistiikkakeskus.net\/kauppa\/wp-json\/wp\/v2\/media?parent=74555"}],"wp:term":[{"taxonomy":"product_brand","embeddable":true,"href":"https:\/\/logistiikkakeskus.net\/kauppa\/wp-json\/wp\/v2\/product_brand?post=74555"},{"taxonomy":"product_cat","embeddable":true,"href":"https:\/\/logistiikkakeskus.net\/kauppa\/wp-json\/wp\/v2\/product_cat?post=74555"},{"taxonomy":"product_tag","embeddable":true,"href":"https:\/\/logistiikkakeskus.net\/kauppa\/wp-json\/wp\/v2\/product_tag?post=74555"}],"curies":[{"name":"wp","href":"https:\/\/api.w.org\/{rel}","templated":true}]}}