{"id":74489,"date":"2022-12-01T09:36:34","date_gmt":"2022-12-01T09:36:34","guid":{"rendered":"https:\/\/logistiikkakeskus.net\/kauppa\/tuote\/turvajalkine-sievi-al-gt-timber-xl-45\/"},"modified":"2025-10-15T10:19:27","modified_gmt":"2025-10-15T07:19:27","slug":"turvajalkine-sievi-al-gt-timber-xl-45","status":"publish","type":"product","link":"https:\/\/logistiikkakeskus.net\/kauppa\/tuote\/turvajalkine-sievi-al-gt-timber-xl-45\/","title":{"rendered":"Turvajalkine Sievi Al GT Timber XL 45"},"content":{"rendered":"<p>Tilaustuote. Tilaustuotteella on normaalia pidempitoimitusaika.Tilaustuotteella ei ole palautusoikeutta.<\/p>\n<p>Sievi AL GT Timber on viiltosuojattu turvakenk\u00e4 moottorisahank\u00e4ytt\u00e4j\u00e4lle ja t\u00e4ytt\u00e4\u00e4 moottorisahan suojausluokan 2 mukaisenturvajalkinestandardin. Mallissa on tavallista leve\u00e4mpi lesti ja nilkkaatukeva memory foam -vaimennus.<\/p>\n<p>Hengitt\u00e4v\u00e4 GORE-TEX-kalvo pit\u00e4\u00e4 jalat kuivana s\u00e4\u00e4ll\u00e4 kuins\u00e4\u00e4ll\u00e4.Korkeakuvioisessa uudistetussa kumikitkapohjassa on erinomaiset pito- jakulutuksen kesto-ominaisuudet vaihtelevissakin olosuhteissa. Varpaatovat suojattu kevyell\u00e4 alumiinisella varvassuojalla. Jalkapohjaa suojaater\u00e4ksinen naulaanastumissuoja, joka antaa parhaan suojan ter\u00e4vi\u00e4esineit\u00e4 vastaan. Kitkapohja kest\u00e4\u00e4 kuumuutta 300 asteeseen asti. Lesti:leve\u00e4 XL-lesti<\/p>\n<p>Hakusanat: turvakenk\u00e4, metsuri, nilkkuri, viiltosuoja,moottorisaha<\/p>\n","protected":false},"excerpt":{"rendered":"<p>Tilaustuote. Tilaustuotteella on normaalia pidempitoimitusaika.Tilaustuotteella ei ole palautusoikeutta. Sievi AL GT Timber on viiltosuojattu turvakenk\u00e4 moottorisahank\u00e4ytt\u00e4j\u00e4lle ja t\u00e4ytt\u00e4\u00e4 moottorisahan suojausluokan 2 mukaisenturvajalkinestandardin. Mallissa on tavallista leve\u00e4mpi lesti ja nilkkaatukeva memory foam -vaimennus. Hengitt\u00e4v\u00e4 GORE-TEX-kalvo pit\u00e4\u00e4 jalat kuivana s\u00e4\u00e4ll\u00e4 kuins\u00e4\u00e4ll\u00e4.Korkeakuvioisessa uudistetussa kumikitkapohjassa on erinomaiset pito- jakulutuksen kesto-ominaisuudet vaihtelevissakin olosuhteissa. Varpaatovat suojattu kevyell\u00e4 alumiinisella varvassuojalla. Jalkapohjaa suojaater\u00e4ksinen [&hellip;]<\/p>\n","protected":false},"featured_media":0,"comment_status":"open","ping_status":"closed","template":"","meta":[],"product_brand":[],"product_cat":[3415],"product_tag":[],"class_list":{"0":"post-74489","1":"product","2":"type-product","3":"status-publish","5":"product_cat-henkilonsuojaimet-ja-tyoturvallisuus-jalkineet-turvakengat","7":"first","8":"instock","9":"shipping-taxable","10":"purchasable","11":"product-type-simple"},"_links":{"self":[{"href":"https:\/\/logistiikkakeskus.net\/kauppa\/wp-json\/wp\/v2\/product\/74489","targetHints":{"allow":["GET"]}}],"collection":[{"href":"https:\/\/logistiikkakeskus.net\/kauppa\/wp-json\/wp\/v2\/product"}],"about":[{"href":"https:\/\/logistiikkakeskus.net\/kauppa\/wp-json\/wp\/v2\/types\/product"}],"replies":[{"embeddable":true,"href":"https:\/\/logistiikkakeskus.net\/kauppa\/wp-json\/wp\/v2\/comments?post=74489"}],"wp:attachment":[{"href":"https:\/\/logistiikkakeskus.net\/kauppa\/wp-json\/wp\/v2\/media?parent=74489"}],"wp:term":[{"taxonomy":"product_brand","embeddable":true,"href":"https:\/\/logistiikkakeskus.net\/kauppa\/wp-json\/wp\/v2\/product_brand?post=74489"},{"taxonomy":"product_cat","embeddable":true,"href":"https:\/\/logistiikkakeskus.net\/kauppa\/wp-json\/wp\/v2\/product_cat?post=74489"},{"taxonomy":"product_tag","embeddable":true,"href":"https:\/\/logistiikkakeskus.net\/kauppa\/wp-json\/wp\/v2\/product_tag?post=74489"}],"curies":[{"name":"wp","href":"https:\/\/api.w.org\/{rel}","templated":true}]}}