{"id":74443,"date":"2022-12-01T09:36:18","date_gmt":"2022-12-01T09:36:18","guid":{"rendered":"https:\/\/logistiikkakeskus.net\/kauppa\/tuote\/turvasaapas-storm-xl-s3-46\/"},"modified":"2026-01-20T09:18:45","modified_gmt":"2026-01-20T07:18:45","slug":"turvasaapas-storm-xl-s3-46","status":"publish","type":"product","link":"https:\/\/logistiikkakeskus.net\/kauppa\/tuote\/turvasaapas-storm-xl-s3-46\/","title":{"rendered":"Turvasaapas Storm XL S3 46"},"content":{"rendered":"<p>T\u00e4ysin metalliton talvisaapas. Primaloft-l\u00e4mm\u00f6neristys jaalumiinihuopapohjallinen takaavat yhdess\u00e4 erinomaisen l\u00e4mm\u00f6neristyksen.Saappaiden pintamateriaali on vett\u00e4 hylkiv\u00e4\u00e4 ja kest\u00e4v\u00e4\u00e4 PU-nahkaa sek\u00e4mikrokuitua, mink\u00e4 ansiosta jalkineet hengitt\u00e4v\u00e4t ja pysyv\u00e4t kuivinavaihtelevista olosuhteista huolimatta. Metalliton tekstiilinaulasuoja jametalliton komposiittivarvassuoja pit\u00e4v\u00e4t jalkasi turvassa ja tekev\u00e4tsaappaista kevyet k\u00e4ytt\u00e4\u00e4. Lesti: leve\u00e4 XL-lesti<\/p>\n<p>Hakusanat: turvajalkine, turvakeng\u00e4t, turvakenk\u00e4<\/p>\n","protected":false},"excerpt":{"rendered":"<p>T\u00e4ysin metalliton talvisaapas. Primaloft-l\u00e4mm\u00f6neristys jaalumiinihuopapohjallinen takaavat yhdess\u00e4 erinomaisen l\u00e4mm\u00f6neristyksen.Saappaiden pintamateriaali on vett\u00e4 hylkiv\u00e4\u00e4 ja kest\u00e4v\u00e4\u00e4 PU-nahkaa sek\u00e4mikrokuitua, mink\u00e4 ansiosta jalkineet hengitt\u00e4v\u00e4t ja pysyv\u00e4t kuivinavaihtelevista olosuhteista huolimatta. Metalliton tekstiilinaulasuoja jametalliton komposiittivarvassuoja pit\u00e4v\u00e4t jalkasi turvassa ja tekev\u00e4tsaappaista kevyet k\u00e4ytt\u00e4\u00e4. Lesti: leve\u00e4 XL-lesti Hakusanat: turvajalkine, turvakeng\u00e4t, turvakenk\u00e4<\/p>\n","protected":false},"featured_media":103762,"comment_status":"open","ping_status":"closed","template":"","meta":[],"product_brand":[],"product_cat":[3415],"product_tag":[],"class_list":{"0":"post-74443","1":"product","2":"type-product","3":"status-publish","4":"has-post-thumbnail","6":"product_cat-henkilonsuojaimet-ja-tyoturvallisuus-jalkineet-turvakengat","8":"first","9":"instock","10":"shipping-taxable","11":"purchasable","12":"product-type-simple"},"_links":{"self":[{"href":"https:\/\/logistiikkakeskus.net\/kauppa\/wp-json\/wp\/v2\/product\/74443","targetHints":{"allow":["GET"]}}],"collection":[{"href":"https:\/\/logistiikkakeskus.net\/kauppa\/wp-json\/wp\/v2\/product"}],"about":[{"href":"https:\/\/logistiikkakeskus.net\/kauppa\/wp-json\/wp\/v2\/types\/product"}],"replies":[{"embeddable":true,"href":"https:\/\/logistiikkakeskus.net\/kauppa\/wp-json\/wp\/v2\/comments?post=74443"}],"wp:featuredmedia":[{"embeddable":true,"href":"https:\/\/logistiikkakeskus.net\/kauppa\/wp-json\/wp\/v2\/media\/103762"}],"wp:attachment":[{"href":"https:\/\/logistiikkakeskus.net\/kauppa\/wp-json\/wp\/v2\/media?parent=74443"}],"wp:term":[{"taxonomy":"product_brand","embeddable":true,"href":"https:\/\/logistiikkakeskus.net\/kauppa\/wp-json\/wp\/v2\/product_brand?post=74443"},{"taxonomy":"product_cat","embeddable":true,"href":"https:\/\/logistiikkakeskus.net\/kauppa\/wp-json\/wp\/v2\/product_cat?post=74443"},{"taxonomy":"product_tag","embeddable":true,"href":"https:\/\/logistiikkakeskus.net\/kauppa\/wp-json\/wp\/v2\/product_tag?post=74443"}],"curies":[{"name":"wp","href":"https:\/\/api.w.org\/{rel}","templated":true}]}}