{"id":74423,"date":"2022-12-01T09:36:12","date_gmt":"2022-12-01T09:36:12","guid":{"rendered":"https:\/\/logistiikkakeskus.net\/kauppa\/tuote\/turvajalkine-sievi-gt-roller-high-s3-45\/"},"modified":"2026-01-20T09:18:44","modified_gmt":"2026-01-20T07:18:44","slug":"turvajalkine-sievi-gt-roller-high-s3-45","status":"publish","type":"product","link":"https:\/\/logistiikkakeskus.net\/kauppa\/tuote\/turvajalkine-sievi-gt-roller-high-s3-45\/","title":{"rendered":"Turvajalkine Sievi GT Roller High+ S3 45"},"content":{"rendered":"<p>Sievi GT Roller High -turvanilkkuri yhdist\u00e4\u00e4 laadukkaimmattuotemerkit ylivoimaiseksi k\u00e4ytt\u00f6mukavuudeksi. Goretex takaamaksimaalisen hengitt\u00e4vyyden, vedenkeston ja mukavuuden, ja BOA-kiristysmekanismi sulkee jalkineet helposti ja tasaisesti. GT RollerHigh istuu jalkaan t\u00e4ydellisesti ja pit\u00e4\u00e4 jalat kuivina koko ty\u00f6p\u00e4iv\u00e4najan, olosuhteista riippumatta. Varvassuoja komposiittia janaulaanastumissuoja ter\u00e4st\u00e4. Lesti: normaali<\/p>\n<p>Hakusanat: turvakenk\u00e4, turvakeng\u00e4t, nilkkuri<\/p>\n","protected":false},"excerpt":{"rendered":"<p>Sievi GT Roller High -turvanilkkuri yhdist\u00e4\u00e4 laadukkaimmattuotemerkit ylivoimaiseksi k\u00e4ytt\u00f6mukavuudeksi. Goretex takaamaksimaalisen hengitt\u00e4vyyden, vedenkeston ja mukavuuden, ja BOA-kiristysmekanismi sulkee jalkineet helposti ja tasaisesti. GT RollerHigh istuu jalkaan t\u00e4ydellisesti ja pit\u00e4\u00e4 jalat kuivina koko ty\u00f6p\u00e4iv\u00e4najan, olosuhteista riippumatta. Varvassuoja komposiittia janaulaanastumissuoja ter\u00e4st\u00e4. Lesti: normaali Hakusanat: turvakenk\u00e4, turvakeng\u00e4t, nilkkuri<\/p>\n","protected":false},"featured_media":103752,"comment_status":"open","ping_status":"closed","template":"","meta":[],"product_brand":[],"product_cat":[3415],"product_tag":[],"class_list":{"0":"post-74423","1":"product","2":"type-product","3":"status-publish","4":"has-post-thumbnail","6":"product_cat-henkilonsuojaimet-ja-tyoturvallisuus-jalkineet-turvakengat","8":"first","9":"instock","10":"shipping-taxable","11":"purchasable","12":"product-type-simple"},"_links":{"self":[{"href":"https:\/\/logistiikkakeskus.net\/kauppa\/wp-json\/wp\/v2\/product\/74423","targetHints":{"allow":["GET"]}}],"collection":[{"href":"https:\/\/logistiikkakeskus.net\/kauppa\/wp-json\/wp\/v2\/product"}],"about":[{"href":"https:\/\/logistiikkakeskus.net\/kauppa\/wp-json\/wp\/v2\/types\/product"}],"replies":[{"embeddable":true,"href":"https:\/\/logistiikkakeskus.net\/kauppa\/wp-json\/wp\/v2\/comments?post=74423"}],"wp:featuredmedia":[{"embeddable":true,"href":"https:\/\/logistiikkakeskus.net\/kauppa\/wp-json\/wp\/v2\/media\/103752"}],"wp:attachment":[{"href":"https:\/\/logistiikkakeskus.net\/kauppa\/wp-json\/wp\/v2\/media?parent=74423"}],"wp:term":[{"taxonomy":"product_brand","embeddable":true,"href":"https:\/\/logistiikkakeskus.net\/kauppa\/wp-json\/wp\/v2\/product_brand?post=74423"},{"taxonomy":"product_cat","embeddable":true,"href":"https:\/\/logistiikkakeskus.net\/kauppa\/wp-json\/wp\/v2\/product_cat?post=74423"},{"taxonomy":"product_tag","embeddable":true,"href":"https:\/\/logistiikkakeskus.net\/kauppa\/wp-json\/wp\/v2\/product_tag?post=74423"}],"curies":[{"name":"wp","href":"https:\/\/api.w.org\/{rel}","templated":true}]}}