{"id":74397,"date":"2022-12-01T09:36:02","date_gmt":"2022-12-01T09:36:02","guid":{"rendered":"https:\/\/logistiikkakeskus.net\/kauppa\/tuote\/turvasandaali-sieviair-roller-xl-s1p-44\/"},"modified":"2026-01-20T09:18:43","modified_gmt":"2026-01-20T07:18:43","slug":"turvasandaali-sieviair-roller-xl-s1p-44","status":"publish","type":"product","link":"https:\/\/logistiikkakeskus.net\/kauppa\/tuote\/turvasandaali-sieviair-roller-xl-s1p-44\/","title":{"rendered":"Turvasandaali SieviAir Roller XL S1P 44"},"content":{"rendered":"<p>Ter\u00e4ksisell\u00e4 naulaanastumissuojalla varustettu SieviAir Roller-turvasandaalit, joiden SieviAir-pohjaratkaisu parantaa tehokkaastijalkineiden ilmanvaihtoa ja k\u00e4ytt\u00f6mukavuutta. 3D-dry-vuori lis\u00e4\u00e4hengitt\u00e4vyytt\u00e4 siirt\u00e4m\u00e4ll\u00e4 kosteutta pois jalan pinnasta. P\u00e4\u00e4llinen onnupukkia ja mikrokuitua. Polyuretaanipohja on pit\u00e4v\u00e4 ja joustava jakest\u00e4\u00e4 \u00f6ljy\u00e4 ja useita kemikaaleja. ESD. Varvassuoja on komposiittia.Helppo ja nopea BOA-kiinnitysmekanismi. Lesti: leve\u00e4 XL-lesti<\/p>\n<p>Hakusanat: turvajalkine, turvakenk\u00e4, turvakeng\u00e4t<\/p>\n","protected":false},"excerpt":{"rendered":"<p>Ter\u00e4ksisell\u00e4 naulaanastumissuojalla varustettu SieviAir Roller-turvasandaalit, joiden SieviAir-pohjaratkaisu parantaa tehokkaastijalkineiden ilmanvaihtoa ja k\u00e4ytt\u00f6mukavuutta. 3D-dry-vuori lis\u00e4\u00e4hengitt\u00e4vyytt\u00e4 siirt\u00e4m\u00e4ll\u00e4 kosteutta pois jalan pinnasta. P\u00e4\u00e4llinen onnupukkia ja mikrokuitua. Polyuretaanipohja on pit\u00e4v\u00e4 ja joustava jakest\u00e4\u00e4 \u00f6ljy\u00e4 ja useita kemikaaleja. ESD. Varvassuoja on komposiittia.Helppo ja nopea BOA-kiinnitysmekanismi. Lesti: leve\u00e4 XL-lesti Hakusanat: turvajalkine, turvakenk\u00e4, turvakeng\u00e4t<\/p>\n","protected":false},"featured_media":103739,"comment_status":"open","ping_status":"closed","template":"","meta":[],"product_brand":[],"product_cat":[3415],"product_tag":[],"class_list":{"0":"post-74397","1":"product","2":"type-product","3":"status-publish","4":"has-post-thumbnail","6":"product_cat-henkilonsuojaimet-ja-tyoturvallisuus-jalkineet-turvakengat","8":"first","9":"instock","10":"shipping-taxable","11":"purchasable","12":"product-type-simple"},"_links":{"self":[{"href":"https:\/\/logistiikkakeskus.net\/kauppa\/wp-json\/wp\/v2\/product\/74397","targetHints":{"allow":["GET"]}}],"collection":[{"href":"https:\/\/logistiikkakeskus.net\/kauppa\/wp-json\/wp\/v2\/product"}],"about":[{"href":"https:\/\/logistiikkakeskus.net\/kauppa\/wp-json\/wp\/v2\/types\/product"}],"replies":[{"embeddable":true,"href":"https:\/\/logistiikkakeskus.net\/kauppa\/wp-json\/wp\/v2\/comments?post=74397"}],"wp:featuredmedia":[{"embeddable":true,"href":"https:\/\/logistiikkakeskus.net\/kauppa\/wp-json\/wp\/v2\/media\/103739"}],"wp:attachment":[{"href":"https:\/\/logistiikkakeskus.net\/kauppa\/wp-json\/wp\/v2\/media?parent=74397"}],"wp:term":[{"taxonomy":"product_brand","embeddable":true,"href":"https:\/\/logistiikkakeskus.net\/kauppa\/wp-json\/wp\/v2\/product_brand?post=74397"},{"taxonomy":"product_cat","embeddable":true,"href":"https:\/\/logistiikkakeskus.net\/kauppa\/wp-json\/wp\/v2\/product_cat?post=74397"},{"taxonomy":"product_tag","embeddable":true,"href":"https:\/\/logistiikkakeskus.net\/kauppa\/wp-json\/wp\/v2\/product_tag?post=74397"}],"curies":[{"name":"wp","href":"https:\/\/api.w.org\/{rel}","templated":true}]}}