{"id":74276,"date":"2022-12-01T09:35:11","date_gmt":"2022-12-01T09:35:11","guid":{"rendered":"https:\/\/logistiikkakeskus.net\/kauppa\/tuote\/turvajalkine-viper-3-s3-45\/"},"modified":"2026-01-20T09:18:39","modified_gmt":"2026-01-20T07:18:39","slug":"turvajalkine-viper-3-s3-45","status":"publish","type":"product","link":"https:\/\/logistiikkakeskus.net\/kauppa\/tuote\/turvajalkine-viper-3-s3-45\/","title":{"rendered":"Turvajalkine Viper 3 S3 45"},"content":{"rendered":"<p>Sievi Viper 3 on nauhallinen turvakenk\u00e4, jossaalumiinivarvassuoja jater\u00e4ksinen naulaanastumissuoja. P\u00e4\u00e4llismateriaali on hengitt\u00e4v\u00e4\u00e4 javett\u00e4 hylkiv\u00e4\u00e4 mikrokuitua. Mukavuutta ja hengitt\u00e4vyytt\u00e4 lis\u00e4\u00e4 ilmava3D-dry-vuori. Pidon ja keveyden maksimoi yksikerrospohja, jonkaFlexStep-materiaali takaa my\u00f6s erinomaisen iskunvaimennuksen. Lesti:normaali<\/p>\n<p>Hakusana: turvakeng\u00e4t, nilkkuri<\/p>\n","protected":false},"excerpt":{"rendered":"<p>Sievi Viper 3 on nauhallinen turvakenk\u00e4, jossaalumiinivarvassuoja jater\u00e4ksinen naulaanastumissuoja. P\u00e4\u00e4llismateriaali on hengitt\u00e4v\u00e4\u00e4 javett\u00e4 hylkiv\u00e4\u00e4 mikrokuitua. Mukavuutta ja hengitt\u00e4vyytt\u00e4 lis\u00e4\u00e4 ilmava3D-dry-vuori. Pidon ja keveyden maksimoi yksikerrospohja, jonkaFlexStep-materiaali takaa my\u00f6s erinomaisen iskunvaimennuksen. Lesti:normaali Hakusana: turvakeng\u00e4t, nilkkuri<\/p>\n","protected":false},"featured_media":103697,"comment_status":"open","ping_status":"closed","template":"","meta":[],"product_brand":[],"product_cat":[3415],"product_tag":[],"class_list":{"0":"post-74276","1":"product","2":"type-product","3":"status-publish","4":"has-post-thumbnail","6":"product_cat-henkilonsuojaimet-ja-tyoturvallisuus-jalkineet-turvakengat","8":"first","9":"instock","10":"shipping-taxable","11":"purchasable","12":"product-type-simple"},"_links":{"self":[{"href":"https:\/\/logistiikkakeskus.net\/kauppa\/wp-json\/wp\/v2\/product\/74276","targetHints":{"allow":["GET"]}}],"collection":[{"href":"https:\/\/logistiikkakeskus.net\/kauppa\/wp-json\/wp\/v2\/product"}],"about":[{"href":"https:\/\/logistiikkakeskus.net\/kauppa\/wp-json\/wp\/v2\/types\/product"}],"replies":[{"embeddable":true,"href":"https:\/\/logistiikkakeskus.net\/kauppa\/wp-json\/wp\/v2\/comments?post=74276"}],"wp:featuredmedia":[{"embeddable":true,"href":"https:\/\/logistiikkakeskus.net\/kauppa\/wp-json\/wp\/v2\/media\/103697"}],"wp:attachment":[{"href":"https:\/\/logistiikkakeskus.net\/kauppa\/wp-json\/wp\/v2\/media?parent=74276"}],"wp:term":[{"taxonomy":"product_brand","embeddable":true,"href":"https:\/\/logistiikkakeskus.net\/kauppa\/wp-json\/wp\/v2\/product_brand?post=74276"},{"taxonomy":"product_cat","embeddable":true,"href":"https:\/\/logistiikkakeskus.net\/kauppa\/wp-json\/wp\/v2\/product_cat?post=74276"},{"taxonomy":"product_tag","embeddable":true,"href":"https:\/\/logistiikkakeskus.net\/kauppa\/wp-json\/wp\/v2\/product_tag?post=74276"}],"curies":[{"name":"wp","href":"https:\/\/api.w.org\/{rel}","templated":true}]}}