{"id":74171,"date":"2022-12-01T09:34:35","date_gmt":"2022-12-01T09:34:35","guid":{"rendered":"https:\/\/logistiikkakeskus.net\/kauppa\/tuote\/turvajalkine-sievi-planar-3-s3-35\/"},"modified":"2026-01-20T09:18:35","modified_gmt":"2026-01-20T07:18:35","slug":"turvajalkine-sievi-planar-3-s3-35","status":"publish","type":"product","link":"https:\/\/logistiikkakeskus.net\/kauppa\/tuote\/turvajalkine-sievi-planar-3-s3-35\/","title":{"rendered":"Turvajalkine Sievi Planar 3 S3 35"},"content":{"rendered":"<p>Tilaustuote. Tuotteella on normaalia pidempi toimitusaika.Tilaustuotteella ei ole palautusoikeutta.<\/p>\n<p>Ulkomuodoltaan retrosti nykyaikainen Sievi Planar 3 -turvakenk\u00e4laajentaa ty\u00f6keng\u00e4n k\u00e4ytt\u00f6mukavuuden uusiin ulottuvuuksiin memory foam -nilkkasuojansa ansiosta: yksil\u00f6llisesti jalan muotoja mukaileva memoryfoam tukee miellytt\u00e4v\u00e4sti auttaen ehk\u00e4isem\u00e4\u00e4n nilkkavammoja. Mukavuudenmaksimoivat 3D-dry-vuori sek\u00e4 kaksoisvaimennetut Dual-pohjalliset.Ter\u00e4ksiset varvas- ja naulaanastumissuoja suojaavat vaativissakinolosuhteissa. Lesti: normaali<\/p>\n<p>Hakusanat: turvakeng\u00e4t, nilkkuri<\/p>\n","protected":false},"excerpt":{"rendered":"<p>Tilaustuote. Tuotteella on normaalia pidempi toimitusaika.Tilaustuotteella ei ole palautusoikeutta. Ulkomuodoltaan retrosti nykyaikainen Sievi Planar 3 -turvakenk\u00e4laajentaa ty\u00f6keng\u00e4n k\u00e4ytt\u00f6mukavuuden uusiin ulottuvuuksiin memory foam -nilkkasuojansa ansiosta: yksil\u00f6llisesti jalan muotoja mukaileva memoryfoam tukee miellytt\u00e4v\u00e4sti auttaen ehk\u00e4isem\u00e4\u00e4n nilkkavammoja. Mukavuudenmaksimoivat 3D-dry-vuori sek\u00e4 kaksoisvaimennetut Dual-pohjalliset.Ter\u00e4ksiset varvas- ja naulaanastumissuoja suojaavat vaativissakinolosuhteissa. Lesti: normaali Hakusanat: turvakeng\u00e4t, nilkkuri<\/p>\n","protected":false},"featured_media":103655,"comment_status":"open","ping_status":"closed","template":"","meta":[],"product_brand":[],"product_cat":[3415],"product_tag":[],"class_list":{"0":"post-74171","1":"product","2":"type-product","3":"status-publish","4":"has-post-thumbnail","6":"product_cat-henkilonsuojaimet-ja-tyoturvallisuus-jalkineet-turvakengat","8":"first","9":"instock","10":"shipping-taxable","11":"purchasable","12":"product-type-simple"},"_links":{"self":[{"href":"https:\/\/logistiikkakeskus.net\/kauppa\/wp-json\/wp\/v2\/product\/74171","targetHints":{"allow":["GET"]}}],"collection":[{"href":"https:\/\/logistiikkakeskus.net\/kauppa\/wp-json\/wp\/v2\/product"}],"about":[{"href":"https:\/\/logistiikkakeskus.net\/kauppa\/wp-json\/wp\/v2\/types\/product"}],"replies":[{"embeddable":true,"href":"https:\/\/logistiikkakeskus.net\/kauppa\/wp-json\/wp\/v2\/comments?post=74171"}],"wp:featuredmedia":[{"embeddable":true,"href":"https:\/\/logistiikkakeskus.net\/kauppa\/wp-json\/wp\/v2\/media\/103655"}],"wp:attachment":[{"href":"https:\/\/logistiikkakeskus.net\/kauppa\/wp-json\/wp\/v2\/media?parent=74171"}],"wp:term":[{"taxonomy":"product_brand","embeddable":true,"href":"https:\/\/logistiikkakeskus.net\/kauppa\/wp-json\/wp\/v2\/product_brand?post=74171"},{"taxonomy":"product_cat","embeddable":true,"href":"https:\/\/logistiikkakeskus.net\/kauppa\/wp-json\/wp\/v2\/product_cat?post=74171"},{"taxonomy":"product_tag","embeddable":true,"href":"https:\/\/logistiikkakeskus.net\/kauppa\/wp-json\/wp\/v2\/product_tag?post=74171"}],"curies":[{"name":"wp","href":"https:\/\/api.w.org\/{rel}","templated":true}]}}