{"id":74121,"date":"2022-12-01T09:34:12","date_gmt":"2022-12-01T09:34:12","guid":{"rendered":"https:\/\/logistiikkakeskus.net\/kauppa\/tuote\/turvajalkine-sievi-racer-tr-roller-s3-48\/"},"modified":"2026-01-20T09:18:34","modified_gmt":"2026-01-20T07:18:34","slug":"turvajalkine-sievi-racer-tr-roller-s3-48","status":"publish","type":"product","link":"https:\/\/logistiikkakeskus.net\/kauppa\/tuote\/turvajalkine-sievi-racer-tr-roller-s3-48\/","title":{"rendered":"Turvajalkine Racer TR Roller S3 48"},"content":{"rendered":"<p>Tilaustuote. Tuotteella on normaalia pidempi toimitusaika.Tilaustuotteella ei ole palautusoikeutta.<\/p>\n<p>Sievi Racer TR Roller on puolikenk\u00e4 alumiinisellavarvassuojalla jater\u00e4ksisell\u00e4 naulaanastumissuojalla. Turvajalkineen erinomainen pito jakulutuskest\u00e4vyys on varmistettu TractionPro-kitkapohjalla. FlexEnergy -joustoelementti sitoo syntyv\u00e4\u00e4 liike-energiaa ja yli 55 prosenttiaenergiasta palautuu askellukseesi. K\u00e4ytt\u00f6mukavuutta lis\u00e4\u00e4 BOA Fit System-kiristysmekanismi. Lesti: normaali<\/p>\n<p>Hakusanat: turvakenk\u00e4, turvakeng\u00e4t<\/p>\n","protected":false},"excerpt":{"rendered":"<p>Tilaustuote. Tuotteella on normaalia pidempi toimitusaika.Tilaustuotteella ei ole palautusoikeutta. Sievi Racer TR Roller on puolikenk\u00e4 alumiinisellavarvassuojalla jater\u00e4ksisell\u00e4 naulaanastumissuojalla. Turvajalkineen erinomainen pito jakulutuskest\u00e4vyys on varmistettu TractionPro-kitkapohjalla. FlexEnergy -joustoelementti sitoo syntyv\u00e4\u00e4 liike-energiaa ja yli 55 prosenttiaenergiasta palautuu askellukseesi. K\u00e4ytt\u00f6mukavuutta lis\u00e4\u00e4 BOA Fit System-kiristysmekanismi. Lesti: normaali Hakusanat: turvakenk\u00e4, turvakeng\u00e4t<\/p>\n","protected":false},"featured_media":0,"comment_status":"open","ping_status":"closed","template":"","meta":[],"product_brand":[],"product_cat":[3415],"product_tag":[],"class_list":{"0":"post-74121","1":"product","2":"type-product","3":"status-publish","5":"product_cat-henkilonsuojaimet-ja-tyoturvallisuus-jalkineet-turvakengat","7":"first","8":"instock","9":"shipping-taxable","10":"purchasable","11":"product-type-simple"},"_links":{"self":[{"href":"https:\/\/logistiikkakeskus.net\/kauppa\/wp-json\/wp\/v2\/product\/74121","targetHints":{"allow":["GET"]}}],"collection":[{"href":"https:\/\/logistiikkakeskus.net\/kauppa\/wp-json\/wp\/v2\/product"}],"about":[{"href":"https:\/\/logistiikkakeskus.net\/kauppa\/wp-json\/wp\/v2\/types\/product"}],"replies":[{"embeddable":true,"href":"https:\/\/logistiikkakeskus.net\/kauppa\/wp-json\/wp\/v2\/comments?post=74121"}],"wp:attachment":[{"href":"https:\/\/logistiikkakeskus.net\/kauppa\/wp-json\/wp\/v2\/media?parent=74121"}],"wp:term":[{"taxonomy":"product_brand","embeddable":true,"href":"https:\/\/logistiikkakeskus.net\/kauppa\/wp-json\/wp\/v2\/product_brand?post=74121"},{"taxonomy":"product_cat","embeddable":true,"href":"https:\/\/logistiikkakeskus.net\/kauppa\/wp-json\/wp\/v2\/product_cat?post=74121"},{"taxonomy":"product_tag","embeddable":true,"href":"https:\/\/logistiikkakeskus.net\/kauppa\/wp-json\/wp\/v2\/product_tag?post=74121"}],"curies":[{"name":"wp","href":"https:\/\/api.w.org\/{rel}","templated":true}]}}