{"id":74107,"date":"2022-12-01T09:34:08","date_gmt":"2022-12-01T09:34:08","guid":{"rendered":"https:\/\/logistiikkakeskus.net\/kauppa\/tuote\/turvajalkine-sievi-rollers3-40\/"},"modified":"2026-01-20T09:18:33","modified_gmt":"2026-01-20T07:18:33","slug":"turvajalkine-sievi-rollers3-40","status":"publish","type":"product","link":"https:\/\/logistiikkakeskus.net\/kauppa\/tuote\/turvajalkine-sievi-rollers3-40\/","title":{"rendered":"Turvajalkine Sievi Roller+ S3 40"},"content":{"rendered":"<p>Sievi Roller on varustettu helppok\u00e4ytt\u00f6isell\u00e4 ja kest\u00e4v\u00e4ll\u00e4,patentoidulla BOA-kiristysmekanismilla. BOA-mekanismi antaa mukavuuttaturvajalkineiden k\u00e4ytt\u00e4jille: vain rullan py\u00f6r\u00e4ytys ja saat s\u00e4\u00e4detty\u00e4jalkineiden istuvuuden juuri sinun jaloillesi sopivaksi. Jalkineet ovatmy\u00f6s nopeat ja helpot riisua: nauhoitus vapautuu vaivattomastinostamalla rullaa. Varvassuoja ja naulaanastumissuoja komposiittia.P\u00e4\u00e4llinen mikrokuitua, PU-nahkaa ja tekstiili\u00e4. Lesti: normaali<\/p>\n<p>Hakusanat: turvakenk\u00e4, turvakeng\u00e4t<\/p>\n","protected":false},"excerpt":{"rendered":"<p>Sievi Roller on varustettu helppok\u00e4ytt\u00f6isell\u00e4 ja kest\u00e4v\u00e4ll\u00e4,patentoidulla BOA-kiristysmekanismilla. BOA-mekanismi antaa mukavuuttaturvajalkineiden k\u00e4ytt\u00e4jille: vain rullan py\u00f6r\u00e4ytys ja saat s\u00e4\u00e4detty\u00e4jalkineiden istuvuuden juuri sinun jaloillesi sopivaksi. Jalkineet ovatmy\u00f6s nopeat ja helpot riisua: nauhoitus vapautuu vaivattomastinostamalla rullaa. Varvassuoja ja naulaanastumissuoja komposiittia.P\u00e4\u00e4llinen mikrokuitua, PU-nahkaa ja tekstiili\u00e4. Lesti: normaali Hakusanat: turvakenk\u00e4, turvakeng\u00e4t<\/p>\n","protected":false},"featured_media":103647,"comment_status":"open","ping_status":"closed","template":"","meta":[],"product_brand":[],"product_cat":[3415],"product_tag":[],"class_list":{"0":"post-74107","1":"product","2":"type-product","3":"status-publish","4":"has-post-thumbnail","6":"product_cat-henkilonsuojaimet-ja-tyoturvallisuus-jalkineet-turvakengat","8":"first","9":"instock","10":"shipping-taxable","11":"purchasable","12":"product-type-simple"},"_links":{"self":[{"href":"https:\/\/logistiikkakeskus.net\/kauppa\/wp-json\/wp\/v2\/product\/74107","targetHints":{"allow":["GET"]}}],"collection":[{"href":"https:\/\/logistiikkakeskus.net\/kauppa\/wp-json\/wp\/v2\/product"}],"about":[{"href":"https:\/\/logistiikkakeskus.net\/kauppa\/wp-json\/wp\/v2\/types\/product"}],"replies":[{"embeddable":true,"href":"https:\/\/logistiikkakeskus.net\/kauppa\/wp-json\/wp\/v2\/comments?post=74107"}],"wp:featuredmedia":[{"embeddable":true,"href":"https:\/\/logistiikkakeskus.net\/kauppa\/wp-json\/wp\/v2\/media\/103647"}],"wp:attachment":[{"href":"https:\/\/logistiikkakeskus.net\/kauppa\/wp-json\/wp\/v2\/media?parent=74107"}],"wp:term":[{"taxonomy":"product_brand","embeddable":true,"href":"https:\/\/logistiikkakeskus.net\/kauppa\/wp-json\/wp\/v2\/product_brand?post=74107"},{"taxonomy":"product_cat","embeddable":true,"href":"https:\/\/logistiikkakeskus.net\/kauppa\/wp-json\/wp\/v2\/product_cat?post=74107"},{"taxonomy":"product_tag","embeddable":true,"href":"https:\/\/logistiikkakeskus.net\/kauppa\/wp-json\/wp\/v2\/product_tag?post=74107"}],"curies":[{"name":"wp","href":"https:\/\/api.w.org\/{rel}","templated":true}]}}