{"id":74089,"date":"2022-12-01T09:34:02","date_gmt":"2022-12-01T09:34:02","guid":{"rendered":"https:\/\/logistiikkakeskus.net\/kauppa\/tuote\/pohjalliset-sievi-dual-xl-high-arch-41\/"},"modified":"2026-01-20T09:18:33","modified_gmt":"2026-01-20T07:18:33","slug":"pohjalliset-sievi-dual-xl-high-arch-41","status":"publish","type":"product","link":"https:\/\/logistiikkakeskus.net\/kauppa\/tuote\/pohjalliset-sievi-dual-xl-high-arch-41\/","title":{"rendered":"Pohjalliset Sievi Dual + XL High Arch 41"},"content":{"rendered":"<p>Tilaustuote. Tuotteella normaalia pidempi toimitusaika.Tilaustuotteella ei ole palautusoikeutta.<\/p>\n<p>Sievi Dual Comfort Plus: High Arch -pohjalliset sopivathenkil\u00f6ille,joilla on korkea jalkaholvin kaari. Dual Comfort Plus -pohjallinenrakentuu miellytt\u00e4v\u00e4st\u00e4 pintamateriaalista, hengitt\u00e4v\u00e4st\u00e4 ja nopeastikuivuvasta v\u00e4likerroksesta sek\u00e4 iskuja vaimentavasta EVA-pohjakerroksesta.<\/p>\n<p>Kantaosan ja p\u00e4ki\u00e4n PORON-iskuvaimennustyynyt vaimentavatulkopuolisia iskuja. Pohjallisessa on lis\u00e4ksi kiertoj\u00e4ykkyytt\u00e4 parantavaSieviBalance-holvikaarentuki. Antistaattinen ja ESD-hyv\u00e4ksytty. Pest\u00e4\u00e4nk\u00e4sin. Leve\u00e4 XL-lesti. Sopii erityisesti Sievin valmistamiin XL-lestinjalkineisiin.<\/p>\n<p>Hakusanat: pohjallinen, keng\u00e4npohjallinen<\/p>\n","protected":false},"excerpt":{"rendered":"<p>Tilaustuote. Tuotteella normaalia pidempi toimitusaika.Tilaustuotteella ei ole palautusoikeutta. Sievi Dual Comfort Plus: High Arch -pohjalliset sopivathenkil\u00f6ille,joilla on korkea jalkaholvin kaari. Dual Comfort Plus -pohjallinenrakentuu miellytt\u00e4v\u00e4st\u00e4 pintamateriaalista, hengitt\u00e4v\u00e4st\u00e4 ja nopeastikuivuvasta v\u00e4likerroksesta sek\u00e4 iskuja vaimentavasta EVA-pohjakerroksesta. Kantaosan ja p\u00e4ki\u00e4n PORON-iskuvaimennustyynyt vaimentavatulkopuolisia iskuja. Pohjallisessa on lis\u00e4ksi kiertoj\u00e4ykkyytt\u00e4 parantavaSieviBalance-holvikaarentuki. Antistaattinen ja ESD-hyv\u00e4ksytty. Pest\u00e4\u00e4nk\u00e4sin. Leve\u00e4 XL-lesti. Sopii erityisesti Sievin valmistamiin [&hellip;]<\/p>\n","protected":false},"featured_media":103638,"comment_status":"open","ping_status":"closed","template":"","meta":[],"product_brand":[],"product_cat":[3391],"product_tag":[],"class_list":{"0":"post-74089","1":"product","2":"type-product","3":"status-publish","4":"has-post-thumbnail","6":"product_cat-vaatteet-jalkineet-pohjalliset-ja-syylinkit","8":"first","9":"instock","10":"shipping-taxable","11":"purchasable","12":"product-type-simple"},"_links":{"self":[{"href":"https:\/\/logistiikkakeskus.net\/kauppa\/wp-json\/wp\/v2\/product\/74089","targetHints":{"allow":["GET"]}}],"collection":[{"href":"https:\/\/logistiikkakeskus.net\/kauppa\/wp-json\/wp\/v2\/product"}],"about":[{"href":"https:\/\/logistiikkakeskus.net\/kauppa\/wp-json\/wp\/v2\/types\/product"}],"replies":[{"embeddable":true,"href":"https:\/\/logistiikkakeskus.net\/kauppa\/wp-json\/wp\/v2\/comments?post=74089"}],"wp:featuredmedia":[{"embeddable":true,"href":"https:\/\/logistiikkakeskus.net\/kauppa\/wp-json\/wp\/v2\/media\/103638"}],"wp:attachment":[{"href":"https:\/\/logistiikkakeskus.net\/kauppa\/wp-json\/wp\/v2\/media?parent=74089"}],"wp:term":[{"taxonomy":"product_brand","embeddable":true,"href":"https:\/\/logistiikkakeskus.net\/kauppa\/wp-json\/wp\/v2\/product_brand?post=74089"},{"taxonomy":"product_cat","embeddable":true,"href":"https:\/\/logistiikkakeskus.net\/kauppa\/wp-json\/wp\/v2\/product_cat?post=74089"},{"taxonomy":"product_tag","embeddable":true,"href":"https:\/\/logistiikkakeskus.net\/kauppa\/wp-json\/wp\/v2\/product_tag?post=74089"}],"curies":[{"name":"wp","href":"https:\/\/api.w.org\/{rel}","templated":true}]}}