{"id":74035,"date":"2022-12-01T09:33:44","date_gmt":"2022-12-01T09:33:44","guid":{"rendered":"https:\/\/logistiikkakeskus.net\/kauppa\/tuote\/pohjalliset-sievi-dual-comfort-47\/"},"modified":"2026-01-20T09:18:31","modified_gmt":"2026-01-20T07:18:31","slug":"pohjalliset-sievi-dual-comfort-47","status":"publish","type":"product","link":"https:\/\/logistiikkakeskus.net\/kauppa\/tuote\/pohjalliset-sievi-dual-comfort-47\/","title":{"rendered":"Pohjalliset Sievi Dual Comfort 47"},"content":{"rendered":"<p>Pohjallisissa on iskuja ja rasitusta v\u00e4hent\u00e4v\u00e4iskunvaimennustyynysek\u00e4 kantaosalla ett\u00e4 p\u00e4ki\u00e4n alla. Iskunvaimennustyynyn materiaali PORONon eritt\u00e4in kest\u00e4v\u00e4\u00e4 ja pit\u00e4\u00e4 ominaisuutensa rikkoutumatta kovassakinp\u00e4ivitt\u00e4isess\u00e4 k\u00e4yt\u00f6ss\u00e4. Pohjallinen t\u00e4ytt\u00e4\u00e4 ESD-normit. Pest\u00e4\u00e4n k\u00e4sin.Lesti: normaali<\/p>\n<p>Hakusanat: pohjallinen, keng\u00e4npohjallinen<\/p>\n","protected":false},"excerpt":{"rendered":"<p>Pohjallisissa on iskuja ja rasitusta v\u00e4hent\u00e4v\u00e4iskunvaimennustyynysek\u00e4 kantaosalla ett\u00e4 p\u00e4ki\u00e4n alla. Iskunvaimennustyynyn materiaali PORONon eritt\u00e4in kest\u00e4v\u00e4\u00e4 ja pit\u00e4\u00e4 ominaisuutensa rikkoutumatta kovassakinp\u00e4ivitt\u00e4isess\u00e4 k\u00e4yt\u00f6ss\u00e4. Pohjallinen t\u00e4ytt\u00e4\u00e4 ESD-normit. Pest\u00e4\u00e4n k\u00e4sin.Lesti: normaali Hakusanat: pohjallinen, keng\u00e4npohjallinen<\/p>\n","protected":false},"featured_media":103623,"comment_status":"open","ping_status":"closed","template":"","meta":[],"product_brand":[],"product_cat":[3391],"product_tag":[],"class_list":{"0":"post-74035","1":"product","2":"type-product","3":"status-publish","4":"has-post-thumbnail","6":"product_cat-vaatteet-jalkineet-pohjalliset-ja-syylinkit","8":"first","9":"instock","10":"shipping-taxable","11":"purchasable","12":"product-type-simple"},"_links":{"self":[{"href":"https:\/\/logistiikkakeskus.net\/kauppa\/wp-json\/wp\/v2\/product\/74035","targetHints":{"allow":["GET"]}}],"collection":[{"href":"https:\/\/logistiikkakeskus.net\/kauppa\/wp-json\/wp\/v2\/product"}],"about":[{"href":"https:\/\/logistiikkakeskus.net\/kauppa\/wp-json\/wp\/v2\/types\/product"}],"replies":[{"embeddable":true,"href":"https:\/\/logistiikkakeskus.net\/kauppa\/wp-json\/wp\/v2\/comments?post=74035"}],"wp:featuredmedia":[{"embeddable":true,"href":"https:\/\/logistiikkakeskus.net\/kauppa\/wp-json\/wp\/v2\/media\/103623"}],"wp:attachment":[{"href":"https:\/\/logistiikkakeskus.net\/kauppa\/wp-json\/wp\/v2\/media?parent=74035"}],"wp:term":[{"taxonomy":"product_brand","embeddable":true,"href":"https:\/\/logistiikkakeskus.net\/kauppa\/wp-json\/wp\/v2\/product_brand?post=74035"},{"taxonomy":"product_cat","embeddable":true,"href":"https:\/\/logistiikkakeskus.net\/kauppa\/wp-json\/wp\/v2\/product_cat?post=74035"},{"taxonomy":"product_tag","embeddable":true,"href":"https:\/\/logistiikkakeskus.net\/kauppa\/wp-json\/wp\/v2\/product_tag?post=74035"}],"curies":[{"name":"wp","href":"https:\/\/api.w.org\/{rel}","templated":true}]}}